{"id":441,"date":"2025-09-04T13:06:54","date_gmt":"2025-09-04T10:06:54","guid":{"rendered":"https:\/\/johanbutzow.fi\/hinnasto\/"},"modified":"2026-01-26T10:40:04","modified_gmt":"2026-01-26T08:40:04","slug":"priser","status":"publish","type":"page","link":"https:\/\/johanbutzow.fi\/sv\/priser\/","title":{"rendered":"Priser"},"content":{"rendered":"<p>[et_pb_section fb_built=&#8221;1&#8243; module_class=&#8221;header&#8211;section&#8221; _builder_version=&#8221;4.27.4&#8243; _module_preset=&#8221;default&#8221; use_background_color_gradient=&#8221;on&#8221; background_color_gradient_stops=&#8221;rgba(26,26,26,0.95) 0%|rgba(26,26,26,0.83) 100%&#8221; background_color_gradient_overlays_image=&#8221;on&#8221; background_image=&#8221;\/wp-content\/uploads\/2025\/09\/ASIANAJOTOIMISTO-JOHAN-BUTZOW-hinnasto.jpg&#8221; global_colors_info=&#8221;{}&#8221;][et_pb_row module_class=&#8221;header&#8211;row&#8221; _builder_version=&#8221;4.27.4&#8243; _module_preset=&#8221;default&#8221; global_colors_info=&#8221;{}&#8221;][et_pb_column type=&#8221;4_4&#8243; _builder_version=&#8221;4.27.4&#8243; _module_preset=&#8221;default&#8221; global_colors_info=&#8221;{}&#8221;][et_pb_heading title=&#8221;Priser&#8221; admin_label=&#8221;Priser&#8221; module_class=&#8221;mb&#8211;0&#8243; _builder_version=&#8221;4.27.4&#8243; _module_preset=&#8221;default&#8221; title_level=&#8221;h4&#8243; global_colors_info=&#8221;{}&#8221;][\/et_pb_heading][et_pb_heading title=&#8221;\u00d6ppen priss\u00e4ttning&#8221; _builder_version=&#8221;4.27.4&#8243; _module_preset=&#8221;default&#8221; global_colors_info=&#8221;{}&#8221;][\/et_pb_heading][\/et_pb_column][\/et_pb_row][\/et_pb_section][et_pb_section fb_built=&#8221;1&#8243; module_class=&#8221;content&#8211;section bg&#8211;custom&#8211;2&#8211;alpha&#8221; _builder_version=&#8221;4.27.5&#8243; _module_preset=&#8221;default&#8221; hover_enabled=&#8221;0&#8243; global_colors_info=&#8221;{}&#8221; disabled_on=&#8221;on|on|on&#8221; disabled=&#8221;on&#8221; sticky_enabled=&#8221;0&#8243;][et_pb_row module_class=&#8221;content&#8211;row&#8221; _builder_version=&#8221;4.27.4&#8243; _module_preset=&#8221;default&#8221; global_colors_info=&#8221;{}&#8221;][et_pb_column type=&#8221;4_4&#8243; _builder_version=&#8221;4.27.4&#8243; _module_preset=&#8221;default&#8221; global_colors_info=&#8221;{}&#8221;][et_pb_heading title=&#8221;Priss\u00e4ttning&#8221; module_class=&#8221;text&#8211;center&#8221; _builder_version=&#8221;4.27.4&#8243; _module_preset=&#8221;default&#8221; title_level=&#8221;h2&#8243; global_colors_info=&#8221;{}&#8221;][\/et_pb_heading][\/et_pb_column][\/et_pb_row][et_pb_row column_structure=&#8221;1_3,1_3,1_3&#8243; use_custom_gutter=&#8221;on&#8221; gutter_width=&#8221;2&#8243; make_equal=&#8221;on&#8221; _builder_version=&#8221;4.27.4&#8243; _module_preset=&#8221;default&#8221; global_colors_info=&#8221;{}&#8221;][et_pb_column type=&#8221;1_3&#8243; _builder_version=&#8221;4.27.4&#8243; _module_preset=&#8221;default&#8221; global_colors_info=&#8221;{}&#8221;][\/et_pb_column][et_pb_column type=&#8221;1_3&#8243; module_class=&#8221;price&#8211;column suosittu&#8221; _builder_version=&#8221;4.27.4&#8243; _module_preset=&#8221;default&#8221; global_colors_info=&#8221;{}&#8221;][et_pb_heading title=&#8221;Timavgift&#8221; admin_label=&#8221;Timavgift&#8221; module_class=&#8221;text&#8211;center&#8221; _builder_version=&#8221;4.27.4&#8243; _module_preset=&#8221;default&#8221; title_level=&#8221;h3&#8243; global_colors_info=&#8221;{}&#8221;][\/et_pb_heading][et_pb_text admin_label=&#8221;200 &#8211; 280\u20ac&#8221; module_class=&#8221;hinta text&#8211;center mb&#8211;0&#8243; _builder_version=&#8221;4.27.4&#8243; _module_preset=&#8221;default&#8221; global_colors_info=&#8221;{}&#8221;]200 &#8211; 280\u20ac[\/et_pb_text][et_pb_text admin_label=&#8221;+ moms (251-351,40\u20ac)&#8221; module_class=&#8221;alv text&#8211;center&#8221; _builder_version=&#8221;4.27.4&#8243; _module_preset=&#8221;default&#8221; global_colors_info=&#8221;{}&#8221;]+ moms (251-351,40\u20ac)[\/et_pb_text][et_pb_blurb use_icon=&#8221;on&#8221; font_icon=&#8221;&#x4e;||divi||400&#8243; icon_placement=&#8221;left&#8221; admin_label=&#8221;Aktiv arbetstid&#8221; module_class=&#8221;custom&#8211;blurb&#8211;horizontal&#8221; _builder_version=&#8221;4.27.4&#8243; _module_preset=&#8221;default&#8221; animation=&#8221;off&#8221; global_colors_info=&#8221;{}&#8221;]Aktiv arbetstid[\/et_pb_blurb][et_pb_blurb use_icon=&#8221;on&#8221; font_icon=&#8221;&#x4e;||divi||400&#8243; icon_placement=&#8221;left&#8221; admin_label=&#8221;Telefon- och e-postkonsultation ing\u00e5r&#8221; module_class=&#8221;custom&#8211;blurb&#8211;horizontal&#8221; _builder_version=&#8221;4.27.4&#8243; _module_preset=&#8221;default&#8221; animation=&#8221;off&#8221; global_colors_info=&#8221;{}&#8221;]Telefon- och e-postkonsultation ing\u00e5r[\/et_pb_blurb][et_pb_blurb use_icon=&#8221;on&#8221; font_icon=&#8221;&#x4e;||divi||400&#8243; icon_placement=&#8221;left&#8221; admin_label=&#8221;Sm\u00e5 kopieringskostnader ing\u00e5r&#8221; module_class=&#8221;custom&#8211;blurb&#8211;horizontal&#8221; _builder_version=&#8221;4.27.4&#8243; _module_preset=&#8221;default&#8221; animation=&#8221;off&#8221; global_colors_info=&#8221;{}&#8221;]Sm\u00e5 kopieringskostnader ing\u00e5r[\/et_pb_blurb][et_pb_blurb use_icon=&#8221;on&#8221; font_icon=&#8221;&#x4e;||divi||400&#8243; icon_placement=&#8221;left&#8221; admin_label=&#8221;Timl\u00f6n under rusningstid&#8221; module_class=&#8221;custom&#8211;blurb&#8211;horizontal&#8221; _builder_version=&#8221;4.27.4&#8243; _module_preset=&#8221;default&#8221; animation=&#8221;off&#8221; global_colors_info=&#8221;{}&#8221;]Timl\u00f6n under rusningstid[\/et_pb_blurb][et_pb_button button_url=&#8221;\/sv\/kontakt\/&#8221; button_text=&#8221;Beg\u00e4r en offert&#8221; button_alignment=&#8221;center&#8221; _builder_version=&#8221;4.27.4&#8243; _module_preset=&#8221;default&#8221; custom_button=&#8221;on&#8221; button_icon=&#8221;&#x24;||divi||400&#8243; button_on_hover=&#8221;off&#8221; global_colors_info=&#8221;{}&#8221;][\/et_pb_button][\/et_pb_column][et_pb_column type=&#8221;1_3&#8243; _builder_version=&#8221;4.27.4&#8243; _module_preset=&#8221;default&#8221; global_colors_info=&#8221;{}&#8221;][\/et_pb_column][\/et_pb_row][\/et_pb_section][et_pb_section fb_built=&#8221;1&#8243; module_class=&#8221;content&#8211;section&#8221; _builder_version=&#8221;4.27.4&#8243; _module_preset=&#8221;default&#8221; global_colors_info=&#8221;{}&#8221;][et_pb_row module_class=&#8221;content&#8211;row width&#8211;800&#8243; _builder_version=&#8221;4.27.4&#8243; _module_preset=&#8221;default&#8221; global_colors_info=&#8221;{}&#8221;][et_pb_column type=&#8221;4_4&#8243; _builder_version=&#8221;4.27.4&#8243; _module_preset=&#8221;default&#8221; global_colors_info=&#8221;{}&#8221;][et_pb_heading title=&#8221;Tidsdebitering&#8221; admin_label=&#8221;Tidsdebitering&#8221; _builder_version=&#8221;4.27.4&#8243; _module_preset=&#8221;default&#8221; title_level=&#8221;h3&#8243; global_colors_info=&#8221;{}&#8221;][\/et_pb_heading][et_pb_text _builder_version=&#8221;4.27.4&#8243; _module_preset=&#8221;default&#8221; global_colors_info=&#8221;{}&#8221;]V\u00e5r fakturering baseras p\u00e5 timtaxa, och vi debiterar f\u00f6r den faktiska tid som l\u00e4ggs ner p\u00e5 uppdraget.<\/p>\n<p>V\u00e5r timdebitering varierar mellan 220\u2013260 euro (276,10 \u2013 326,30 euro inkl. moms) beroende p\u00e5 \u00e4rendets art och omfattning. Debiteringen avtalas alltid i b\u00f6rjan av uppdraget.<\/p>\n<p>Den minsta tidsenheten som anv\u00e4nds i tidsdebiteringen \u00e4r 15 minuter och den anv\u00e4nda tiden avrundas alltid till n\u00e4sta 15 minuter.<\/p>\n<p>Ut\u00f6ver tidsbaserad debitering fakturerar vi extra kostnader separat, till exempel myndighetsavgifter eller avgifter f\u00f6r handlingar. Vanliga kontorskostnader som telefon-, post- och kopieringskostnader ing\u00e5r i avgiften. Kostnader som \u00f6verstiger det sedvanliga faktureras separat.<\/p>\n<p>Om kunden har r\u00e4ttsskyddsf\u00f6rs\u00e4kring fakturerar vi f\u00f6rs\u00e4kringsbolaget direkt, och kunden betalar sj\u00e4lvrisken som f\u00f6rs\u00e4kringsbolaget inte ers\u00e4tter.<\/p>\n<p><strong>Telefonr\u00e5dgivning p\u00e5 allm\u00e4n niv\u00e5 \u00e4r kostnadsfri.<\/strong>[\/et_pb_text][\/et_pb_column][\/et_pb_row][et_pb_row module_class=&#8221;content&#8211;row width&#8211;800&#8243; _builder_version=&#8221;4.27.4&#8243; _module_preset=&#8221;default&#8221; global_colors_info=&#8221;{}&#8221;][et_pb_column type=&#8221;4_4&#8243; _builder_version=&#8221;4.27.4&#8243; _module_preset=&#8221;default&#8221; global_colors_info=&#8221;{}&#8221;][et_pb_heading title=&#8221;R\u00e4ttsskyddsf\u00f6rs\u00e4kring och allm\u00e4n r\u00e4ttshj\u00e4lp&#8221; admin_label=&#8221;R\u00e4ttsskyddsf\u00f6rs\u00e4kring och allm\u00e4n r\u00e4ttshj\u00e4lp&#8221; _builder_version=&#8221;4.27.4&#8243; _module_preset=&#8221;default&#8221; title_level=&#8221;h3&#8243; global_colors_info=&#8221;{}&#8221;][\/et_pb_heading][et_pb_text _builder_version=&#8221;4.27.4&#8243; _module_preset=&#8221;default&#8221; global_colors_info=&#8221;{}&#8221;]R\u00e4ttsskyddsf\u00f6rs\u00e4kringen ing\u00e5r ofta i hem- eller f\u00f6retagsf\u00f6rs\u00e4kringen. I samband med ett uppdrag utreder vi alltid kundens m\u00f6jlighet att f\u00e5 r\u00e4ttsskydd och ans\u00f6ker direkt om r\u00e4ttsskyddsf\u00f6rm\u00e5n hos f\u00f6rs\u00e4kringsbolaget. R\u00e4ttsskyddsf\u00f6rs\u00e4kringen ers\u00e4tter kostnaderna i en tvist upp till det belopp som anges i f\u00f6rs\u00e4kringsvillkoren.<\/p>\n<p>Vi utreder \u00e4ven privatpersoners m\u00f6jlighet att erh\u00e5lla r\u00e4ttshj\u00e4lp fr\u00e5n statliga medel.<\/p>\n<p><a href=\"\/sv\/kontakt\/\">Kontakta oss g\u00e4rna f\u00f6r mer information<\/a>[\/et_pb_text][\/et_pb_column][\/et_pb_row][\/et_pb_section]<\/p>\n","protected":false},"excerpt":{"rendered":"<p>200 &#8211; 280\u20ac+ moms (251-351,40\u20ac)Aktiv arbetstidTelefon- och e-postkonsultation ing\u00e5rSm\u00e5 kopieringskostnader ing\u00e5rTiml\u00f6n under rusningstidV\u00e5r fakturering baseras p\u00e5 timtaxa, och vi debiterar f\u00f6r den faktiska tid som l\u00e4ggs ner p\u00e5 uppdraget. V\u00e5r timdebitering varierar mellan 220\u2013260 euro (276,10 \u2013 326,30 euro inkl. moms) beroende p\u00e5 \u00e4rendets art och omfattning. Debiteringen avtalas alltid i b\u00f6rjan av uppdraget. Den [&hellip;]<\/p>\n","protected":false},"author":1,"featured_media":0,"parent":0,"menu_order":0,"comment_status":"closed","ping_status":"closed","template":"","meta":{"_et_pb_use_builder":"on","_et_pb_old_content":"","_et_gb_content_width":"","footnotes":""},"class_list":["post-441","page","type-page","status-publish","hentry"],"yoast_head":"<!-- This site is optimized with the Yoast SEO plugin v27.4 - https:\/\/yoast.com\/product\/yoast-seo-wordpress\/ -->\n<title>Priser - Asianajotoimisto Johan Butzow Oy<\/title>\n<meta name=\"robots\" content=\"index, follow, max-snippet:-1, max-image-preview:large, max-video-preview:-1\" \/>\n<link rel=\"canonical\" href=\"https:\/\/johanbutzow.fi\/sv\/priser\/\" \/>\n<meta property=\"og:locale\" content=\"sv_SE\" \/>\n<meta property=\"og:type\" content=\"article\" \/>\n<meta property=\"og:title\" content=\"Priser - Asianajotoimisto Johan Butzow Oy\" \/>\n<meta property=\"og:description\" content=\"200 - 280\u20ac+ moms (251-351,40\u20ac)Aktiv arbetstidTelefon- och e-postkonsultation ing\u00e5rSm\u00e5 kopieringskostnader ing\u00e5rTiml\u00f6n under rusningstidV\u00e5r fakturering baseras p\u00e5 timtaxa, och vi debiterar f\u00f6r den faktiska tid som l\u00e4ggs ner p\u00e5 uppdraget. V\u00e5r timdebitering varierar mellan 220\u2013260 euro (276,10 \u2013 326,30 euro inkl. moms) beroende p\u00e5 \u00e4rendets art och omfattning. Debiteringen avtalas alltid i b\u00f6rjan av uppdraget. Den [&hellip;]\" \/>\n<meta property=\"og:url\" content=\"https:\/\/johanbutzow.fi\/sv\/priser\/\" \/>\n<meta property=\"og:site_name\" content=\"Asianajotoimisto Johan Butzow Oy\" \/>\n<meta property=\"article:modified_time\" content=\"2026-01-26T08:40:04+00:00\" \/>\n<meta name=\"twitter:card\" content=\"summary_large_image\" \/>\n<meta name=\"twitter:label1\" content=\"Ber\u00e4knad l\u00e4stid\" \/>\n\t<meta name=\"twitter:data1\" content=\"2 minuter\" \/>\n<script type=\"application\/ld+json\" class=\"yoast-schema-graph\">{\"@context\":\"https:\\\/\\\/schema.org\",\"@graph\":[{\"@type\":\"WebPage\",\"@id\":\"https:\\\/\\\/johanbutzow.fi\\\/sv\\\/priser\\\/\",\"url\":\"https:\\\/\\\/johanbutzow.fi\\\/sv\\\/priser\\\/\",\"name\":\"Priser - Asianajotoimisto Johan Butzow Oy\",\"isPartOf\":{\"@id\":\"https:\\\/\\\/johanbutzow.fi\\\/sv\\\/#website\"},\"datePublished\":\"2025-09-04T10:06:54+00:00\",\"dateModified\":\"2026-01-26T08:40:04+00:00\",\"breadcrumb\":{\"@id\":\"https:\\\/\\\/johanbutzow.fi\\\/sv\\\/priser\\\/#breadcrumb\"},\"inLanguage\":\"sv-SE\",\"potentialAction\":[{\"@type\":\"ReadAction\",\"target\":[\"https:\\\/\\\/johanbutzow.fi\\\/sv\\\/priser\\\/\"]}]},{\"@type\":\"BreadcrumbList\",\"@id\":\"https:\\\/\\\/johanbutzow.fi\\\/sv\\\/priser\\\/#breadcrumb\",\"itemListElement\":[{\"@type\":\"ListItem\",\"position\":1,\"name\":\"Home\",\"item\":\"https:\\\/\\\/johanbutzow.fi\\\/sv\\\/\"},{\"@type\":\"ListItem\",\"position\":2,\"name\":\"Priser\"}]},{\"@type\":\"WebSite\",\"@id\":\"https:\\\/\\\/johanbutzow.fi\\\/sv\\\/#website\",\"url\":\"https:\\\/\\\/johanbutzow.fi\\\/sv\\\/\",\"name\":\"Asianajotoimisto Johan Butzow Oy\",\"description\":\"\",\"potentialAction\":[{\"@type\":\"SearchAction\",\"target\":{\"@type\":\"EntryPoint\",\"urlTemplate\":\"https:\\\/\\\/johanbutzow.fi\\\/sv\\\/?s={search_term_string}\"},\"query-input\":{\"@type\":\"PropertyValueSpecification\",\"valueRequired\":true,\"valueName\":\"search_term_string\"}}],\"inLanguage\":\"sv-SE\"}]}<\/script>\n<!-- \/ Yoast SEO plugin. -->","yoast_head_json":{"title":"Priser - Asianajotoimisto Johan Butzow Oy","robots":{"index":"index","follow":"follow","max-snippet":"max-snippet:-1","max-image-preview":"max-image-preview:large","max-video-preview":"max-video-preview:-1"},"canonical":"https:\/\/johanbutzow.fi\/sv\/priser\/","og_locale":"sv_SE","og_type":"article","og_title":"Priser - Asianajotoimisto Johan Butzow Oy","og_description":"200 - 280\u20ac+ moms (251-351,40\u20ac)Aktiv arbetstidTelefon- och e-postkonsultation ing\u00e5rSm\u00e5 kopieringskostnader ing\u00e5rTiml\u00f6n under rusningstidV\u00e5r fakturering baseras p\u00e5 timtaxa, och vi debiterar f\u00f6r den faktiska tid som l\u00e4ggs ner p\u00e5 uppdraget. V\u00e5r timdebitering varierar mellan 220\u2013260 euro (276,10 \u2013 326,30 euro inkl. moms) beroende p\u00e5 \u00e4rendets art och omfattning. Debiteringen avtalas alltid i b\u00f6rjan av uppdraget. Den [&hellip;]","og_url":"https:\/\/johanbutzow.fi\/sv\/priser\/","og_site_name":"Asianajotoimisto Johan Butzow Oy","article_modified_time":"2026-01-26T08:40:04+00:00","twitter_card":"summary_large_image","twitter_misc":{"Ber\u00e4knad l\u00e4stid":"2 minuter"},"schema":{"@context":"https:\/\/schema.org","@graph":[{"@type":"WebPage","@id":"https:\/\/johanbutzow.fi\/sv\/priser\/","url":"https:\/\/johanbutzow.fi\/sv\/priser\/","name":"Priser - Asianajotoimisto Johan Butzow Oy","isPartOf":{"@id":"https:\/\/johanbutzow.fi\/sv\/#website"},"datePublished":"2025-09-04T10:06:54+00:00","dateModified":"2026-01-26T08:40:04+00:00","breadcrumb":{"@id":"https:\/\/johanbutzow.fi\/sv\/priser\/#breadcrumb"},"inLanguage":"sv-SE","potentialAction":[{"@type":"ReadAction","target":["https:\/\/johanbutzow.fi\/sv\/priser\/"]}]},{"@type":"BreadcrumbList","@id":"https:\/\/johanbutzow.fi\/sv\/priser\/#breadcrumb","itemListElement":[{"@type":"ListItem","position":1,"name":"Home","item":"https:\/\/johanbutzow.fi\/sv\/"},{"@type":"ListItem","position":2,"name":"Priser"}]},{"@type":"WebSite","@id":"https:\/\/johanbutzow.fi\/sv\/#website","url":"https:\/\/johanbutzow.fi\/sv\/","name":"Asianajotoimisto Johan Butzow Oy","description":"","potentialAction":[{"@type":"SearchAction","target":{"@type":"EntryPoint","urlTemplate":"https:\/\/johanbutzow.fi\/sv\/?s={search_term_string}"},"query-input":{"@type":"PropertyValueSpecification","valueRequired":true,"valueName":"search_term_string"}}],"inLanguage":"sv-SE"}]}},"_links":{"self":[{"href":"https:\/\/johanbutzow.fi\/sv\/wp-json\/wp\/v2\/pages\/441","targetHints":{"allow":["GET"]}}],"collection":[{"href":"https:\/\/johanbutzow.fi\/sv\/wp-json\/wp\/v2\/pages"}],"about":[{"href":"https:\/\/johanbutzow.fi\/sv\/wp-json\/wp\/v2\/types\/page"}],"author":[{"embeddable":true,"href":"https:\/\/johanbutzow.fi\/sv\/wp-json\/wp\/v2\/users\/1"}],"replies":[{"embeddable":true,"href":"https:\/\/johanbutzow.fi\/sv\/wp-json\/wp\/v2\/comments?post=441"}],"version-history":[{"count":5,"href":"https:\/\/johanbutzow.fi\/sv\/wp-json\/wp\/v2\/pages\/441\/revisions"}],"predecessor-version":[{"id":1007,"href":"https:\/\/johanbutzow.fi\/sv\/wp-json\/wp\/v2\/pages\/441\/revisions\/1007"}],"wp:attachment":[{"href":"https:\/\/johanbutzow.fi\/sv\/wp-json\/wp\/v2\/media?parent=441"}],"curies":[{"name":"wp","href":"https:\/\/api.w.org\/{rel}","templated":true}]}}