{"id":445,"date":"2025-09-04T14:02:26","date_gmt":"2025-09-04T11:02:26","guid":{"rendered":"https:\/\/johanbutzow.fi\/lakimiehet\/"},"modified":"2026-04-27T07:50:38","modified_gmt":"2026-04-27T04:50:38","slug":"vara-advokater-och-jurister","status":"publish","type":"page","link":"https:\/\/johanbutzow.fi\/sv\/vara-advokater-och-jurister\/","title":{"rendered":"V\u00e5ra advokater och jurister"},"content":{"rendered":"<p>[et_pb_section fb_built=&#8221;1&#8243; module_class=&#8221;header&#8211;section&#8221; _builder_version=&#8221;4.27.4&#8243; _module_preset=&#8221;default&#8221; use_background_color_gradient=&#8221;on&#8221; background_color_gradient_stops=&#8221;rgba(26,26,26,0.95) 0%|rgba(26,26,26,0.83) 100%&#8221; background_color_gradient_overlays_image=&#8221;on&#8221; background_image=&#8221;\/wp-content\/uploads\/2025\/09\/ASIANAJOTOIMISTO-JOHAN-BUTZOW-asunto-osakeyhtiooikeus.jpg&#8221; global_colors_info=&#8221;{}&#8221;][et_pb_row module_class=&#8221;header&#8211;row&#8221; _builder_version=&#8221;4.27.4&#8243; _module_preset=&#8221;default&#8221; global_colors_info=&#8221;{}&#8221;][et_pb_column type=&#8221;4_4&#8243; _builder_version=&#8221;4.27.4&#8243; _module_preset=&#8221;default&#8221; global_colors_info=&#8221;{}&#8221;][et_pb_heading title=&#8221;V\u00e5ra advokater och jurister&#8221; admin_label=&#8221;V\u00e5ra advokater och jurister&#8221; _builder_version=&#8221;4.27.4&#8243; _module_preset=&#8221;default&#8221; global_colors_info=&#8221;{}&#8221;][\/et_pb_heading][\/et_pb_column][\/et_pb_row][\/et_pb_section][et_pb_section fb_built=&#8221;1&#8243; admin_label=&#8221;content&#8211;section&#8221; module_class=&#8221;content&#8211;section bg&#8211;custom&#8211;2&#8211;alpha&#8221; _builder_version=&#8221;4.27.4&#8243; _module_preset=&#8221;default&#8221; global_colors_info=&#8221;{}&#8221;][et_pb_row column_structure=&#8221;1_2,1_2&#8243; use_custom_gutter=&#8221;on&#8221; gutter_width=&#8221;2&#8243; make_equal=&#8221;on&#8221; module_class=&#8221;width&#8211;800&#8243; _builder_version=&#8221;4.27.4&#8243; _module_preset=&#8221;default&#8221; global_colors_info=&#8221;{}&#8221;][et_pb_column type=&#8221;1_2&#8243; _builder_version=&#8221;4.27.4&#8243; _module_preset=&#8221;default&#8221; global_colors_info=&#8221;{}&#8221;][et_pb_image src=&#8221;\/wp-content\/uploads\/2025\/09\/ASIANAJOTOIMISTO-JOHAN-BUTZOW-Johan-Butzow_nelio.jpg&#8221; align=&#8221;center&#8221; module_class=&#8221;henkilo&#8211;kuva&#8211;small&#8221; _builder_version=&#8221;4.27.4&#8243; _module_preset=&#8221;default&#8221; global_colors_info=&#8221;{}&#8221;][\/et_pb_image][et_pb_text admin_label=&#8221;Johan B\u00fctzow&#8221; module_class=&#8221;text&#8211;center&#8221; _builder_version=&#8221;4.27.4&#8243; _module_preset=&#8221;default&#8221; global_colors_info=&#8221;{}&#8221;]<strong>Johan B\u00fctzow<\/strong><br \/>\n<em>Advokat, viceh\u00e4radsh\u00f6vding <\/em><\/p>\n<p><a href=\"tel:+358 400 497 305\">+358 400 497 305<\/a><br \/>\n<a href=\"mailto:johan.butzow@johanbutzow.fi\">johan.butzow@johanbutzow.fi<\/a>[\/et_pb_text][et_pb_button button_url=&#8221;#johan&#8221; button_text=&#8221;L\u00e4s mer om min kompetens&#8221; button_alignment=&#8221;center&#8221; module_class=&#8221;text&#8211;style &#8221; _builder_version=&#8221;4.27.4&#8243; _module_preset=&#8221;default&#8221; custom_button=&#8221;on&#8221; button_icon=&#8221;&#x24;||divi||400&#8243; button_on_hover=&#8221;off&#8221; global_colors_info=&#8221;{}&#8221;][\/et_pb_button][\/et_pb_column][et_pb_column type=&#8221;1_2&#8243; _builder_version=&#8221;4.27.4&#8243; _module_preset=&#8221;default&#8221; global_colors_info=&#8221;{}&#8221;][et_pb_image src=&#8221;\/wp-content\/uploads\/2025\/09\/ASIANAJOTOIMISTO-JOHAN-BUTZOW-Auli-Butzow_nelio.jpg&#8221; align=&#8221;center&#8221; module_class=&#8221;henkilo&#8211;kuva&#8211;small&#8221; _builder_version=&#8221;4.27.4&#8243; _module_preset=&#8221;default&#8221; global_colors_info=&#8221;{}&#8221;][\/et_pb_image][et_pb_text admin_label=&#8221;Auri B\u00fctzow&#8221; module_class=&#8221;text&#8211;center&#8221; _builder_version=&#8221;4.27.6&#8243; _module_preset=&#8221;default&#8221; hover_enabled=&#8221;0&#8243; global_colors_info=&#8221;{}&#8221; sticky_enabled=&#8221;0&#8243;]<\/p>\n<p><strong>Auri B\u00fctzow<\/strong><br \/><i>Advokat<\/i><\/p>\n<p><a href=\"tel:+358 50 479 7622\">+358 50 479 7622<\/a><br \/><a href=\"mailto:auri.butzow@johanbutzow.fi\">auri.butzow@johanbutzow.fi<\/a><\/p>\n<p>[\/et_pb_text][et_pb_button button_url=&#8221;#auri&#8221; button_text=&#8221;L\u00e4s mer om min kompetens&#8221; button_alignment=&#8221;center&#8221; module_class=&#8221;text&#8211;style &#8221; _builder_version=&#8221;4.27.4&#8243; _module_preset=&#8221;default&#8221; custom_button=&#8221;on&#8221; button_icon=&#8221;&#x24;||divi||400&#8243; button_on_hover=&#8221;off&#8221; global_colors_info=&#8221;{}&#8221;][\/et_pb_button][\/et_pb_column][\/et_pb_row][\/et_pb_section][et_pb_section fb_built=&#8221;1&#8243; module_id=&#8221;johan&#8221; module_class=&#8221;content&#8211;section&#8221; _builder_version=&#8221;4.27.4&#8243; _module_preset=&#8221;default&#8221; global_colors_info=&#8221;{}&#8221;][et_pb_row column_structure=&#8221;1_3,2_3&#8243; make_equal=&#8221;on&#8221; module_class=&#8221;content&#8211;row&#8221; _builder_version=&#8221;4.27.4&#8243; _module_preset=&#8221;default&#8221; global_colors_info=&#8221;{}&#8221;][et_pb_column type=&#8221;1_3&#8243; _builder_version=&#8221;4.27.4&#8243; _module_preset=&#8221;default&#8221; global_colors_info=&#8221;{}&#8221;][et_pb_image src=&#8221;\/wp-content\/uploads\/2025\/09\/ASIANAJOTOIMISTO-JOHAN-BUTZOW-Johan-Butzow.jpg&#8221; _builder_version=&#8221;4.27.4&#8243; _module_preset=&#8221;default&#8221; global_colors_info=&#8221;{}&#8221;][\/et_pb_image][et_pb_text admin_label=&#8221;Hoidan toimeksiantoja suomeksi&#8221; module_class=&#8221;text&#8211;center&#8221; _builder_version=&#8221;4.27.4&#8243; _module_preset=&#8221;default&#8221; global_colors_info=&#8221;{}&#8221;]Jag sk\u00f6ter \u00e4renden p\u00e5 finska[\/et_pb_text][\/et_pb_column][et_pb_column type=&#8221;2_3&#8243; _builder_version=&#8221;4.27.4&#8243; _module_preset=&#8221;default&#8221; global_colors_info=&#8221;{}&#8221;][et_pb_heading title=&#8221;Johan B\u00fctzow&#8221; admin_label=&#8221;Johan B\u00fctzow&#8221; _builder_version=&#8221;4.27.4&#8243; _module_preset=&#8221;default&#8221; title_level=&#8221;h2&#8243; global_colors_info=&#8221;{}&#8221;][\/et_pb_heading][et_pb_text admin_label=&#8221;Asianajaja, Varatuomari&#8221; module_class=&#8221;position mb&#8211;0&#8243; _builder_version=&#8221;4.27.4&#8243; _module_preset=&#8221;default&#8221; global_colors_info=&#8221;{}&#8221;]Advokat, viceh\u00e4radsh\u00f6vding [\/et_pb_text][et_pb_text admin_label=&#8221;Helsingfors | Borg\u00e5&#8221; module_class=&#8221;paikka mb&#8211;0&#8243; _builder_version=&#8221;4.27.4&#8243; _module_preset=&#8221;default&#8221; global_colors_info=&#8221;{}&#8221;]Helsingfors | Borg\u00e5[\/et_pb_text][et_pb_text admin_label=&#8221;puh \/ e-mail&#8221; _builder_version=&#8221;4.27.4&#8243; _module_preset=&#8221;default&#8221; global_colors_info=&#8221;{}&#8221;]<a href=\"tel:+358 400 497 305\">+358 400 497 305<\/a><br \/>\n<a href=\"mailto:johan.butzow@johanbutzow.fi\">johan.butzow@johanbutzow.fi<\/a>[\/et_pb_text][et_pb_text _builder_version=&#8221;4.27.4&#8243; _module_preset=&#8221;default&#8221; global_colors_info=&#8221;{}&#8221;]Jag grundade min advokatbyr\u00e5 \u00e5r 1987 och har under min karri\u00e4r personligen handlagt \u00f6ver 2000 \u00e4renden. Under \u00e5rens lopp har jag skaffat mig erfarenhet inom en l\u00e5ng rad olika r\u00e4ttsomr\u00e5den. Flera av mina kundrelationer har p\u00e5g\u00e5tt i \u00e5ratal, och jag har utf\u00f6rt juridiska tj\u00e4nster f\u00f6r m\u00e5nga familjer och f\u00f6retag under flera generationer.<\/p>\n<p>Jag har s\u00e4rskild kompetens inom \u00e4ktenskaps- och kvarl\u00e5tenskapsr\u00e4tt, tvister i anknytning till bostads- och fastighetsaff\u00e4rer, byggentreprenader samt \u00e4renden som g\u00e4ller bostadsaktiebolag. Jag \u00e5tar mig \u00e4ven g\u00e4rna uppdrag inom andra r\u00e4ttsomr\u00e5den.[\/et_pb_text][et_pb_text admin_label=&#8221;Erikoisalueet&#8221; module_class=&#8221;erikoisalueet&#8221; _builder_version=&#8221;4.27.4&#8243; _module_preset=&#8221;default&#8221; global_colors_info=&#8221;{}&#8221;]<strong>Specialkompetens<\/strong><\/p>\n<ul>\n<li>\u00c4ktenskapsf\u00f6rm\u00f6genhetsr\u00e4tt<\/li>\n<li>Arvsr\u00e4tt<\/li>\n<li>Tvister vid fastighetsk\u00f6p<\/li>\n<li>Byggr\u00e4tt<\/li>\n<li>Husbolagstvister<\/li>\n<\/ul>\n<p>[\/et_pb_text][\/et_pb_column][\/et_pb_row][et_pb_row module_class=&#8221;content&#8211;row pb&#8211;0&#8243; _builder_version=&#8221;4.27.4&#8243; _module_preset=&#8221;default&#8221; global_colors_info=&#8221;{}&#8221;][et_pb_column type=&#8221;4_4&#8243; _builder_version=&#8221;4.27.4&#8243; _module_preset=&#8221;default&#8221; global_colors_info=&#8221;{}&#8221;][et_pb_heading title=&#8221;Karri\u00e4r och utbildning&#8221; admin_label=&#8221;Karri\u00e4r och utbildning&#8221; _builder_version=&#8221;4.27.4&#8243; _module_preset=&#8221;default&#8221; title_level=&#8221;h3&#8243; global_colors_info=&#8221;{}&#8221;][\/et_pb_heading][\/et_pb_column][\/et_pb_row][et_pb_row column_structure=&#8221;1_2,1_2&#8243; module_class=&#8221;content&#8211;row more&#8211;full&#8211;padding bg&#8211;custom&#8211;2&#8211;alpha&#8221; _builder_version=&#8221;4.27.4&#8243; _module_preset=&#8221;default&#8221; global_colors_info=&#8221;{}&#8221;][et_pb_column type=&#8221;1_2&#8243; _builder_version=&#8221;4.27.4&#8243; _module_preset=&#8221;default&#8221; global_colors_info=&#8221;{}&#8221;][et_pb_heading title=&#8221;1978\u20131982&#8243; admin_label=&#8221;1978\u20131982&#8243; module_class=&#8221;mb&#8211;0 text&#8211;custom-1&#8243; _builder_version=&#8221;4.27.4&#8243; _module_preset=&#8221;default&#8221; title_level=&#8221;h4&#8243; global_colors_info=&#8221;{}&#8221;][\/et_pb_heading][et_pb_text admin_label=&#8221;Oikeustieteen kandidaatti&#8221; _builder_version=&#8221;4.27.4&#8243; _module_preset=&#8221;default&#8221; global_colors_info=&#8221;{}&#8221;]<strong>Juris kandidat<\/strong><br \/>\n&#8211; Jag avlade juris kandidat examen vid Helsingfors universitet 1982[\/et_pb_text][\/et_pb_column][et_pb_column type=&#8221;1_2&#8243; _builder_version=&#8221;4.27.4&#8243; _module_preset=&#8221;default&#8221; global_colors_info=&#8221;{}&#8221;][et_pb_heading title=&#8221;1983 -1984&#8243; admin_label=&#8221;1983 &#8211; 1984&#8243; module_class=&#8221;mb&#8211;0 text&#8211;custom-1&#8243; _builder_version=&#8221;4.27.4&#8243; _module_preset=&#8221;default&#8221; title_level=&#8221;h4&#8243; global_colors_info=&#8221;{}&#8221;][\/et_pb_heading][et_pb_text admin_label=&#8221;Auskultointi, varatuomari&#8221; _builder_version=&#8221;4.27.4&#8243; _module_preset=&#8221;default&#8221; global_colors_info=&#8221;{}&#8221;]<strong>Auskultation, viceh\u00e4radsh\u00f6vding<\/strong><br \/>\n&#8211; Jag auskulterade vid Tusby tingsr\u00e4tt 1983. Hovr\u00e4tten (instead of Domarutbildningsn\u00e4mnden) beviljade mig titeln viceh\u00e4radsh\u00f6vding \u00e5ret d\u00e4rp\u00e5, 1984.[\/et_pb_text][\/et_pb_column][\/et_pb_row][et_pb_row column_structure=&#8221;1_2,1_2&#8243; module_class=&#8221;content&#8211;row more&#8211;full&#8211;padding bg&#8211;custom&#8211;2&#8211;alpha pt&#8211;0&#8243; _builder_version=&#8221;4.27.4&#8243; _module_preset=&#8221;default&#8221; global_colors_info=&#8221;{}&#8221;][et_pb_column type=&#8221;1_2&#8243; _builder_version=&#8221;4.27.4&#8243; _module_preset=&#8221;default&#8221; global_colors_info=&#8221;{}&#8221;][et_pb_heading title=&#8221;1984 \u2013 1986&#8243; admin_label=&#8221;1984 \u2013 1986&#8243; module_class=&#8221;mb&#8211;0 text&#8211;custom-1&#8243; _builder_version=&#8221;4.27.4&#8243; _module_preset=&#8221;default&#8221; title_level=&#8221;h4&#8243; global_colors_info=&#8221;{}&#8221;][\/et_pb_heading][et_pb_text admin_label=&#8221;Avustava lakimies&#8221; _builder_version=&#8221;4.27.4&#8243; _module_preset=&#8221;default&#8221; global_colors_info=&#8221;{}&#8221;]<strong>Bitr\u00e4dande jurist och advokat<\/strong><br \/>\n&#8211; Innan jag startade min egen byr\u00e5 arbetade jag tv\u00e5 \u00e5r som bitr\u00e4dande jurist och advokat. \u00c5r 1985 blev jag medlem i Finlands advokatf\u00f6rbund.[\/et_pb_text][\/et_pb_column][et_pb_column type=&#8221;1_2&#8243; _builder_version=&#8221;4.27.4&#8243; _module_preset=&#8221;default&#8221; global_colors_info=&#8221;{}&#8221;][et_pb_heading title=&#8221;1987\u2013&#8221; admin_label=&#8221;1987 \u2013 nykyp\u00e4iv\u00e4&#8221; module_class=&#8221;mb&#8211;0 text&#8211;custom-1&#8243; _builder_version=&#8221;4.27.4&#8243; _module_preset=&#8221;default&#8221; title_level=&#8221;h4&#8243; global_colors_info=&#8221;{}&#8221;][\/et_pb_heading][et_pb_text admin_label=&#8221;Oma asianajotoimisto&#8221; _builder_version=&#8221;4.27.4&#8243; _module_preset=&#8221;default&#8221; global_colors_info=&#8221;{}&#8221;]<strong>Advokatbyr\u00e5 Johan B\u00fctzow Ab<\/strong><br \/>\n&#8211; Jag grundade min egen advokatbyr\u00e5 1987 och driver den fortfarande.[\/et_pb_text][\/et_pb_column][\/et_pb_row][\/et_pb_section][et_pb_section fb_built=&#8221;1&#8243; module_id=&#8221;auri&#8221; module_class=&#8221;content&#8211;section&#8221; _builder_version=&#8221;4.27.4&#8243; _module_preset=&#8221;default&#8221; global_colors_info=&#8221;{}&#8221;][et_pb_row column_structure=&#8221;1_3,2_3&#8243; make_equal=&#8221;on&#8221; module_class=&#8221;content&#8211;row&#8221; _builder_version=&#8221;4.27.4&#8243; _module_preset=&#8221;default&#8221; global_colors_info=&#8221;{}&#8221;][et_pb_column type=&#8221;1_3&#8243; _builder_version=&#8221;4.27.4&#8243; _module_preset=&#8221;default&#8221; global_colors_info=&#8221;{}&#8221;][et_pb_image src=&#8221;\/wp-content\/uploads\/2025\/09\/ASIANAJOTOIMISTO-JOHAN-BUTZOW-Auli-Butzow.jpg&#8221; _builder_version=&#8221;4.27.4&#8243; _module_preset=&#8221;default&#8221; global_colors_info=&#8221;{}&#8221;][\/et_pb_image][et_pb_text admin_label=&#8221;Jag hanterar uppdrag p\u00e5 finska, svenska och engelska.&#8221; module_class=&#8221;text&#8211;center&#8221; _builder_version=&#8221;4.27.4&#8243; _module_preset=&#8221;default&#8221; global_colors_info=&#8221;{}&#8221;]Jag hanterar uppdrag p\u00e5 finska, svenska och engelska.[\/et_pb_text][\/et_pb_column][et_pb_column type=&#8221;2_3&#8243; _builder_version=&#8221;4.27.4&#8243; _module_preset=&#8221;default&#8221; global_colors_info=&#8221;{}&#8221;][et_pb_heading title=&#8221;Auri B\u00fctzow&#8221; admin_label=&#8221;Auri B\u00fctzow&#8221; _builder_version=&#8221;4.27.4&#8243; _module_preset=&#8221;default&#8221; title_level=&#8221;h2&#8243; global_colors_info=&#8221;{}&#8221;][\/et_pb_heading][et_pb_text admin_label=&#8221;jurist, juris magister, politices magister&#8221; module_class=&#8221;position mb&#8211;0&#8243; _builder_version=&#8221;4.27.6&#8243; _module_preset=&#8221;default&#8221; global_colors_info=&#8221;{}&#8221;]<\/p>\n<p>Advokat<\/p>\n<p>[\/et_pb_text][et_pb_text admin_label=&#8221;Helsingfors &#038; Borg\u00e5&#8221; module_class=&#8221;paikka mb&#8211;0&#8243; _builder_version=&#8221;4.27.4&#8243; _module_preset=&#8221;default&#8221; global_colors_info=&#8221;{}&#8221;]Helsingfors &#038; Borg\u00e5[\/et_pb_text][et_pb_text admin_label=&#8221;puh \/ e-mail&#8221; _builder_version=&#8221;4.27.4&#8243; _module_preset=&#8221;default&#8221; global_colors_info=&#8221;{}&#8221;]<a href=\"tel:+358 50 749 7622\">+358 50 749 7622<\/a><br \/>\n<a href=\"mailto:auri.butzow@johanbutzow.fi\">auri.butzow@johanbutzow.fi<\/a>[\/et_pb_text][et_pb_text _builder_version=&#8221;4.27.4&#8243; _module_preset=&#8221;default&#8221; global_colors_info=&#8221;{}&#8221;]Jag har arbetat vid Advokatbyr\u00e5 Johan B\u00fctzow Ab sedan \u00e5r 2019. Dessf\u00f6rinnan arbetade jag inom den offentliga sektorn. Jag har avlagt advokatexamen och f\u00f6ljer i all min verksamhet Advokatf\u00f6rbundets regler och anvisningar.<\/p>\n<p>Min specialkompetens omfattar \u00e4ktenskaps- och arvsr\u00e4tt, tvister i anknytning till bostads- och fastighetsaff\u00e4rer samt bostadsaktiebolags\u00e4renden. Jag beh\u00e4rskar arvsplanering och gillar komplexa helheter d\u00e4r man p\u00e5 b\u00e4sta m\u00f6jliga s\u00e4tt samordnar arvl\u00e5tarens \u00f6nskem\u00e5l, makens och arvingarnas r\u00e4ttigheter samt godtagbar skatteplanering.<\/p>\n<p>Jag \u00e4r insatt i internationell privatr\u00e4tt och \u00e5tar mig g\u00e4rna familje- och arvsr\u00e4ttsliga \u00e4renden med internationell anknytning. D\u00e4rtill handl\u00e4gger jag olika entreprenadtvister samt tvistem\u00e5l g\u00e4llande v\u00e5rdnad om barn och umg\u00e4ngesr\u00e4tt. Jag bitr\u00e4der \u00e4ven m\u00e5ls\u00e4ganden i brottm\u00e5l. Jag \u00e5tar mig g\u00e4rna uppdrag \u00e4ven inom andra r\u00e4ttsomr\u00e5den[\/et_pb_text][et_pb_text admin_label=&#8221;Erikoisalueet&#8221; module_class=&#8221;erikoisalueet&#8221; _builder_version=&#8221;4.27.4&#8243; _module_preset=&#8221;default&#8221; global_colors_info=&#8221;{}&#8221;]<strong>Specialkompetens<\/strong><\/p>\n<ul>\n<li>\u00c4ktenskapsf\u00f6rm\u00f6genhetsr\u00e4tt<\/li>\n<li>Arvsr\u00e4tt<\/li>\n<li>Internationell privatr\u00e4tt<\/li>\n<li>Arvsplanering<\/li>\n<li>Boutredning och skiftesman<\/li>\n<li>V\u00e5rdnad om barn och umg\u00e4ngesr\u00e4tt<\/li>\n<li>Tvister vid bostads- och fastighetsaff\u00e4rer<\/li>\n<li>Entreprenadtvister<\/li>\n<\/ul>\n<p>[\/et_pb_text][\/et_pb_column][\/et_pb_row][\/et_pb_section]<\/p>\n","protected":false},"excerpt":{"rendered":"<p>Johan B\u00fctzow Advokat, viceh\u00e4radsh\u00f6vding +358 400 497 305 johan.butzow@johanbutzow.fiAuri B\u00fctzowAdvokat +358 50 479 7622auri.butzow@johanbutzow.fiJag sk\u00f6ter \u00e4renden p\u00e5 finskaAdvokat, viceh\u00e4radsh\u00f6vding Helsingfors | Borg\u00e5+358 400 497 305 johan.butzow@johanbutzow.fiJag grundade min advokatbyr\u00e5 \u00e5r 1987 och har under min karri\u00e4r personligen handlagt \u00f6ver 2000 \u00e4renden. Under \u00e5rens lopp har jag skaffat mig erfarenhet inom en l\u00e5ng rad olika r\u00e4ttsomr\u00e5den. [&hellip;]<\/p>\n","protected":false},"author":1,"featured_media":0,"parent":0,"menu_order":0,"comment_status":"closed","ping_status":"closed","template":"","meta":{"_et_pb_use_builder":"on","_et_pb_old_content":"","_et_gb_content_width":"","footnotes":""},"class_list":["post-445","page","type-page","status-publish","hentry"],"yoast_head":"<!-- This site is optimized with the Yoast SEO plugin v27.4 - https:\/\/yoast.com\/product\/yoast-seo-wordpress\/ -->\n<title>V\u00e5ra advokater och jurister - Asianajotoimisto Johan Butzow Oy<\/title>\n<meta name=\"robots\" content=\"index, follow, max-snippet:-1, max-image-preview:large, max-video-preview:-1\" \/>\n<link rel=\"canonical\" href=\"https:\/\/johanbutzow.fi\/sv\/vara-advokater-och-jurister\/\" \/>\n<meta property=\"og:locale\" content=\"sv_SE\" \/>\n<meta property=\"og:type\" content=\"article\" \/>\n<meta property=\"og:title\" content=\"V\u00e5ra advokater och jurister - Asianajotoimisto Johan Butzow Oy\" \/>\n<meta property=\"og:description\" content=\"Johan B\u00fctzow Advokat, viceh\u00e4radsh\u00f6vding +358 400 497 305 johan.butzow@johanbutzow.fiAuri B\u00fctzowAdvokat +358 50 479 7622auri.butzow@johanbutzow.fiJag sk\u00f6ter \u00e4renden p\u00e5 finskaAdvokat, viceh\u00e4radsh\u00f6vding Helsingfors | Borg\u00e5+358 400 497 305 johan.butzow@johanbutzow.fiJag grundade min advokatbyr\u00e5 \u00e5r 1987 och har under min karri\u00e4r personligen handlagt \u00f6ver 2000 \u00e4renden. Under \u00e5rens lopp har jag skaffat mig erfarenhet inom en l\u00e5ng rad olika r\u00e4ttsomr\u00e5den. [&hellip;]\" \/>\n<meta property=\"og:url\" content=\"https:\/\/johanbutzow.fi\/sv\/vara-advokater-och-jurister\/\" \/>\n<meta property=\"og:site_name\" content=\"Asianajotoimisto Johan Butzow Oy\" \/>\n<meta property=\"article:modified_time\" content=\"2026-04-27T04:50:38+00:00\" \/>\n<meta name=\"twitter:card\" content=\"summary_large_image\" \/>\n<meta name=\"twitter:label1\" content=\"Ber\u00e4knad l\u00e4stid\" \/>\n\t<meta name=\"twitter:data1\" content=\"4 minuter\" \/>\n<script type=\"application\/ld+json\" class=\"yoast-schema-graph\">{\"@context\":\"https:\\\/\\\/schema.org\",\"@graph\":[{\"@type\":\"WebPage\",\"@id\":\"https:\\\/\\\/johanbutzow.fi\\\/sv\\\/vara-advokater-och-jurister\\\/\",\"url\":\"https:\\\/\\\/johanbutzow.fi\\\/sv\\\/vara-advokater-och-jurister\\\/\",\"name\":\"V\u00e5ra advokater och jurister - Asianajotoimisto Johan Butzow Oy\",\"isPartOf\":{\"@id\":\"https:\\\/\\\/johanbutzow.fi\\\/sv\\\/#website\"},\"datePublished\":\"2025-09-04T11:02:26+00:00\",\"dateModified\":\"2026-04-27T04:50:38+00:00\",\"breadcrumb\":{\"@id\":\"https:\\\/\\\/johanbutzow.fi\\\/sv\\\/vara-advokater-och-jurister\\\/#breadcrumb\"},\"inLanguage\":\"sv-SE\",\"potentialAction\":[{\"@type\":\"ReadAction\",\"target\":[\"https:\\\/\\\/johanbutzow.fi\\\/sv\\\/vara-advokater-och-jurister\\\/\"]}]},{\"@type\":\"BreadcrumbList\",\"@id\":\"https:\\\/\\\/johanbutzow.fi\\\/sv\\\/vara-advokater-och-jurister\\\/#breadcrumb\",\"itemListElement\":[{\"@type\":\"ListItem\",\"position\":1,\"name\":\"Home\",\"item\":\"https:\\\/\\\/johanbutzow.fi\\\/sv\\\/\"},{\"@type\":\"ListItem\",\"position\":2,\"name\":\"V\u00e5ra advokater och jurister\"}]},{\"@type\":\"WebSite\",\"@id\":\"https:\\\/\\\/johanbutzow.fi\\\/sv\\\/#website\",\"url\":\"https:\\\/\\\/johanbutzow.fi\\\/sv\\\/\",\"name\":\"Asianajotoimisto Johan Butzow Oy\",\"description\":\"\",\"potentialAction\":[{\"@type\":\"SearchAction\",\"target\":{\"@type\":\"EntryPoint\",\"urlTemplate\":\"https:\\\/\\\/johanbutzow.fi\\\/sv\\\/?s={search_term_string}\"},\"query-input\":{\"@type\":\"PropertyValueSpecification\",\"valueRequired\":true,\"valueName\":\"search_term_string\"}}],\"inLanguage\":\"sv-SE\"}]}<\/script>\n<!-- \/ Yoast SEO plugin. -->","yoast_head_json":{"title":"V\u00e5ra advokater och jurister - Asianajotoimisto Johan Butzow Oy","robots":{"index":"index","follow":"follow","max-snippet":"max-snippet:-1","max-image-preview":"max-image-preview:large","max-video-preview":"max-video-preview:-1"},"canonical":"https:\/\/johanbutzow.fi\/sv\/vara-advokater-och-jurister\/","og_locale":"sv_SE","og_type":"article","og_title":"V\u00e5ra advokater och jurister - Asianajotoimisto Johan Butzow Oy","og_description":"Johan B\u00fctzow Advokat, viceh\u00e4radsh\u00f6vding +358 400 497 305 johan.butzow@johanbutzow.fiAuri B\u00fctzowAdvokat +358 50 479 7622auri.butzow@johanbutzow.fiJag sk\u00f6ter \u00e4renden p\u00e5 finskaAdvokat, viceh\u00e4radsh\u00f6vding Helsingfors | Borg\u00e5+358 400 497 305 johan.butzow@johanbutzow.fiJag grundade min advokatbyr\u00e5 \u00e5r 1987 och har under min karri\u00e4r personligen handlagt \u00f6ver 2000 \u00e4renden. Under \u00e5rens lopp har jag skaffat mig erfarenhet inom en l\u00e5ng rad olika r\u00e4ttsomr\u00e5den. [&hellip;]","og_url":"https:\/\/johanbutzow.fi\/sv\/vara-advokater-och-jurister\/","og_site_name":"Asianajotoimisto Johan Butzow Oy","article_modified_time":"2026-04-27T04:50:38+00:00","twitter_card":"summary_large_image","twitter_misc":{"Ber\u00e4knad l\u00e4stid":"4 minuter"},"schema":{"@context":"https:\/\/schema.org","@graph":[{"@type":"WebPage","@id":"https:\/\/johanbutzow.fi\/sv\/vara-advokater-och-jurister\/","url":"https:\/\/johanbutzow.fi\/sv\/vara-advokater-och-jurister\/","name":"V\u00e5ra advokater och jurister - Asianajotoimisto Johan Butzow Oy","isPartOf":{"@id":"https:\/\/johanbutzow.fi\/sv\/#website"},"datePublished":"2025-09-04T11:02:26+00:00","dateModified":"2026-04-27T04:50:38+00:00","breadcrumb":{"@id":"https:\/\/johanbutzow.fi\/sv\/vara-advokater-och-jurister\/#breadcrumb"},"inLanguage":"sv-SE","potentialAction":[{"@type":"ReadAction","target":["https:\/\/johanbutzow.fi\/sv\/vara-advokater-och-jurister\/"]}]},{"@type":"BreadcrumbList","@id":"https:\/\/johanbutzow.fi\/sv\/vara-advokater-och-jurister\/#breadcrumb","itemListElement":[{"@type":"ListItem","position":1,"name":"Home","item":"https:\/\/johanbutzow.fi\/sv\/"},{"@type":"ListItem","position":2,"name":"V\u00e5ra advokater och jurister"}]},{"@type":"WebSite","@id":"https:\/\/johanbutzow.fi\/sv\/#website","url":"https:\/\/johanbutzow.fi\/sv\/","name":"Asianajotoimisto Johan Butzow Oy","description":"","potentialAction":[{"@type":"SearchAction","target":{"@type":"EntryPoint","urlTemplate":"https:\/\/johanbutzow.fi\/sv\/?s={search_term_string}"},"query-input":{"@type":"PropertyValueSpecification","valueRequired":true,"valueName":"search_term_string"}}],"inLanguage":"sv-SE"}]}},"_links":{"self":[{"href":"https:\/\/johanbutzow.fi\/sv\/wp-json\/wp\/v2\/pages\/445","targetHints":{"allow":["GET"]}}],"collection":[{"href":"https:\/\/johanbutzow.fi\/sv\/wp-json\/wp\/v2\/pages"}],"about":[{"href":"https:\/\/johanbutzow.fi\/sv\/wp-json\/wp\/v2\/types\/page"}],"author":[{"embeddable":true,"href":"https:\/\/johanbutzow.fi\/sv\/wp-json\/wp\/v2\/users\/1"}],"replies":[{"embeddable":true,"href":"https:\/\/johanbutzow.fi\/sv\/wp-json\/wp\/v2\/comments?post=445"}],"version-history":[{"count":5,"href":"https:\/\/johanbutzow.fi\/sv\/wp-json\/wp\/v2\/pages\/445\/revisions"}],"predecessor-version":[{"id":1027,"href":"https:\/\/johanbutzow.fi\/sv\/wp-json\/wp\/v2\/pages\/445\/revisions\/1027"}],"wp:attachment":[{"href":"https:\/\/johanbutzow.fi\/sv\/wp-json\/wp\/v2\/media?parent=445"}],"curies":[{"name":"wp","href":"https:\/\/api.w.org\/{rel}","templated":true}]}}