{"id":453,"date":"2025-09-04T10:24:30","date_gmt":"2025-09-04T07:24:30","guid":{"rendered":"https:\/\/johanbutzow.fi\/palvelut\/"},"modified":"2026-01-20T13:09:31","modified_gmt":"2026-01-20T11:09:31","slug":"vara-tjanster","status":"publish","type":"page","link":"https:\/\/johanbutzow.fi\/sv\/vara-tjanster\/","title":{"rendered":"V\u00e5ra tj\u00e4nster"},"content":{"rendered":"<p>[et_pb_section fb_built=&#8221;1&#8243; module_class=&#8221;header&#8211;section&#8221; _builder_version=&#8221;4.27.4&#8243; _module_preset=&#8221;default&#8221; use_background_color_gradient=&#8221;on&#8221; background_color_gradient_stops=&#8221;rgba(26,26,26,0.95) 0%|rgba(26,26,26,0.83) 100%&#8221; background_color_gradient_overlays_image=&#8221;on&#8221; background_image=&#8221;\/wp-content\/uploads\/2025\/09\/ASIANAJOTOIMISTO-JOHAN-BUTZOW-palvelut.jpg&#8221; global_colors_info=&#8221;{}&#8221;][et_pb_row module_class=&#8221;header&#8211;row&#8221; _builder_version=&#8221;4.27.4&#8243; _module_preset=&#8221;default&#8221; global_colors_info=&#8221;{}&#8221;][et_pb_column type=&#8221;4_4&#8243; _builder_version=&#8221;4.27.4&#8243; _module_preset=&#8221;default&#8221; global_colors_info=&#8221;{}&#8221;][et_pb_heading title=&#8221;Vi handhar alla juridiska \u00e4renden f\u00f6r privatpersoner och f\u00f6retag&#8221; admin_label=&#8221;Vi handhar alla juridiska \u00e4renden f\u00f6r privatpersoner och f\u00f6retag&#8221; module_class=&#8221;mb&#8211;0&#8243; _builder_version=&#8221;4.27.4&#8243; _module_preset=&#8221;default&#8221; title_level=&#8221;h4&#8243; global_colors_info=&#8221;{}&#8221;][\/et_pb_heading][et_pb_heading title=&#8221;V\u00e5ra tj\u00e4nster&#8221; _builder_version=&#8221;4.27.4&#8243; _module_preset=&#8221;default&#8221; global_colors_info=&#8221;{}&#8221;][\/et_pb_heading][\/et_pb_column][\/et_pb_row][\/et_pb_section][et_pb_section fb_built=&#8221;1&#8243; admin_label=&#8221;content&#8211;section&#8221; module_class=&#8221;content&#8211;section  bg&#8211;custom&#8211;2&#8211;alpha&#8221; _builder_version=&#8221;4.27.4&#8243; _module_preset=&#8221;default&#8221; global_colors_info=&#8221;{}&#8221;][et_pb_row module_class=&#8221;content&#8211;row width&#8211;800 &#8221; _builder_version=&#8221;4.27.4&#8243; _module_preset=&#8221;default&#8221; global_colors_info=&#8221;{}&#8221;][et_pb_column type=&#8221;4_4&#8243; _builder_version=&#8221;4.27.4&#8243; _module_preset=&#8221;default&#8221; global_colors_info=&#8221;{}&#8221;][et_pb_text module_class=&#8221;text&#8211;center&#8221; _builder_version=&#8221;4.27.4&#8243; _module_preset=&#8221;default&#8221; global_colors_info=&#8221;{}&#8221;]V\u00e5ra centrala verksamhetsomr\u00e5den \u00e4r:[\/et_pb_text][\/et_pb_column][\/et_pb_row][\/et_pb_section][et_pb_section fb_built=&#8221;1&#8243; module_class=&#8221;content&#8211;section &#8221; _builder_version=&#8221;4.27.4&#8243; _module_preset=&#8221;default&#8221; global_colors_info=&#8221;{}&#8221;][et_pb_row column_structure=&#8221;1_3,1_3,1_3&#8243; module_class=&#8221;content&#8211;row  services&#8211;row&#8221; _builder_version=&#8221;4.27.4&#8243; _module_preset=&#8221;default&#8221; global_colors_info=&#8221;{}&#8221;][et_pb_column type=&#8221;1_3&#8243; _builder_version=&#8221;4.27.4&#8243; _module_preset=&#8221;default&#8221; global_colors_info=&#8221;{}&#8221;][et_pb_image src=&#8221;https:\/\/johanbutzow.fi\/wp-content\/uploads\/2025\/09\/Kiinteistooikeus-icon.png&#8221; title_text=&#8221;Kiinteist\u00f6oikeus-icon&#8221; admin_label=&#8221;icon&#8221; module_class=&#8221;service&#8211;icon&#8221; _builder_version=&#8221;4.27.4&#8243; _module_preset=&#8221;default&#8221; global_colors_info=&#8221;{}&#8221;][\/et_pb_image][et_pb_heading title=&#8221;Tvister i bostadsaff\u00e4rer&#8221; admin_label=&#8221;Tvister i bostadsaff\u00e4rer&#8221; module_class=&#8221;mb&#8211;0&#8243; _builder_version=&#8221;4.27.4&#8243; _module_preset=&#8221;default&#8221; title_level=&#8221;h3&#8243; global_colors_info=&#8221;{}&#8221;][\/et_pb_heading][et_pb_text module_class=&#8221;text&#8211;custom-1&#8243; _builder_version=&#8221;4.27.4&#8243; _module_preset=&#8221;default&#8221; global_colors_info=&#8221;{}&#8221;]Advokatbyr\u00e5 Johan B\u00fctzow handhar bostadsaff\u00e4rstvister med expertis och l\u00e5ng erfarenhet[\/et_pb_text][et_pb_button button_url=&#8221;\/sv\/vara-tjanster\/bostadskopstvister\/&#8221; button_text=&#8221;L\u00e4s mer&#8221; module_class=&#8221;text&#8211;style&#8221; _builder_version=&#8221;4.27.4&#8243; _module_preset=&#8221;default&#8221; custom_button=&#8221;on&#8221; button_icon=&#8221;&#x24;||divi||400&#8243; button_on_hover=&#8221;off&#8221; global_colors_info=&#8221;{}&#8221;][\/et_pb_button][\/et_pb_column][et_pb_column type=&#8221;1_3&#8243; _builder_version=&#8221;4.27.4&#8243; _module_preset=&#8221;default&#8221; global_colors_info=&#8221;{}&#8221;][et_pb_image src=&#8221;https:\/\/johanbutzow.fi\/wp-content\/uploads\/2025\/09\/Asunto-osakeyhtiooikeus-icon.png&#8221; title_text=&#8221;Asunto-osakeyhti\u00f6oikeus-icon&#8221; admin_label=&#8221;icon&#8221; module_class=&#8221;service&#8211;icon&#8221; _builder_version=&#8221;4.27.4&#8243; _module_preset=&#8221;default&#8221; global_colors_info=&#8221;{}&#8221;][\/et_pb_image][et_pb_heading title=&#8221;Husbolagstvister&#8221; admin_label=&#8221;Husbolagstvister&#8221; module_class=&#8221;mb&#8211;0&#8243; _builder_version=&#8221;4.27.4&#8243; _module_preset=&#8221;default&#8221; title_level=&#8221;h3&#8243; global_colors_info=&#8221;{}&#8221;][\/et_pb_heading][et_pb_text module_class=&#8221;text&#8211;custom-1&#8243; _builder_version=&#8221;4.27.4&#8243; _module_preset=&#8221;default&#8221; global_colors_info=&#8221;{}&#8221;]Advokatbyr\u00e5 Johan B\u00fctzow f\u00f6retr\u00e4der och hj\u00e4lper i alla \u00e4renden som r\u00f6r bostadsaktiebolag[\/et_pb_text][et_pb_button button_url=&#8221;\/sv\/vara-tjanster\/husbolagstvister\/&#8221; button_text=&#8221;L\u00e4s mer&#8221; module_class=&#8221;text&#8211;style&#8221; _builder_version=&#8221;4.27.4&#8243; _module_preset=&#8221;default&#8221; custom_button=&#8221;on&#8221; button_icon=&#8221;&#x24;||divi||400&#8243; button_on_hover=&#8221;off&#8221; global_colors_info=&#8221;{}&#8221;][\/et_pb_button][\/et_pb_column][et_pb_column type=&#8221;1_3&#8243; _builder_version=&#8221;4.27.4&#8243; _module_preset=&#8221;default&#8221; global_colors_info=&#8221;{}&#8221;][et_pb_image src=&#8221;\/wp-content\/uploads\/2025\/09\/Avioero-ja-omaisuudenjako-icon.png&#8221; admin_label=&#8221;icon&#8221; module_class=&#8221;service&#8211;icon&#8221; _builder_version=&#8221;4.27.4&#8243; _module_preset=&#8221;default&#8221; global_colors_info=&#8221;{}&#8221;][\/et_pb_image][et_pb_heading title=&#8221;\u00c4ktenskaps&shy;f\u00f6rm\u00f6genhetsr\u00e4tt&#8221; admin_label=&#8221;\u00c4ktenskapsf\u00f6rm\u00f6genhetsr\u00e4tt&#8221; module_class=&#8221;mb&#8211;0&#8243; _builder_version=&#8221;4.27.4&#8243; _module_preset=&#8221;default&#8221; title_level=&#8221;h3&#8243; hover_enabled=&#8221;0&#8243; global_colors_info=&#8221;{}&#8221; sticky_enabled=&#8221;0&#8243;][\/et_pb_heading][et_pb_text module_class=&#8221;text&#8211;custom-1&#8243; _builder_version=&#8221;4.27.4&#8243; _module_preset=&#8221;default&#8221; global_colors_info=&#8221;{}&#8221;]Advokatbyr\u00e5 Johan B\u00fctzow hj\u00e4lper i alla fr\u00e5gor som r\u00f6r \u00e4ktenskapsf\u00f6rm\u00f6genhet och avvittring.[\/et_pb_text][et_pb_button button_url=&#8221;\/sv\/vara-tjanster\/aktenskapsformogenhetsratt\/&#8221; button_text=&#8221;L\u00e4s mer&#8221; module_class=&#8221;text&#8211;style&#8221; _builder_version=&#8221;4.27.4&#8243; _module_preset=&#8221;default&#8221; custom_button=&#8221;on&#8221; button_icon=&#8221;&#x24;||divi||400&#8243; button_on_hover=&#8221;off&#8221; global_colors_info=&#8221;{}&#8221;][\/et_pb_button][\/et_pb_column][\/et_pb_row][et_pb_row column_structure=&#8221;1_3,1_3,1_3&#8243; module_class=&#8221;content&#8211;row services&#8211;row&#8221; _builder_version=&#8221;4.27.4&#8243; _module_preset=&#8221;default&#8221; global_colors_info=&#8221;{}&#8221;][et_pb_column type=&#8221;1_3&#8243; _builder_version=&#8221;4.27.4&#8243; _module_preset=&#8221;default&#8221; global_colors_info=&#8221;{}&#8221;][et_pb_image src=&#8221;https:\/\/johanbutzow.fi\/wp-content\/uploads\/2025\/09\/Asunto-osakeyhtiooikeus-icon.png&#8221; title_text=&#8221;Asunto-osakeyhti\u00f6oikeus-icon&#8221; admin_label=&#8221;icon&#8221; module_class=&#8221;service&#8211;icon&#8221; _builder_version=&#8221;4.27.4&#8243; _module_preset=&#8221;default&#8221; global_colors_info=&#8221;{}&#8221;][\/et_pb_image][et_pb_heading title=&#8221;Tvister vid fastighetsk\u00f6p&#8221; admin_label=&#8221;Tvister vid fastighetsk\u00f6p&#8221; module_class=&#8221;mb&#8211;0&#8243; _builder_version=&#8221;4.27.4&#8243; _module_preset=&#8221;default&#8221; title_level=&#8221;h3&#8243; global_colors_info=&#8221;{}&#8221;][\/et_pb_heading][et_pb_text module_class=&#8221;text&#8211;custom-1&#8243; _builder_version=&#8221;4.27.4&#8243; _module_preset=&#8221;default&#8221; global_colors_info=&#8221;{}&#8221;]Advokatbyr\u00e5 Johan B\u00fctzow handhar tvister vid fastighetsk\u00f6p med expertis och l\u00e5ng erfarenhet.[\/et_pb_text][et_pb_button button_url=&#8221;\/sv\/vara-tjanster\/tvister-vid-fastighetskop\/&#8221; button_text=&#8221;L\u00e4s mer&#8221; module_class=&#8221;text&#8211;style&#8221; _builder_version=&#8221;4.27.4&#8243; _module_preset=&#8221;default&#8221; custom_button=&#8221;on&#8221; button_icon=&#8221;&#x24;||divi||400&#8243; button_on_hover=&#8221;off&#8221; global_colors_info=&#8221;{}&#8221;][\/et_pb_button][\/et_pb_column][et_pb_column type=&#8221;1_3&#8243; _builder_version=&#8221;4.27.4&#8243; _module_preset=&#8221;default&#8221; global_colors_info=&#8221;{}&#8221;][et_pb_image src=&#8221;\/wp-content\/uploads\/2025\/09\/Perheoikeus-icon.png&#8221; admin_label=&#8221;icon&#8221; module_class=&#8221;service&#8211;icon&#8221; _builder_version=&#8221;4.27.4&#8243; _module_preset=&#8221;default&#8221; global_colors_info=&#8221;{}&#8221;][\/et_pb_image][et_pb_heading title=&#8221;Familjer\u00e4tt&#8221; admin_label=&#8221;Familjer\u00e4tt&#8221; module_class=&#8221;mb&#8211;0&#8243; _builder_version=&#8221;4.27.4&#8243; _module_preset=&#8221;default&#8221; title_level=&#8221;h3&#8243; global_colors_info=&#8221;{}&#8221;][\/et_pb_heading][et_pb_text module_class=&#8221;text&#8211;custom-1&#8243; _builder_version=&#8221;4.27.4&#8243; _module_preset=&#8221;default&#8221; global_colors_info=&#8221;{}&#8221;]Vi handhar alla fr\u00e5gor inom familjer\u00e4tten med expertis.[\/et_pb_text][et_pb_button button_url=&#8221;\/sv\/vara-tjanster\/familjeratt\/&#8221; button_text=&#8221;L\u00e4s mer&#8221; module_class=&#8221;text&#8211;style&#8221; _builder_version=&#8221;4.27.4&#8243; _module_preset=&#8221;default&#8221; custom_button=&#8221;on&#8221; button_icon=&#8221;&#x24;||divi||400&#8243; button_on_hover=&#8221;off&#8221; global_colors_info=&#8221;{}&#8221;][\/et_pb_button][\/et_pb_column][et_pb_column type=&#8221;1_3&#8243; _builder_version=&#8221;4.27.4&#8243; _module_preset=&#8221;default&#8221; global_colors_info=&#8221;{}&#8221;][et_pb_image src=&#8221;\/wp-content\/uploads\/2025\/09\/Perintooikeus-icon.png&#8221; admin_label=&#8221;icon&#8221; module_class=&#8221;service&#8211;icon&#8221; _builder_version=&#8221;4.27.4&#8243; _module_preset=&#8221;default&#8221; global_colors_info=&#8221;{}&#8221;][\/et_pb_image][et_pb_heading title=&#8221;Arvsr\u00e4tt&#8221; admin_label=&#8221;Arvsr\u00e4tt&#8221; module_class=&#8221;mb&#8211;0&#8243; _builder_version=&#8221;4.27.4&#8243; _module_preset=&#8221;default&#8221; title_level=&#8221;h3&#8243; global_colors_info=&#8221;{}&#8221;][\/et_pb_heading][et_pb_text module_class=&#8221;text&#8211;custom-1&#8243; _builder_version=&#8221;4.27.4&#8243; _module_preset=&#8221;default&#8221; global_colors_info=&#8221;{}&#8221;]Advokatbyr\u00e5 Johan B\u00fctzow bist\u00e5r i alla fr\u00e5gor inom arvsr\u00e4tt[\/et_pb_text][et_pb_button button_url=&#8221;\/sv\/vara-tjanster\/arvsratt\/&#8221; button_text=&#8221;L\u00e4s mer&#8221; module_class=&#8221;text&#8211;style&#8221; _builder_version=&#8221;4.27.4&#8243; _module_preset=&#8221;default&#8221; custom_button=&#8221;on&#8221; button_icon=&#8221;&#x24;||divi||400&#8243; button_on_hover=&#8221;off&#8221; global_colors_info=&#8221;{}&#8221;][\/et_pb_button][\/et_pb_column][\/et_pb_row][et_pb_row column_structure=&#8221;1_3,1_3,1_3&#8243; module_class=&#8221;content&#8211;row  services&#8211;row&#8221; _builder_version=&#8221;4.27.4&#8243; _module_preset=&#8221;default&#8221; global_colors_info=&#8221;{}&#8221;][et_pb_column type=&#8221;1_3&#8243; _builder_version=&#8221;4.27.4&#8243; _module_preset=&#8221;default&#8221; global_colors_info=&#8221;{}&#8221;][et_pb_image src=&#8221;https:\/\/johanbutzow.fi\/wp-content\/uploads\/2025\/09\/Perintooikeus-icon.png&#8221; title_text=&#8221;Perint\u00f6oikeus-icon&#8221; admin_label=&#8221;icon&#8221; module_class=&#8221;service&#8211;icon&#8221; _builder_version=&#8221;4.27.4&#8243; _module_preset=&#8221;default&#8221; global_colors_info=&#8221;{}&#8221;][\/et_pb_image][et_pb_heading title=&#8221;Avtalsr\u00e4tt&#8221; admin_label=&#8221;Avtalsr\u00e4tt&#8221; module_class=&#8221;mb&#8211;0&#8243; _builder_version=&#8221;4.27.4&#8243; _module_preset=&#8221;default&#8221; title_level=&#8221;h3&#8243; global_colors_info=&#8221;{}&#8221;][\/et_pb_heading][et_pb_text module_class=&#8221;text&#8211;custom-1&#8243; _builder_version=&#8221;4.27.4&#8243; _module_preset=&#8221;default&#8221; global_colors_info=&#8221;{}&#8221;]Vi handhar alla \u00e4renden inom avtalsr\u00e4tt med stor expertis och noggrannhet.[\/et_pb_text][et_pb_button button_url=&#8221;\/sv\/vara-tjanster\/avtalsratt\/&#8221; button_text=&#8221;L\u00e4s mer&#8221; module_class=&#8221;text&#8211;style&#8221; _builder_version=&#8221;4.27.4&#8243; _module_preset=&#8221;default&#8221; custom_button=&#8221;on&#8221; button_icon=&#8221;&#x24;||divi||400&#8243; button_on_hover=&#8221;off&#8221; global_colors_info=&#8221;{}&#8221;][\/et_pb_button][\/et_pb_column][et_pb_column type=&#8221;1_3&#8243; _builder_version=&#8221;4.27.4&#8243; _module_preset=&#8221;default&#8221; global_colors_info=&#8221;{}&#8221;][et_pb_image src=&#8221;https:\/\/johanbutzow.fi\/wp-content\/uploads\/2025\/09\/Avioero-ja-omaisuudenjako-icon.png&#8221; title_text=&#8221;Avioero-ja-omaisuudenjako-icon&#8221; admin_label=&#8221;icon&#8221; module_class=&#8221;service&#8211;icon&#8221; _builder_version=&#8221;4.27.4&#8243; _module_preset=&#8221;default&#8221; global_colors_info=&#8221;{}&#8221;][\/et_pb_image][et_pb_heading title=&#8221;Arbetsr\u00e4tt&#8221; admin_label=&#8221;Arbetsr\u00e4tt&#8221; module_class=&#8221;mb&#8211;0&#8243; _builder_version=&#8221;4.27.4&#8243; _module_preset=&#8221;default&#8221; title_level=&#8221;h3&#8243; global_colors_info=&#8221;{}&#8221;][\/et_pb_heading][et_pb_text module_class=&#8221;text&#8211;custom-1&#8243; _builder_version=&#8221;4.27.4&#8243; _module_preset=&#8221;default&#8221; global_colors_info=&#8221;{}&#8221;]Advokatbyr\u00e5 Johan B\u00fctzow handhar alla \u00e4renden inom arbetsr\u00e4tt med erfarenhet och expertis.[\/et_pb_text][et_pb_button button_url=&#8221;\/sv\/vara-tjanster\/arbetsratt\/&#8221; button_text=&#8221;L\u00e4s mer&#8221; module_class=&#8221;text&#8211;style&#8221; _builder_version=&#8221;4.27.4&#8243; _module_preset=&#8221;default&#8221; custom_button=&#8221;on&#8221; button_icon=&#8221;&#x24;||divi||400&#8243; button_on_hover=&#8221;off&#8221; global_colors_info=&#8221;{}&#8221;][\/et_pb_button][\/et_pb_column][et_pb_column type=&#8221;1_3&#8243; _builder_version=&#8221;4.27.4&#8243; _module_preset=&#8221;default&#8221; global_colors_info=&#8221;{}&#8221;][et_pb_image src=&#8221;\/wp-content\/uploads\/2025\/09\/Rakennusoikeus-icon.png&#8221; admin_label=&#8221;icon&#8221; module_class=&#8221;service&#8211;icon&#8221; _builder_version=&#8221;4.27.4&#8243; _module_preset=&#8221;default&#8221; global_colors_info=&#8221;{}&#8221;][\/et_pb_image][et_pb_heading title=&#8221;Byggnadsjuridik&#8221; admin_label=&#8221;Byggnadsjuridik&#8221; module_class=&#8221;mb&#8211;0&#8243; _builder_version=&#8221;4.27.4&#8243; _module_preset=&#8221;default&#8221; title_level=&#8221;h3&#8243; global_colors_info=&#8221;{}&#8221;][\/et_pb_heading][et_pb_text module_class=&#8221;text&#8211;custom-1&#8243; _builder_version=&#8221;4.27.4&#8243; _module_preset=&#8221;default&#8221; global_colors_info=&#8221;{}&#8221;]Vi handhar alla bygg- och entreprenadtvister med expertis.[\/et_pb_text][et_pb_button button_url=&#8221;\/sv\/vara-tjanster\/byggratt\/&#8221; button_text=&#8221;L\u00e4s mer&#8221; module_class=&#8221;text&#8211;style&#8221; _builder_version=&#8221;4.27.4&#8243; _module_preset=&#8221;default&#8221; custom_button=&#8221;on&#8221; button_icon=&#8221;&#x24;||divi||400&#8243; button_on_hover=&#8221;off&#8221; global_colors_info=&#8221;{}&#8221;][\/et_pb_button][\/et_pb_column][\/et_pb_row][\/et_pb_section]<\/p>\n","protected":false},"excerpt":{"rendered":"<p>V\u00e5ra centrala verksamhetsomr\u00e5den \u00e4r:Advokatbyr\u00e5 Johan B\u00fctzow handhar bostadsaff\u00e4rstvister med expertis och l\u00e5ng erfarenhetAdvokatbyr\u00e5 Johan B\u00fctzow f\u00f6retr\u00e4der och hj\u00e4lper i alla \u00e4renden som r\u00f6r bostadsaktiebolagAdvokatbyr\u00e5 Johan B\u00fctzow hj\u00e4lper i alla fr\u00e5gor som r\u00f6r \u00e4ktenskapsf\u00f6rm\u00f6genhet och avvittring.Advokatbyr\u00e5 Johan B\u00fctzow handhar tvister vid fastighetsk\u00f6p med expertis och l\u00e5ng erfarenhet.Vi handhar alla fr\u00e5gor inom familjer\u00e4tten med expertis.Advokatbyr\u00e5 Johan B\u00fctzow [&hellip;]<\/p>\n","protected":false},"author":1,"featured_media":0,"parent":0,"menu_order":0,"comment_status":"closed","ping_status":"closed","template":"","meta":{"_et_pb_use_builder":"on","_et_pb_old_content":"","_et_gb_content_width":"","footnotes":""},"class_list":["post-453","page","type-page","status-publish","hentry"],"yoast_head":"<!-- This site is optimized with the Yoast SEO plugin v27.4 - https:\/\/yoast.com\/product\/yoast-seo-wordpress\/ -->\n<title>V\u00e5ra tj\u00e4nster - Asianajotoimisto Johan Butzow Oy<\/title>\n<meta name=\"robots\" content=\"index, follow, max-snippet:-1, max-image-preview:large, max-video-preview:-1\" \/>\n<link rel=\"canonical\" href=\"https:\/\/johanbutzow.fi\/sv\/vara-tjanster\/\" \/>\n<meta property=\"og:locale\" content=\"sv_SE\" \/>\n<meta property=\"og:type\" content=\"article\" \/>\n<meta property=\"og:title\" content=\"V\u00e5ra tj\u00e4nster - Asianajotoimisto Johan Butzow Oy\" \/>\n<meta property=\"og:description\" content=\"V\u00e5ra centrala verksamhetsomr\u00e5den \u00e4r:Advokatbyr\u00e5 Johan B\u00fctzow handhar bostadsaff\u00e4rstvister med expertis och l\u00e5ng erfarenhetAdvokatbyr\u00e5 Johan B\u00fctzow f\u00f6retr\u00e4der och hj\u00e4lper i alla \u00e4renden som r\u00f6r bostadsaktiebolagAdvokatbyr\u00e5 Johan B\u00fctzow hj\u00e4lper i alla fr\u00e5gor som r\u00f6r \u00e4ktenskapsf\u00f6rm\u00f6genhet och avvittring.Advokatbyr\u00e5 Johan B\u00fctzow handhar tvister vid fastighetsk\u00f6p med expertis och l\u00e5ng erfarenhet.Vi handhar alla fr\u00e5gor inom familjer\u00e4tten med expertis.Advokatbyr\u00e5 Johan B\u00fctzow [&hellip;]\" \/>\n<meta property=\"og:url\" content=\"https:\/\/johanbutzow.fi\/sv\/vara-tjanster\/\" \/>\n<meta property=\"og:site_name\" content=\"Asianajotoimisto Johan Butzow Oy\" \/>\n<meta property=\"article:modified_time\" content=\"2026-01-20T11:09:31+00:00\" \/>\n<meta name=\"twitter:card\" content=\"summary_large_image\" \/>\n<meta name=\"twitter:label1\" content=\"Ber\u00e4knad l\u00e4stid\" \/>\n\t<meta name=\"twitter:data1\" content=\"3 minuter\" \/>\n<script type=\"application\/ld+json\" class=\"yoast-schema-graph\">{\"@context\":\"https:\\\/\\\/schema.org\",\"@graph\":[{\"@type\":\"WebPage\",\"@id\":\"https:\\\/\\\/johanbutzow.fi\\\/sv\\\/vara-tjanster\\\/\",\"url\":\"https:\\\/\\\/johanbutzow.fi\\\/sv\\\/vara-tjanster\\\/\",\"name\":\"V\u00e5ra tj\u00e4nster - Asianajotoimisto Johan Butzow Oy\",\"isPartOf\":{\"@id\":\"https:\\\/\\\/johanbutzow.fi\\\/sv\\\/#website\"},\"datePublished\":\"2025-09-04T07:24:30+00:00\",\"dateModified\":\"2026-01-20T11:09:31+00:00\",\"breadcrumb\":{\"@id\":\"https:\\\/\\\/johanbutzow.fi\\\/sv\\\/vara-tjanster\\\/#breadcrumb\"},\"inLanguage\":\"sv-SE\",\"potentialAction\":[{\"@type\":\"ReadAction\",\"target\":[\"https:\\\/\\\/johanbutzow.fi\\\/sv\\\/vara-tjanster\\\/\"]}]},{\"@type\":\"BreadcrumbList\",\"@id\":\"https:\\\/\\\/johanbutzow.fi\\\/sv\\\/vara-tjanster\\\/#breadcrumb\",\"itemListElement\":[{\"@type\":\"ListItem\",\"position\":1,\"name\":\"Home\",\"item\":\"https:\\\/\\\/johanbutzow.fi\\\/sv\\\/\"},{\"@type\":\"ListItem\",\"position\":2,\"name\":\"V\u00e5ra tj\u00e4nster\"}]},{\"@type\":\"WebSite\",\"@id\":\"https:\\\/\\\/johanbutzow.fi\\\/sv\\\/#website\",\"url\":\"https:\\\/\\\/johanbutzow.fi\\\/sv\\\/\",\"name\":\"Asianajotoimisto Johan Butzow Oy\",\"description\":\"\",\"potentialAction\":[{\"@type\":\"SearchAction\",\"target\":{\"@type\":\"EntryPoint\",\"urlTemplate\":\"https:\\\/\\\/johanbutzow.fi\\\/sv\\\/?s={search_term_string}\"},\"query-input\":{\"@type\":\"PropertyValueSpecification\",\"valueRequired\":true,\"valueName\":\"search_term_string\"}}],\"inLanguage\":\"sv-SE\"}]}<\/script>\n<!-- \/ Yoast SEO plugin. -->","yoast_head_json":{"title":"V\u00e5ra tj\u00e4nster - Asianajotoimisto Johan Butzow Oy","robots":{"index":"index","follow":"follow","max-snippet":"max-snippet:-1","max-image-preview":"max-image-preview:large","max-video-preview":"max-video-preview:-1"},"canonical":"https:\/\/johanbutzow.fi\/sv\/vara-tjanster\/","og_locale":"sv_SE","og_type":"article","og_title":"V\u00e5ra tj\u00e4nster - Asianajotoimisto Johan Butzow Oy","og_description":"V\u00e5ra centrala verksamhetsomr\u00e5den \u00e4r:Advokatbyr\u00e5 Johan B\u00fctzow handhar bostadsaff\u00e4rstvister med expertis och l\u00e5ng erfarenhetAdvokatbyr\u00e5 Johan B\u00fctzow f\u00f6retr\u00e4der och hj\u00e4lper i alla \u00e4renden som r\u00f6r bostadsaktiebolagAdvokatbyr\u00e5 Johan B\u00fctzow hj\u00e4lper i alla fr\u00e5gor som r\u00f6r \u00e4ktenskapsf\u00f6rm\u00f6genhet och avvittring.Advokatbyr\u00e5 Johan B\u00fctzow handhar tvister vid fastighetsk\u00f6p med expertis och l\u00e5ng erfarenhet.Vi handhar alla fr\u00e5gor inom familjer\u00e4tten med expertis.Advokatbyr\u00e5 Johan B\u00fctzow [&hellip;]","og_url":"https:\/\/johanbutzow.fi\/sv\/vara-tjanster\/","og_site_name":"Asianajotoimisto Johan Butzow Oy","article_modified_time":"2026-01-20T11:09:31+00:00","twitter_card":"summary_large_image","twitter_misc":{"Ber\u00e4knad l\u00e4stid":"3 minuter"},"schema":{"@context":"https:\/\/schema.org","@graph":[{"@type":"WebPage","@id":"https:\/\/johanbutzow.fi\/sv\/vara-tjanster\/","url":"https:\/\/johanbutzow.fi\/sv\/vara-tjanster\/","name":"V\u00e5ra tj\u00e4nster - Asianajotoimisto Johan Butzow Oy","isPartOf":{"@id":"https:\/\/johanbutzow.fi\/sv\/#website"},"datePublished":"2025-09-04T07:24:30+00:00","dateModified":"2026-01-20T11:09:31+00:00","breadcrumb":{"@id":"https:\/\/johanbutzow.fi\/sv\/vara-tjanster\/#breadcrumb"},"inLanguage":"sv-SE","potentialAction":[{"@type":"ReadAction","target":["https:\/\/johanbutzow.fi\/sv\/vara-tjanster\/"]}]},{"@type":"BreadcrumbList","@id":"https:\/\/johanbutzow.fi\/sv\/vara-tjanster\/#breadcrumb","itemListElement":[{"@type":"ListItem","position":1,"name":"Home","item":"https:\/\/johanbutzow.fi\/sv\/"},{"@type":"ListItem","position":2,"name":"V\u00e5ra tj\u00e4nster"}]},{"@type":"WebSite","@id":"https:\/\/johanbutzow.fi\/sv\/#website","url":"https:\/\/johanbutzow.fi\/sv\/","name":"Asianajotoimisto Johan Butzow Oy","description":"","potentialAction":[{"@type":"SearchAction","target":{"@type":"EntryPoint","urlTemplate":"https:\/\/johanbutzow.fi\/sv\/?s={search_term_string}"},"query-input":{"@type":"PropertyValueSpecification","valueRequired":true,"valueName":"search_term_string"}}],"inLanguage":"sv-SE"}]}},"_links":{"self":[{"href":"https:\/\/johanbutzow.fi\/sv\/wp-json\/wp\/v2\/pages\/453","targetHints":{"allow":["GET"]}}],"collection":[{"href":"https:\/\/johanbutzow.fi\/sv\/wp-json\/wp\/v2\/pages"}],"about":[{"href":"https:\/\/johanbutzow.fi\/sv\/wp-json\/wp\/v2\/types\/page"}],"author":[{"embeddable":true,"href":"https:\/\/johanbutzow.fi\/sv\/wp-json\/wp\/v2\/users\/1"}],"replies":[{"embeddable":true,"href":"https:\/\/johanbutzow.fi\/sv\/wp-json\/wp\/v2\/comments?post=453"}],"version-history":[{"count":5,"href":"https:\/\/johanbutzow.fi\/sv\/wp-json\/wp\/v2\/pages\/453\/revisions"}],"predecessor-version":[{"id":854,"href":"https:\/\/johanbutzow.fi\/sv\/wp-json\/wp\/v2\/pages\/453\/revisions\/854"}],"wp:attachment":[{"href":"https:\/\/johanbutzow.fi\/sv\/wp-json\/wp\/v2\/media?parent=453"}],"curies":[{"name":"wp","href":"https:\/\/api.w.org\/{rel}","templated":true}]}}