{"id":457,"date":"2025-09-04T11:23:22","date_gmt":"2025-09-04T08:23:22","guid":{"rendered":"https:\/\/johanbutzow.fi\/palvelut\/arvio-ja-omaisuudenjako\/"},"modified":"2026-01-20T14:22:37","modified_gmt":"2026-01-20T12:22:37","slug":"avtalsratt","status":"publish","type":"page","link":"https:\/\/johanbutzow.fi\/sv\/vara-tjanster\/avtalsratt\/","title":{"rendered":"Avtalsr\u00e4tt"},"content":{"rendered":"<p>[et_pb_section fb_built=&#8221;1&#8243; module_class=&#8221;header&#8211;section&#8221; _builder_version=&#8221;4.27.4&#8243; _module_preset=&#8221;default&#8221; use_background_color_gradient=&#8221;on&#8221; background_color_gradient_stops=&#8221;rgba(26,26,26,0.95) 0%|rgba(26,26,26,0.83) 100%&#8221; background_color_gradient_overlays_image=&#8221;on&#8221; background_image=&#8221;\/wp-content\/uploads\/2025\/09\/ASIANAJOTOIMISTO-JOHAN-BUTZOW-avioero-ja-omaisuudenjako.jpg&#8221; global_colors_info=&#8221;{}&#8221;][et_pb_row module_class=&#8221;header&#8211;row&#8221; _builder_version=&#8221;4.27.4&#8243; _module_preset=&#8221;default&#8221; global_colors_info=&#8221;{}&#8221;][et_pb_column type=&#8221;4_4&#8243; _builder_version=&#8221;4.27.4&#8243; _module_preset=&#8221;default&#8221; global_colors_info=&#8221;{}&#8221;][et_pb_heading title=&#8221;Arvio ja Omaisuudenjako&#8221; disabled_on=&#8221;on|on|on&#8221; module_class=&#8221;mb&#8211;0&#8243; _builder_version=&#8221;4.27.4&#8243; _module_preset=&#8221;default&#8221; title_level=&#8221;h4&#8243; hover_enabled=&#8221;0&#8243; disabled=&#8221;on&#8221; global_colors_info=&#8221;{}&#8221; sticky_enabled=&#8221;0&#8243;][\/et_pb_heading][et_pb_heading title=&#8221;Avtalsr\u00e4tt&#8221; admin_label=&#8221;Avtalsr\u00e4tt&#8221; _builder_version=&#8221;4.27.4&#8243; _module_preset=&#8221;default&#8221; hover_enabled=&#8221;0&#8243; global_colors_info=&#8221;{}&#8221; sticky_enabled=&#8221;0&#8243;][\/et_pb_heading][et_pb_text _builder_version=&#8221;4.27.4&#8243; _module_preset=&#8221;default&#8221; global_colors_info=&#8221;{}&#8221;]Olika typer av avtal utg\u00f6r en central del av b\u00e5de privatpersoners och f\u00f6retags vardag. Genom avtal fastst\u00e4lls parternas r\u00e4ttigheter och skyldigheter. Inom avtalsr\u00e4tten \u00e4r det av avg\u00f6rande betydelse att f\u00f6rst\u00e5 hur ett avtal kommer till st\u00e5nd, vilka formkrav som eventuellt g\u00e4ller, hur avtalet binder parterna, p\u00e5 vilket s\u00e4tt avtalet kan upph\u00f6ra samt vilka r\u00e4ttsliga f\u00f6ljder ett avtalsbrott kan medf\u00f6ra.[\/et_pb_text][et_pb_button button_text=&#8221;Beg\u00e4r en kostnadsfri bed\u00f6mning av ditt \u00e4rende&#8221; _builder_version=&#8221;4.27.4&#8243; _module_preset=&#8221;default&#8221; custom_button=&#8221;on&#8221; button_icon=&#8221;&#x24;||divi||400&#8243; button_on_hover=&#8221;off&#8221; hover_enabled=&#8221;0&#8243; global_colors_info=&#8221;{}&#8221; button_url=&#8221;\/sv\/kontakt&#8221; sticky_enabled=&#8221;0&#8243;][\/et_pb_button][\/et_pb_column][\/et_pb_row][\/et_pb_section][et_pb_section fb_built=&#8221;1&#8243; module_id=&#8221;ositus&#8221; module_class=&#8221;content&#8211;section bg&#8211;custom&#8211;2&#8211;alpha&#8221; _builder_version=&#8221;4.27.4&#8243; _module_preset=&#8221;default&#8221; global_colors_info=&#8221;{}&#8221;][et_pb_row module_class=&#8221;content&#8211;row&#8221; _builder_version=&#8221;4.27.4&#8243; _module_preset=&#8221;default&#8221; global_colors_info=&#8221;{}&#8221;][et_pb_column type=&#8221;4_4&#8243; _builder_version=&#8221;4.27.4&#8243; _module_preset=&#8221;default&#8221; global_colors_info=&#8221;{}&#8221;][et_pb_text _builder_version=&#8221;4.27.4&#8243; _module_preset=&#8221;default&#8221; global_colors_info=&#8221;{}&#8221;]F\u00f6r en stor del av avtalstyperna finns ingen uttrycklig lagreglering, och ett avtal kan d\u00e4rf\u00f6r vara mycket informellt till sin form. Ofta \u00e4r redan ett muntligt avtal bindande f\u00f6r parterna, medan vissa avtal f\u00f6ruts\u00e4tter att strikta skriftliga formkrav uppfylls. Underl\u00e5tenhet att iaktta formkraven kan leda till att avtalet inte \u00e4r bindande, vilket i en eventuell tvist kan f\u00e5 betydande konsekvenser.<\/p>\n<p>Avtalsfriheten inneb\u00e4r att parterna i princip fritt kan avg\u00f6ra om de vill ing\u00e5 avtal, med vem och p\u00e5 vilka villkor. Avtalsfriheten \u00e4r dock inte obegr\u00e4nsad, utan kan i vissa situationer inskr\u00e4nkas genom tvingande lagstiftning. Av denna anledning \u00e4r det viktigt att vid uppr\u00e4ttandet av avtal beakta samtliga omst\u00e4ndigheter som kan p\u00e5verka avtalets giltighet och inneh\u00e5ll.[\/et_pb_text][et_pb_button button_text=&#8221;Beg\u00e4r en kostnadsfri bed\u00f6mning av ditt \u00e4rende&#8221; _builder_version=&#8221;4.27.4&#8243; _module_preset=&#8221;default&#8221; custom_button=&#8221;on&#8221; button_icon=&#8221;&#x24;||divi||400&#8243; button_on_hover=&#8221;off&#8221; hover_enabled=&#8221;0&#8243; global_colors_info=&#8221;{}&#8221; button_url=&#8221;\/sv\/kontakt&#8221; sticky_enabled=&#8221;0&#8243;][\/et_pb_button][et_pb_text _builder_version=&#8221;4.27.4&#8243; _module_preset=&#8221;default&#8221; global_colors_info=&#8221;{}&#8221;]V\u00e5ra jurister erbjuder r\u00e5dgivning inom avtalsr\u00e4tt och bist\u00e5r vid uppr\u00e4ttande av olika typer av avtal. P\u00e5 s\u00e5 s\u00e4tt kan parterna f\u00f6rs\u00e4kra sig om att avtalet uppfyller till\u00e4mpliga formkrav, att skyddet f\u00f6r en eventuellt svagare part har beaktats och att avtalet \u00e4r utformat s\u00e5 att risken f\u00f6r tolkningsproblem minimeras.<\/p>\n<p>Avtalstvister uppkommer mycket ofta till f\u00f6ljd av att parterna tolkar avtalet p\u00e5 olika s\u00e4tt. Inom avtalsr\u00e4tten finns etablerade principer f\u00f6r hur oklara avtalsvillkor ska tolkas och till vems nackdel oklarheten ska falla. Trots detta kan otydliga avtalsvillkor leda till kostsamma och of\u00f6rdelaktiga tvister f\u00f6r b\u00e5da parter. V\u00e5ra jurister bist\u00e5r vid tolkning av avtal och oklara avtalsvillkor samt i tvister som r\u00f6r avtalsf\u00f6rh\u00e5llanden.<\/p>\n<p>Ett v\u00e4l genomarbetat avtal f\u00f6rebygger tvister och skapar f\u00f6rutsebarhet i parternas r\u00e4ttsf\u00f6rh\u00e5llande. Av denna anledning \u00e4r det ofta motiverat att anf\u00f6rtro uppr\u00e4ttandet av avtal till en sakkunnig. <\/p>\n<p>V\u00e5ra jurister bist\u00e5r vid avtalsf\u00f6rhandlingar samt vid uppr\u00e4ttande av olika typer av avtal, riskbed\u00f6mning, avtalstolkning och i samtliga typer av avtalstvister.<\/p>\n<p><strong>V\u00e5r advokatbyr\u00e5 har kontor i Helsingfors och Borg\u00e5, men v\u00e5ra jurister betj\u00e4nar i hela Finland.<\/strong>[\/et_pb_text][\/et_pb_column][\/et_pb_row][\/et_pb_section][et_pb_section fb_built=&#8221;1&#8243; module_id=&#8221;osituksen-sovittelu&#8221; module_class=&#8221;content&#8211;section  &#8221; _builder_version=&#8221;4.27.4&#8243; _module_preset=&#8221;default&#8221; global_colors_info=&#8221;{}&#8221;][et_pb_row module_class=&#8221;content&#8211;row&#8221; _builder_version=&#8221;4.27.4&#8243; _module_preset=&#8221;default&#8221; global_colors_info=&#8221;{}&#8221;][et_pb_column type=&#8221;4_4&#8243; _builder_version=&#8221;4.27.4&#8243; _module_preset=&#8221;default&#8221; global_colors_info=&#8221;{}&#8221;][et_pb_text _builder_version=&#8221;4.27.4&#8243; _module_preset=&#8221;default&#8221; global_colors_info=&#8221;{}&#8221;]<em><strong>V\u00e5ra avtalsr\u00e4ttsliga tj\u00e4nster omfattar bland annat f\u00f6ljande avtalstyper:<\/strong><\/em><br \/>\n&nbsp;<\/p>\n<ul>\n<li>k\u00f6peavtal<\/li>\n<li>leverans- och upphandlingsavtal<\/li>\n<li>samarbets- och partnerskapsavtal<\/li>\n<li>distributionsavtal<\/li>\n<li>sekretessavtal<\/li>\n<li>anst\u00e4llningsavtal och direkt\u00f6rsavtal<\/li>\n<li>hyresavtal (aff\u00e4rslokaler, kontorslokaler och bostadsl\u00e4genheter)<\/li>\n<li>aktie\u00e4garavtal och bolagsavtal<\/li>\n<li>konsult- och expertavtal<\/li>\n<li>tj\u00e4nsteavtal <\/li>\n<li>franchiseavtal<\/li>\n<li>finansierings- och l\u00e5neavtal<\/li>\n<li>avtal vid bostads- och fastighetsk\u00f6p<\/li>\n<li>skuldebrev och l\u00e5neavtal<\/li>\n<li>avtal med anknytning till \u00e4ktenskap och \u00e4ktenskapsskillnad (\u00e4ktenskapsf\u00f6rord, avtal om avvittring)<\/li>\n<li>g\u00e5vo- och arvsavtal<\/li>\n<li>anst\u00e4llningsavtal och uppdragsavtal<\/li>\n<li>avtal med anknytning till konsumentf\u00f6rh\u00e5llanden<\/li>\n<\/ul>\n<p>[\/et_pb_text][et_pb_button button_text=&#8221;Beg\u00e4r en kostnadsfri bed\u00f6mning av ditt \u00e4rende&#8221; _builder_version=&#8221;4.27.4&#8243; _module_preset=&#8221;default&#8221; custom_button=&#8221;on&#8221; button_icon=&#8221;&#x24;||divi||400&#8243; button_on_hover=&#8221;off&#8221; hover_enabled=&#8221;0&#8243; global_colors_info=&#8221;{}&#8221; button_url=&#8221;\/sv\/kontakt&#8221; sticky_enabled=&#8221;0&#8243;][\/et_pb_button][\/et_pb_column][\/et_pb_row][\/et_pb_section]<\/p>\n","protected":false},"excerpt":{"rendered":"<p>Olika typer av avtal utg\u00f6r en central del av b\u00e5de privatpersoners och f\u00f6retags vardag. Genom avtal fastst\u00e4lls parternas r\u00e4ttigheter och skyldigheter. Inom avtalsr\u00e4tten \u00e4r det av avg\u00f6rande betydelse att f\u00f6rst\u00e5 hur ett avtal kommer till st\u00e5nd, vilka formkrav som eventuellt g\u00e4ller, hur avtalet binder parterna, p\u00e5 vilket s\u00e4tt avtalet kan upph\u00f6ra samt vilka r\u00e4ttsliga f\u00f6ljder [&hellip;]<\/p>\n","protected":false},"author":1,"featured_media":0,"parent":453,"menu_order":0,"comment_status":"closed","ping_status":"closed","template":"","meta":{"_et_pb_use_builder":"on","_et_pb_old_content":"","_et_gb_content_width":"","footnotes":""},"class_list":["post-457","page","type-page","status-publish","hentry"],"yoast_head":"<!-- This site is optimized with the Yoast SEO plugin v27.4 - https:\/\/yoast.com\/product\/yoast-seo-wordpress\/ -->\n<title>Avtalsr\u00e4tt - Asianajotoimisto Johan Butzow Oy<\/title>\n<meta name=\"robots\" content=\"index, follow, max-snippet:-1, max-image-preview:large, max-video-preview:-1\" \/>\n<link rel=\"canonical\" href=\"https:\/\/johanbutzow.fi\/sv\/vara-tjanster\/avtalsratt\/\" \/>\n<meta property=\"og:locale\" content=\"sv_SE\" \/>\n<meta property=\"og:type\" content=\"article\" \/>\n<meta property=\"og:title\" content=\"Avtalsr\u00e4tt - Asianajotoimisto Johan Butzow Oy\" \/>\n<meta property=\"og:description\" content=\"Olika typer av avtal utg\u00f6r en central del av b\u00e5de privatpersoners och f\u00f6retags vardag. Genom avtal fastst\u00e4lls parternas r\u00e4ttigheter och skyldigheter. Inom avtalsr\u00e4tten \u00e4r det av avg\u00f6rande betydelse att f\u00f6rst\u00e5 hur ett avtal kommer till st\u00e5nd, vilka formkrav som eventuellt g\u00e4ller, hur avtalet binder parterna, p\u00e5 vilket s\u00e4tt avtalet kan upph\u00f6ra samt vilka r\u00e4ttsliga f\u00f6ljder [&hellip;]\" \/>\n<meta property=\"og:url\" content=\"https:\/\/johanbutzow.fi\/sv\/vara-tjanster\/avtalsratt\/\" \/>\n<meta property=\"og:site_name\" content=\"Asianajotoimisto Johan Butzow Oy\" \/>\n<meta property=\"article:modified_time\" content=\"2026-01-20T12:22:37+00:00\" \/>\n<meta name=\"twitter:card\" content=\"summary_large_image\" \/>\n<meta name=\"twitter:label1\" content=\"Ber\u00e4knad l\u00e4stid\" \/>\n\t<meta name=\"twitter:data1\" content=\"3 minuter\" \/>\n<script type=\"application\/ld+json\" class=\"yoast-schema-graph\">{\"@context\":\"https:\\\/\\\/schema.org\",\"@graph\":[{\"@type\":\"WebPage\",\"@id\":\"https:\\\/\\\/johanbutzow.fi\\\/sv\\\/vara-tjanster\\\/avtalsratt\\\/\",\"url\":\"https:\\\/\\\/johanbutzow.fi\\\/sv\\\/vara-tjanster\\\/avtalsratt\\\/\",\"name\":\"Avtalsr\u00e4tt - Asianajotoimisto Johan Butzow Oy\",\"isPartOf\":{\"@id\":\"https:\\\/\\\/johanbutzow.fi\\\/sv\\\/#website\"},\"datePublished\":\"2025-09-04T08:23:22+00:00\",\"dateModified\":\"2026-01-20T12:22:37+00:00\",\"breadcrumb\":{\"@id\":\"https:\\\/\\\/johanbutzow.fi\\\/sv\\\/vara-tjanster\\\/avtalsratt\\\/#breadcrumb\"},\"inLanguage\":\"sv-SE\",\"potentialAction\":[{\"@type\":\"ReadAction\",\"target\":[\"https:\\\/\\\/johanbutzow.fi\\\/sv\\\/vara-tjanster\\\/avtalsratt\\\/\"]}]},{\"@type\":\"BreadcrumbList\",\"@id\":\"https:\\\/\\\/johanbutzow.fi\\\/sv\\\/vara-tjanster\\\/avtalsratt\\\/#breadcrumb\",\"itemListElement\":[{\"@type\":\"ListItem\",\"position\":1,\"name\":\"Home\",\"item\":\"https:\\\/\\\/johanbutzow.fi\\\/sv\\\/\"},{\"@type\":\"ListItem\",\"position\":2,\"name\":\"V\u00e5ra tj\u00e4nster\",\"item\":\"https:\\\/\\\/johanbutzow.fi\\\/sv\\\/vara-tjanster\\\/\"},{\"@type\":\"ListItem\",\"position\":3,\"name\":\"Avtalsr\u00e4tt\"}]},{\"@type\":\"WebSite\",\"@id\":\"https:\\\/\\\/johanbutzow.fi\\\/sv\\\/#website\",\"url\":\"https:\\\/\\\/johanbutzow.fi\\\/sv\\\/\",\"name\":\"Asianajotoimisto Johan Butzow Oy\",\"description\":\"\",\"potentialAction\":[{\"@type\":\"SearchAction\",\"target\":{\"@type\":\"EntryPoint\",\"urlTemplate\":\"https:\\\/\\\/johanbutzow.fi\\\/sv\\\/?s={search_term_string}\"},\"query-input\":{\"@type\":\"PropertyValueSpecification\",\"valueRequired\":true,\"valueName\":\"search_term_string\"}}],\"inLanguage\":\"sv-SE\"}]}<\/script>\n<!-- \/ Yoast SEO plugin. -->","yoast_head_json":{"title":"Avtalsr\u00e4tt - Asianajotoimisto Johan Butzow Oy","robots":{"index":"index","follow":"follow","max-snippet":"max-snippet:-1","max-image-preview":"max-image-preview:large","max-video-preview":"max-video-preview:-1"},"canonical":"https:\/\/johanbutzow.fi\/sv\/vara-tjanster\/avtalsratt\/","og_locale":"sv_SE","og_type":"article","og_title":"Avtalsr\u00e4tt - Asianajotoimisto Johan Butzow Oy","og_description":"Olika typer av avtal utg\u00f6r en central del av b\u00e5de privatpersoners och f\u00f6retags vardag. Genom avtal fastst\u00e4lls parternas r\u00e4ttigheter och skyldigheter. Inom avtalsr\u00e4tten \u00e4r det av avg\u00f6rande betydelse att f\u00f6rst\u00e5 hur ett avtal kommer till st\u00e5nd, vilka formkrav som eventuellt g\u00e4ller, hur avtalet binder parterna, p\u00e5 vilket s\u00e4tt avtalet kan upph\u00f6ra samt vilka r\u00e4ttsliga f\u00f6ljder [&hellip;]","og_url":"https:\/\/johanbutzow.fi\/sv\/vara-tjanster\/avtalsratt\/","og_site_name":"Asianajotoimisto Johan Butzow Oy","article_modified_time":"2026-01-20T12:22:37+00:00","twitter_card":"summary_large_image","twitter_misc":{"Ber\u00e4knad l\u00e4stid":"3 minuter"},"schema":{"@context":"https:\/\/schema.org","@graph":[{"@type":"WebPage","@id":"https:\/\/johanbutzow.fi\/sv\/vara-tjanster\/avtalsratt\/","url":"https:\/\/johanbutzow.fi\/sv\/vara-tjanster\/avtalsratt\/","name":"Avtalsr\u00e4tt - Asianajotoimisto Johan Butzow Oy","isPartOf":{"@id":"https:\/\/johanbutzow.fi\/sv\/#website"},"datePublished":"2025-09-04T08:23:22+00:00","dateModified":"2026-01-20T12:22:37+00:00","breadcrumb":{"@id":"https:\/\/johanbutzow.fi\/sv\/vara-tjanster\/avtalsratt\/#breadcrumb"},"inLanguage":"sv-SE","potentialAction":[{"@type":"ReadAction","target":["https:\/\/johanbutzow.fi\/sv\/vara-tjanster\/avtalsratt\/"]}]},{"@type":"BreadcrumbList","@id":"https:\/\/johanbutzow.fi\/sv\/vara-tjanster\/avtalsratt\/#breadcrumb","itemListElement":[{"@type":"ListItem","position":1,"name":"Home","item":"https:\/\/johanbutzow.fi\/sv\/"},{"@type":"ListItem","position":2,"name":"V\u00e5ra tj\u00e4nster","item":"https:\/\/johanbutzow.fi\/sv\/vara-tjanster\/"},{"@type":"ListItem","position":3,"name":"Avtalsr\u00e4tt"}]},{"@type":"WebSite","@id":"https:\/\/johanbutzow.fi\/sv\/#website","url":"https:\/\/johanbutzow.fi\/sv\/","name":"Asianajotoimisto Johan Butzow Oy","description":"","potentialAction":[{"@type":"SearchAction","target":{"@type":"EntryPoint","urlTemplate":"https:\/\/johanbutzow.fi\/sv\/?s={search_term_string}"},"query-input":{"@type":"PropertyValueSpecification","valueRequired":true,"valueName":"search_term_string"}}],"inLanguage":"sv-SE"}]}},"_links":{"self":[{"href":"https:\/\/johanbutzow.fi\/sv\/wp-json\/wp\/v2\/pages\/457","targetHints":{"allow":["GET"]}}],"collection":[{"href":"https:\/\/johanbutzow.fi\/sv\/wp-json\/wp\/v2\/pages"}],"about":[{"href":"https:\/\/johanbutzow.fi\/sv\/wp-json\/wp\/v2\/types\/page"}],"author":[{"embeddable":true,"href":"https:\/\/johanbutzow.fi\/sv\/wp-json\/wp\/v2\/users\/1"}],"replies":[{"embeddable":true,"href":"https:\/\/johanbutzow.fi\/sv\/wp-json\/wp\/v2\/comments?post=457"}],"version-history":[{"count":4,"href":"https:\/\/johanbutzow.fi\/sv\/wp-json\/wp\/v2\/pages\/457\/revisions"}],"predecessor-version":[{"id":884,"href":"https:\/\/johanbutzow.fi\/sv\/wp-json\/wp\/v2\/pages\/457\/revisions\/884"}],"up":[{"embeddable":true,"href":"https:\/\/johanbutzow.fi\/sv\/wp-json\/wp\/v2\/pages\/453"}],"wp:attachment":[{"href":"https:\/\/johanbutzow.fi\/sv\/wp-json\/wp\/v2\/media?parent=457"}],"curies":[{"name":"wp","href":"https:\/\/api.w.org\/{rel}","templated":true}]}}