{"id":461,"date":"2025-09-04T11:45:48","date_gmt":"2025-09-04T08:45:48","guid":{"rendered":"https:\/\/johanbutzow.fi\/palvelut\/asunto-osakeyhtiooikeus\/"},"modified":"2026-01-20T13:22:43","modified_gmt":"2026-01-20T11:22:43","slug":"husbolagstvister","status":"publish","type":"page","link":"https:\/\/johanbutzow.fi\/sv\/vara-tjanster\/husbolagstvister\/","title":{"rendered":"Husbolagstvister"},"content":{"rendered":"<p>[et_pb_section fb_built=&#8221;1&#8243; module_class=&#8221;header&#8211;section&#8221; _builder_version=&#8221;4.27.4&#8243; _module_preset=&#8221;default&#8221; use_background_color_gradient=&#8221;on&#8221; background_color_gradient_stops=&#8221;rgba(26,26,26,0.95) 0%|rgba(26,26,26,0.83) 100%&#8221; background_color_gradient_overlays_image=&#8221;on&#8221; background_image=&#8221;\/wp-content\/uploads\/2025\/09\/ASIANAJOTOIMISTO-JOHAN-BUTZOW-HELSINKI-PORVOO.jpg&#8221; global_colors_info=&#8221;{}&#8221;][et_pb_row module_class=&#8221;header&#8211;row&#8221; _builder_version=&#8221;4.27.4&#8243; _module_preset=&#8221;default&#8221; global_colors_info=&#8221;{}&#8221;][et_pb_column type=&#8221;4_4&#8243; _builder_version=&#8221;4.27.4&#8243; _module_preset=&#8221;default&#8221; global_colors_info=&#8221;{}&#8221;][et_pb_heading title=&#8221;Bostadsaktiebolagslag | Bolagsordning | Reparationer och underh\u00e5ll | Tvister mellan bostadsaktiebolaget och aktie\u00e4gare&#8221; admin_label=&#8221;Asunto-osakeyhti\u00f6laki | Asunto-osakeyhti\u00f6n yhti\u00f6j\u00e4rjestys | Asunto-osakeyhti\u00f6n korjaukset ja kunnossapito | Asunto-osakeyhti\u00f6n ja osakkaiden v\u00e4liset riidat&#8221; module_class=&#8221;mb&#8211;0&#8243; _builder_version=&#8221;4.27.4&#8243; _module_preset=&#8221;default&#8221; title_level=&#8221;h4&#8243; hover_enabled=&#8221;0&#8243; global_colors_info=&#8221;{}&#8221; sticky_enabled=&#8221;0&#8243;][\/et_pb_heading][et_pb_heading title=&#8221;Husbolagstvister&#8221; admin_label=&#8221;Husbolagstvister&#8221; _builder_version=&#8221;4.27.4&#8243; _module_preset=&#8221;default&#8221; global_colors_info=&#8221;{}&#8221;][\/et_pb_heading][et_pb_text _builder_version=&#8221;4.27.4&#8243; _module_preset=&#8221;default&#8221; global_colors_info=&#8221;{}&#8221;]Till v\u00e5ra centrala verksamhetsomr\u00e5den h\u00f6r olika husbolagstvister. Ofta handlar husbolagstvister om bostadsaktiebolagets underh\u00e5llsansvar, reparationer, aktie\u00e4garens \u00e4ndringsarbeten, besittningen av utrymmen samt aktie\u00e4garnas betalningsskyldighet och grunderna f\u00f6r bolagsvederlaget. [\/et_pb_text][et_pb_button button_text=&#8221;Beg\u00e4r en kostnadsfri bed\u00f6mning av ditt \u00e4rende&#8221; _builder_version=&#8221;4.27.4&#8243; _module_preset=&#8221;default&#8221; custom_button=&#8221;on&#8221; button_icon=&#8221;&#x24;||divi||400&#8243; button_on_hover=&#8221;off&#8221; hover_enabled=&#8221;0&#8243; global_colors_info=&#8221;{}&#8221; button_url=&#8221;\/sv\/kontakt&#8221; sticky_enabled=&#8221;0&#8243;][\/et_pb_button][\/et_pb_column][\/et_pb_row][\/et_pb_section][et_pb_section fb_built=&#8221;1&#8243; module_class=&#8221;content&#8211;section pt&#8211;0 pb&#8211;0 bg&#8211;custom&#8211;2&#8211;alpha&#8221; _builder_version=&#8221;4.27.4&#8243; _module_preset=&#8221;default&#8221; global_colors_info=&#8221;{}&#8221;][et_pb_row module_class=&#8221;content&#8211;row&#8221; _builder_version=&#8221;4.27.4&#8243; _module_preset=&#8221;default&#8221; global_colors_info=&#8221;{}&#8221;][et_pb_column type=&#8221;4_4&#8243; _builder_version=&#8221;4.27.4&#8243; _module_preset=&#8221;default&#8221; global_colors_info=&#8221;{}&#8221;][et_pb_menu menu_id=&#8221;12&#8243; module_class=&#8221;service&#8211;navigation&#8221; _builder_version=&#8221;4.27.4&#8243; _module_preset=&#8221;default&#8221; global_colors_info=&#8221;{}&#8221;][\/et_pb_menu][\/et_pb_column][\/et_pb_row][\/et_pb_section][et_pb_section fb_built=&#8221;1&#8243; module_id=&#8221;asunto-osakeyhtiolaki&#8221; module_class=&#8221;content&#8211;section &#8221; _builder_version=&#8221;4.27.4&#8243; _module_preset=&#8221;default&#8221; global_colors_info=&#8221;{}&#8221;][et_pb_row _builder_version=&#8221;4.27.4&#8243; _module_preset=&#8221;default&#8221; global_colors_info=&#8221;{}&#8221;][et_pb_column type=&#8221;4_4&#8243; _builder_version=&#8221;4.27.4&#8243; _module_preset=&#8221;default&#8221; global_colors_info=&#8221;{}&#8221;][et_pb_text _builder_version=&#8221;4.27.4&#8243; _module_preset=&#8221;default&#8221; global_colors_info=&#8221;{}&#8221;]<strong>Vi bist\u00e5r i alla fr\u00e5gor som r\u00f6r bostadsaktiebolag, s\u00e5som:<\/strong>[\/et_pb_text][\/et_pb_column][\/et_pb_row][et_pb_row column_structure=&#8221;1_2,1_2&#8243; module_class=&#8221;content&#8211;row&#8221; _builder_version=&#8221;4.27.4&#8243; _module_preset=&#8221;default&#8221; global_colors_info=&#8221;{}&#8221;][et_pb_column type=&#8221;1_2&#8243; _builder_version=&#8221;4.27.4&#8243; _module_preset=&#8221;default&#8221; global_colors_info=&#8221;{}&#8221;][et_pb_text _builder_version=&#8221;4.27.4&#8243; _module_preset=&#8221;default&#8221; global_colors_info=&#8221;{}&#8221;]<\/p>\n<ul>\n<li>\u00e4ndringar i bostadsaktiebolagets bolagsordning<\/li>\n<li>entreprenadavtal och andra avtal i samband med bygg- och renoveringsprojekt<\/li>\n<li>grundandehandlingar<\/li>\n<li>\u00f6vertagande av l\u00e4genhet i bolagets besittning<\/li>\n<\/ul>\n<p>[\/et_pb_text][\/et_pb_column][et_pb_column type=&#8221;1_2&#8243; _builder_version=&#8221;4.27.4&#8243; _module_preset=&#8221;default&#8221; global_colors_info=&#8221;{}&#8221;][et_pb_text _builder_version=&#8221;4.27.4&#8243; _module_preset=&#8221;default&#8221; global_colors_info=&#8221;{}&#8221;]<\/p>\n<ul>\n<li>bitr\u00e4de vid bolagsst\u00e4mma<\/li>\n<li>uppdrag som ombud vid domstol<\/li>\n<li>bostadsaktiebolagets aktieemissioner <\/li>\n<li>Advokat Johan B\u00fctzow verkar \u00e4ven som av bostadsaktiebolag anlitad styrelseordf\u00f6rande.<\/li>\n<\/ul>\n<p>[\/et_pb_text][\/et_pb_column][\/et_pb_row][\/et_pb_section][et_pb_section fb_built=&#8221;1&#8243; module_id=&#8221;asunto-osakeyhtiolaki&#8221; module_class=&#8221;content&#8211;section bg&#8211;custom&#8211;2&#8211;alpha&#8221; _builder_version=&#8221;4.27.4&#8243; _module_preset=&#8221;default&#8221; global_colors_info=&#8221;{}&#8221;][et_pb_row module_class=&#8221;content&#8211;row&#8221; _builder_version=&#8221;4.27.4&#8243; _module_preset=&#8221;default&#8221; global_colors_info=&#8221;{}&#8221;][et_pb_column type=&#8221;4_4&#8243; _builder_version=&#8221;4.27.4&#8243; _module_preset=&#8221;default&#8221; global_colors_info=&#8221;{}&#8221;][et_pb_heading title=&#8221;Lagen om bostadsaktiebolag&#8221; admin_label=&#8221;Lagen om bostadsaktiebolag&#8221; _builder_version=&#8221;4.27.4&#8243; _module_preset=&#8221;default&#8221; title_level=&#8221;h2&#8243; global_colors_info=&#8221;{}&#8221;][\/et_pb_heading][et_pb_text _builder_version=&#8221;4.27.4&#8243; _module_preset=&#8221;default&#8221; global_colors_info=&#8221;{}&#8221;]Bostadsaktiebolagens verksamhet samt aktie\u00e4garnas r\u00e4ttigheter och skyldigheter regleras av bostadsaktiebolagslagen. Lagen fastst\u00e4ller bland annat ansvarsf\u00f6rdelningen och r\u00e4ttsf\u00f6rh\u00e5llandena mellan aktie\u00e4garna, styrelsen, disponenten och bolaget.<\/p>\n<p>Lagen inneh\u00e5ller centrala best\u00e4mmelser bland annat om bolagsst\u00e4mmans och styrelsens beh\u00f6righet, f\u00f6rdelningen av underh\u00e5llsansvar, skyldigheten att betala bolagsvederlag samt \u00e4ndringsarbeten i bostadsaktiebolag.<\/p>\n<p>God k\u00e4nnedom om lagen bidrar till att f\u00f6rebygga tvister och s\u00e4kerst\u00e4ller att beslut fattas korrekt och r\u00e4ttss\u00e4kert. De vanligaste misstagen vid till\u00e4mpningen av bostadsaktiebolagslagen sker i samband med bostadsaktiebolagets bolagsst\u00e4mma.<\/p>\n<p><strong>V\u00e5ra jurister erbjuder sakkunnig hj\u00e4lp i alla fr\u00e5gor som g\u00e4ller till\u00e4mpningen av bostadsaktiebolagslagen.<\/strong>[\/et_pb_text][et_pb_button button_text=&#8221;Beg\u00e4r en kostnadsfri bed\u00f6mning av ditt \u00e4rende&#8221; _builder_version=&#8221;4.27.4&#8243; _module_preset=&#8221;default&#8221; custom_button=&#8221;on&#8221; button_icon=&#8221;&#x24;||divi||400&#8243; button_on_hover=&#8221;off&#8221; hover_enabled=&#8221;0&#8243; global_colors_info=&#8221;{}&#8221; button_url=&#8221;\/sv\/kontakt&#8221; sticky_enabled=&#8221;0&#8243;][\/et_pb_button][\/et_pb_column][\/et_pb_row][\/et_pb_section][et_pb_section fb_built=&#8221;1&#8243; module_id=&#8221;yhtiojarjestys&#8221; module_class=&#8221;content&#8211;section  &#8221; _builder_version=&#8221;4.27.4&#8243; _module_preset=&#8221;default&#8221; global_colors_info=&#8221;{}&#8221;][et_pb_row module_class=&#8221;content&#8211;row&#8221; _builder_version=&#8221;4.27.4&#8243; _module_preset=&#8221;default&#8221; global_colors_info=&#8221;{}&#8221;][et_pb_column type=&#8221;4_4&#8243; _builder_version=&#8221;4.27.4&#8243; _module_preset=&#8221;default&#8221; global_colors_info=&#8221;{}&#8221;][et_pb_heading title=&#8221;Bostadsaktiebolagets bolagsordning&#8221; admin_label=&#8221;Bostadsaktiebolagets bolagsordning&#8221; _builder_version=&#8221;4.27.4&#8243; _module_preset=&#8221;default&#8221; title_level=&#8221;h2&#8243; global_colors_info=&#8221;{}&#8221;][\/et_pb_heading][et_pb_text _builder_version=&#8221;4.27.4&#8243; _module_preset=&#8221;default&#8221; global_colors_info=&#8221;{}&#8221;]Ut\u00f6ver bostadsaktiebolagslagen regleras aktie\u00e4garnas r\u00e4ttigheter och skyldigheter i bolagsordningen. I bolagsordningen kan man i vissa avseenden avvika fr\u00e5n best\u00e4mmelserna i bostadsaktiebolagslagen. Fr\u00e5n lagens tvingande best\u00e4mmelser kan man dock inte avvika genom bolagsordningen.<\/p>\n<p>Beslut om \u00e4ndring av bolagsordningen ska fattas antingen vid bolagsst\u00e4mma eller, om samtliga aktie\u00e4gare \u00e4r ense, genom enh\u00e4lligt beslut. De formella kraven f\u00f6r sammankallande av bolagsst\u00e4mma \u00e4r tvingande, eftersom ett beslut som fattats vid en felaktigt sammankallad bolagsst\u00e4mma i sista hand kan f\u00f6rklaras ogiltigt av domstol.<\/p>\n<p>Att \u00e4ndra bolagsordningen \u00e4r en process som kr\u00e4ver noggrannhet. Bostadsaktiebolagslagens form- och f\u00f6rfarandebest\u00e4mmelser m\u00e5ste f\u00f6ljas. F\u00f6r att \u00e4ndringen ska tr\u00e4da i kraft kr\u00e4vs dessutom att den registreras i handelsregistret.<\/p>\n<p><strong>V\u00e5ra jurister bist\u00e5r i alla fr\u00e5gor som g\u00e4ller bolagsordningen.<\/strong>[\/et_pb_text][et_pb_button button_text=&#8221;Beg\u00e4r en kostnadsfri bed\u00f6mning av ditt \u00e4rende&#8221; _builder_version=&#8221;4.27.4&#8243; _module_preset=&#8221;default&#8221; custom_button=&#8221;on&#8221; button_icon=&#8221;&#x24;||divi||400&#8243; button_on_hover=&#8221;off&#8221; hover_enabled=&#8221;0&#8243; global_colors_info=&#8221;{}&#8221; button_url=&#8221;\/sv\/kontakt&#8221; sticky_enabled=&#8221;0&#8243;][\/et_pb_button][\/et_pb_column][\/et_pb_row][\/et_pb_section][et_pb_section fb_built=&#8221;1&#8243; module_id=&#8221;korjaukset-ja-kunnossapito&#8221; module_class=&#8221;content&#8211;section bg&#8211;custom&#8211;2&#8211;alpha&#8221; _builder_version=&#8221;4.27.4&#8243; _module_preset=&#8221;default&#8221; global_colors_info=&#8221;{}&#8221;][et_pb_row module_class=&#8221;content&#8211;row&#8221; _builder_version=&#8221;4.27.4&#8243; _module_preset=&#8221;default&#8221; global_colors_info=&#8221;{}&#8221;][et_pb_column type=&#8221;4_4&#8243; _builder_version=&#8221;4.27.4&#8243; _module_preset=&#8221;default&#8221; global_colors_info=&#8221;{}&#8221;][et_pb_heading title=&#8221;Reparationer och underh\u00e5llsarbeten i bostadsaktiebolag&#8221; admin_label=&#8221;Reparationer och underh\u00e5llsarbeten i bostadsaktiebolag&#8221; _builder_version=&#8221;4.27.4&#8243; _module_preset=&#8221;default&#8221; title_level=&#8221;h2&#8243; global_colors_info=&#8221;{}&#8221;][\/et_pb_heading][et_pb_text _builder_version=&#8221;4.27.4&#8243; _module_preset=&#8221;default&#8221; global_colors_info=&#8221;{}&#8221;]Bostadsaktiebolagets underh\u00e5llsansvar \u00e4r f\u00f6rdelat mellan bolaget och aktie\u00e4garen. Aktie\u00e4garen ansvarar i huvudsak f\u00f6r inre delar av sin l\u00e4genhet, som golv- och v\u00e4ggbel\u00e4ggningar. Bostadsaktiebolaget ansvarar f\u00f6r byggnadens och fastighetens underh\u00e5ll i den utstr\u00e4ckning som inte tillkommer aktie\u00e4garen. Detta inkluderar bland annat konstruktioner, isoleringar och grundl\u00e4ggande system.<\/p>\n<p>Meningsskiljaktigheter som ber\u00f6r husbolagets underh\u00e5llsansvar leder med j\u00e4mna mellanrum till tvister, eftersom gr\u00e4nsdragningen mellan underh\u00e5llsarbeten och \u00e4ndringsarbeten kan vara sv\u00e5r. Underh\u00e5llsarbeten omfattar b\u00e5de st\u00f6rre och mindre reparations\u00e5tg\u00e4rder, inklusive grundl\u00e4ggande renoveringar, medan standardh\u00f6jande sanerings- eller f\u00f6rb\u00e4ttringsprojekt som h\u00f6jer fastighetens kvalitetsniv\u00e5 d\u00e4remot inte n\u00f6dv\u00e4ndigtvis h\u00f6r till bolagets underh\u00e5llsansvar.<\/p>\n<p>Om bostadsaktiebolaget f\u00f6rsummar sin skyldighet att utf\u00f6ra underh\u00e5llsarbeten kan en aktie\u00e4gare ha r\u00e4tt att sj\u00e4lv vidta s\u00e5dana \u00e5tg\u00e4rder, om husbolaget inte har vidtagit tillr\u00e4ckliga \u00e5tg\u00e4rder och f\u00f6rsummelsen begr\u00e4nsar anv\u00e4ndningen av aktie\u00e4garens bostad. I s\u00e5dana fall ska husbolaget ers\u00e4tta aktie\u00e4garen f\u00f6r de n\u00f6dv\u00e4ndiga och sk\u00e4liga kostnader som underh\u00e5llsarbetena har medf\u00f6rt.<\/p>\n<p>D\u00e4rtill har aktie\u00e4garen relativt l\u00e5ngtg\u00e5ende r\u00e4ttigheter att p\u00e5 egen bekostnad utf\u00f6ra \u00e4ndringsarbeten i sin bostad. \u00c4ndringsarbetena ska dock godk\u00e4nnas av husbolaget. Aktie\u00e4garen ansvarar sj\u00e4lv f\u00f6r att arbetena utf\u00f6rs i enlighet med god byggnadssed.<\/p>\n<p>Underh\u00e5lls- och \u00e4ndringsarbeten leder ofta till meningsskiljaktigheter i husbolag. V\u00e5ra jurister bist\u00e5r b\u00e5de bostadsaktiebolag och aktie\u00e4gare i alla typer av tvister som r\u00f6r bostadsaktiebolag.<\/p>\n<p>V\u00e5r advokatbyr\u00e5 har kontor i Helsingfors och Borg\u00e5, men v\u00e5ra jurister betj\u00e4nar i hela Finland.[\/et_pb_text][et_pb_button button_text=&#8221;Beg\u00e4r en kostnadsfri bed\u00f6mning av ditt \u00e4rende&#8221; _builder_version=&#8221;4.27.4&#8243; _module_preset=&#8221;default&#8221; custom_button=&#8221;on&#8221; button_icon=&#8221;&#x24;||divi||400&#8243; button_on_hover=&#8221;off&#8221; hover_enabled=&#8221;0&#8243; global_colors_info=&#8221;{}&#8221; button_url=&#8221;\/sv\/kontakt&#8221; sticky_enabled=&#8221;0&#8243;][\/et_pb_button][et_pb_heading title=&#8221;Ansvarsbegr\u00e4nsning&#8221; admin_label=&#8221;Ansvarsbegr\u00e4nsning&#8221; _builder_version=&#8221;4.27.4&#8243; _module_preset=&#8221;default&#8221; title_level=&#8221;h2&#8243; global_colors_info=&#8221;{}&#8221;][\/et_pb_heading][et_pb_text _builder_version=&#8221;4.27.4&#8243; _module_preset=&#8221;default&#8221; global_colors_info=&#8221;{}&#8221;]Advokatbyr\u00e5 Johan B\u00fctzows webbplats \u00e4r avsedd enbart f\u00f6r informations\u00e4ndam\u00e5l. Inneh\u00e5llet p\u00e5 webbplatsen ska inte betraktas som juridisk eller aff\u00e4rsm\u00e4ssig r\u00e5dgivning och b\u00f6r inte anv\u00e4ndas som grund f\u00f6r beslut eller \u00e5tg\u00e4rder. Om du beh\u00f6ver juridisk r\u00e5dgivning, v\u00e4nligen kontakta v\u00e5r byr\u00e5.[\/et_pb_text][\/et_pb_column][\/et_pb_row][\/et_pb_section]<\/p>\n","protected":false},"excerpt":{"rendered":"<p>Till v\u00e5ra centrala verksamhetsomr\u00e5den h\u00f6r olika husbolagstvister. Ofta handlar husbolagstvister om bostadsaktiebolagets underh\u00e5llsansvar, reparationer, aktie\u00e4garens \u00e4ndringsarbeten, besittningen av utrymmen samt aktie\u00e4garnas betalningsskyldighet och grunderna f\u00f6r bolagsvederlaget. Vi bist\u00e5r i alla fr\u00e5gor som r\u00f6r bostadsaktiebolag, s\u00e5som: \u00e4ndringar i bostadsaktiebolagets bolagsordning entreprenadavtal och andra avtal i samband med bygg- och renoveringsprojekt grundandehandlingar \u00f6vertagande av l\u00e4genhet i bolagets [&hellip;]<\/p>\n","protected":false},"author":1,"featured_media":0,"parent":453,"menu_order":0,"comment_status":"closed","ping_status":"closed","template":"","meta":{"_et_pb_use_builder":"on","_et_pb_old_content":"","_et_gb_content_width":"","footnotes":""},"class_list":["post-461","page","type-page","status-publish","hentry"],"yoast_head":"<!-- This site is optimized with the Yoast SEO plugin v27.4 - https:\/\/yoast.com\/product\/yoast-seo-wordpress\/ -->\n<title>Husbolagstvister - Asianajotoimisto Johan Butzow Oy<\/title>\n<meta name=\"robots\" content=\"index, follow, max-snippet:-1, max-image-preview:large, max-video-preview:-1\" \/>\n<link rel=\"canonical\" href=\"https:\/\/johanbutzow.fi\/sv\/vara-tjanster\/husbolagstvister\/\" \/>\n<meta property=\"og:locale\" content=\"sv_SE\" \/>\n<meta property=\"og:type\" content=\"article\" \/>\n<meta property=\"og:title\" content=\"Husbolagstvister - Asianajotoimisto Johan Butzow Oy\" \/>\n<meta property=\"og:description\" content=\"Till v\u00e5ra centrala verksamhetsomr\u00e5den h\u00f6r olika husbolagstvister. Ofta handlar husbolagstvister om bostadsaktiebolagets underh\u00e5llsansvar, reparationer, aktie\u00e4garens \u00e4ndringsarbeten, besittningen av utrymmen samt aktie\u00e4garnas betalningsskyldighet och grunderna f\u00f6r bolagsvederlaget. Vi bist\u00e5r i alla fr\u00e5gor som r\u00f6r bostadsaktiebolag, s\u00e5som: \u00e4ndringar i bostadsaktiebolagets bolagsordning entreprenadavtal och andra avtal i samband med bygg- och renoveringsprojekt grundandehandlingar \u00f6vertagande av l\u00e4genhet i bolagets [&hellip;]\" \/>\n<meta property=\"og:url\" content=\"https:\/\/johanbutzow.fi\/sv\/vara-tjanster\/husbolagstvister\/\" \/>\n<meta property=\"og:site_name\" content=\"Asianajotoimisto Johan Butzow Oy\" \/>\n<meta property=\"article:modified_time\" content=\"2026-01-20T11:22:43+00:00\" \/>\n<meta name=\"twitter:card\" content=\"summary_large_image\" \/>\n<meta name=\"twitter:label1\" content=\"Ber\u00e4knad l\u00e4stid\" \/>\n\t<meta name=\"twitter:data1\" content=\"4 minuter\" \/>\n<script type=\"application\/ld+json\" class=\"yoast-schema-graph\">{\"@context\":\"https:\\\/\\\/schema.org\",\"@graph\":[{\"@type\":\"WebPage\",\"@id\":\"https:\\\/\\\/johanbutzow.fi\\\/sv\\\/vara-tjanster\\\/husbolagstvister\\\/\",\"url\":\"https:\\\/\\\/johanbutzow.fi\\\/sv\\\/vara-tjanster\\\/husbolagstvister\\\/\",\"name\":\"Husbolagstvister - Asianajotoimisto Johan Butzow Oy\",\"isPartOf\":{\"@id\":\"https:\\\/\\\/johanbutzow.fi\\\/sv\\\/#website\"},\"datePublished\":\"2025-09-04T08:45:48+00:00\",\"dateModified\":\"2026-01-20T11:22:43+00:00\",\"breadcrumb\":{\"@id\":\"https:\\\/\\\/johanbutzow.fi\\\/sv\\\/vara-tjanster\\\/husbolagstvister\\\/#breadcrumb\"},\"inLanguage\":\"sv-SE\",\"potentialAction\":[{\"@type\":\"ReadAction\",\"target\":[\"https:\\\/\\\/johanbutzow.fi\\\/sv\\\/vara-tjanster\\\/husbolagstvister\\\/\"]}]},{\"@type\":\"BreadcrumbList\",\"@id\":\"https:\\\/\\\/johanbutzow.fi\\\/sv\\\/vara-tjanster\\\/husbolagstvister\\\/#breadcrumb\",\"itemListElement\":[{\"@type\":\"ListItem\",\"position\":1,\"name\":\"Home\",\"item\":\"https:\\\/\\\/johanbutzow.fi\\\/sv\\\/\"},{\"@type\":\"ListItem\",\"position\":2,\"name\":\"V\u00e5ra tj\u00e4nster\",\"item\":\"https:\\\/\\\/johanbutzow.fi\\\/sv\\\/vara-tjanster\\\/\"},{\"@type\":\"ListItem\",\"position\":3,\"name\":\"Husbolagstvister\"}]},{\"@type\":\"WebSite\",\"@id\":\"https:\\\/\\\/johanbutzow.fi\\\/sv\\\/#website\",\"url\":\"https:\\\/\\\/johanbutzow.fi\\\/sv\\\/\",\"name\":\"Asianajotoimisto Johan Butzow Oy\",\"description\":\"\",\"potentialAction\":[{\"@type\":\"SearchAction\",\"target\":{\"@type\":\"EntryPoint\",\"urlTemplate\":\"https:\\\/\\\/johanbutzow.fi\\\/sv\\\/?s={search_term_string}\"},\"query-input\":{\"@type\":\"PropertyValueSpecification\",\"valueRequired\":true,\"valueName\":\"search_term_string\"}}],\"inLanguage\":\"sv-SE\"}]}<\/script>\n<!-- \/ Yoast SEO plugin. -->","yoast_head_json":{"title":"Husbolagstvister - Asianajotoimisto Johan Butzow Oy","robots":{"index":"index","follow":"follow","max-snippet":"max-snippet:-1","max-image-preview":"max-image-preview:large","max-video-preview":"max-video-preview:-1"},"canonical":"https:\/\/johanbutzow.fi\/sv\/vara-tjanster\/husbolagstvister\/","og_locale":"sv_SE","og_type":"article","og_title":"Husbolagstvister - Asianajotoimisto Johan Butzow Oy","og_description":"Till v\u00e5ra centrala verksamhetsomr\u00e5den h\u00f6r olika husbolagstvister. Ofta handlar husbolagstvister om bostadsaktiebolagets underh\u00e5llsansvar, reparationer, aktie\u00e4garens \u00e4ndringsarbeten, besittningen av utrymmen samt aktie\u00e4garnas betalningsskyldighet och grunderna f\u00f6r bolagsvederlaget. Vi bist\u00e5r i alla fr\u00e5gor som r\u00f6r bostadsaktiebolag, s\u00e5som: \u00e4ndringar i bostadsaktiebolagets bolagsordning entreprenadavtal och andra avtal i samband med bygg- och renoveringsprojekt grundandehandlingar \u00f6vertagande av l\u00e4genhet i bolagets [&hellip;]","og_url":"https:\/\/johanbutzow.fi\/sv\/vara-tjanster\/husbolagstvister\/","og_site_name":"Asianajotoimisto Johan Butzow Oy","article_modified_time":"2026-01-20T11:22:43+00:00","twitter_card":"summary_large_image","twitter_misc":{"Ber\u00e4knad l\u00e4stid":"4 minuter"},"schema":{"@context":"https:\/\/schema.org","@graph":[{"@type":"WebPage","@id":"https:\/\/johanbutzow.fi\/sv\/vara-tjanster\/husbolagstvister\/","url":"https:\/\/johanbutzow.fi\/sv\/vara-tjanster\/husbolagstvister\/","name":"Husbolagstvister - Asianajotoimisto Johan Butzow Oy","isPartOf":{"@id":"https:\/\/johanbutzow.fi\/sv\/#website"},"datePublished":"2025-09-04T08:45:48+00:00","dateModified":"2026-01-20T11:22:43+00:00","breadcrumb":{"@id":"https:\/\/johanbutzow.fi\/sv\/vara-tjanster\/husbolagstvister\/#breadcrumb"},"inLanguage":"sv-SE","potentialAction":[{"@type":"ReadAction","target":["https:\/\/johanbutzow.fi\/sv\/vara-tjanster\/husbolagstvister\/"]}]},{"@type":"BreadcrumbList","@id":"https:\/\/johanbutzow.fi\/sv\/vara-tjanster\/husbolagstvister\/#breadcrumb","itemListElement":[{"@type":"ListItem","position":1,"name":"Home","item":"https:\/\/johanbutzow.fi\/sv\/"},{"@type":"ListItem","position":2,"name":"V\u00e5ra tj\u00e4nster","item":"https:\/\/johanbutzow.fi\/sv\/vara-tjanster\/"},{"@type":"ListItem","position":3,"name":"Husbolagstvister"}]},{"@type":"WebSite","@id":"https:\/\/johanbutzow.fi\/sv\/#website","url":"https:\/\/johanbutzow.fi\/sv\/","name":"Asianajotoimisto Johan Butzow Oy","description":"","potentialAction":[{"@type":"SearchAction","target":{"@type":"EntryPoint","urlTemplate":"https:\/\/johanbutzow.fi\/sv\/?s={search_term_string}"},"query-input":{"@type":"PropertyValueSpecification","valueRequired":true,"valueName":"search_term_string"}}],"inLanguage":"sv-SE"}]}},"_links":{"self":[{"href":"https:\/\/johanbutzow.fi\/sv\/wp-json\/wp\/v2\/pages\/461","targetHints":{"allow":["GET"]}}],"collection":[{"href":"https:\/\/johanbutzow.fi\/sv\/wp-json\/wp\/v2\/pages"}],"about":[{"href":"https:\/\/johanbutzow.fi\/sv\/wp-json\/wp\/v2\/types\/page"}],"author":[{"embeddable":true,"href":"https:\/\/johanbutzow.fi\/sv\/wp-json\/wp\/v2\/users\/1"}],"replies":[{"embeddable":true,"href":"https:\/\/johanbutzow.fi\/sv\/wp-json\/wp\/v2\/comments?post=461"}],"version-history":[{"count":4,"href":"https:\/\/johanbutzow.fi\/sv\/wp-json\/wp\/v2\/pages\/461\/revisions"}],"predecessor-version":[{"id":869,"href":"https:\/\/johanbutzow.fi\/sv\/wp-json\/wp\/v2\/pages\/461\/revisions\/869"}],"up":[{"embeddable":true,"href":"https:\/\/johanbutzow.fi\/sv\/wp-json\/wp\/v2\/pages\/453"}],"wp:attachment":[{"href":"https:\/\/johanbutzow.fi\/sv\/wp-json\/wp\/v2\/media?parent=461"}],"curies":[{"name":"wp","href":"https:\/\/api.w.org\/{rel}","templated":true}]}}