{"id":725,"date":"2025-10-16T10:38:08","date_gmt":"2025-10-16T07:38:08","guid":{"rendered":"https:\/\/johanbutzow.fi\/palvelut\/arviovarallisuusoikeus\/"},"modified":"2026-01-20T13:26:15","modified_gmt":"2026-01-20T11:26:15","slug":"aktenskapsformogenhetsratt","status":"publish","type":"page","link":"https:\/\/johanbutzow.fi\/sv\/vara-tjanster\/aktenskapsformogenhetsratt\/","title":{"rendered":"\u00c4ktenskapsf\u00f6rm\u00f6genhetsr\u00e4tt"},"content":{"rendered":"<p>[et_pb_section fb_built=&#8221;1&#8243; module_class=&#8221;header&#8211;section&#8221; _builder_version=&#8221;4.27.4&#8243; _module_preset=&#8221;default&#8221; use_background_color_gradient=&#8221;on&#8221; background_color_gradient_stops=&#8221;rgba(26,26,26,0.95) 0%|rgba(26,26,26,0.83) 100%&#8221; background_color_gradient_overlays_image=&#8221;on&#8221; background_image=&#8221;\/wp-content\/uploads\/2025\/09\/ASIANAJOTOIMISTO-JOHAN-BUTZOW-perintooikeus.jpg&#8221; global_colors_info=&#8221;{}&#8221;][et_pb_row module_class=&#8221;header&#8211;row&#8221; _builder_version=&#8221;4.27.4&#8243; _module_preset=&#8221;default&#8221; global_colors_info=&#8221;{}&#8221;][et_pb_column type=&#8221;4_4&#8243; _builder_version=&#8221;4.27.4&#8243; _module_preset=&#8221;default&#8221; global_colors_info=&#8221;{}&#8221;][et_pb_heading title=&#8221;\u00c4ktenskapsf\u00f6rord, avvittring och giftor\u00e4tt | Skilsm\u00e4ssa | Familje- och \u00e4ktenskapsf\u00f6rm\u00f6genhetsr\u00e4tt |Jurist i Helsingfors och Borg\u00e5&#8221; admin_label=&#8221;Avioehto, ositus ja avio-oikeus | Perhe- ja aviovarallisuusoikeus | Lakimies Helsingiss\u00e4&#8221; module_class=&#8221;mb&#8211;0&#8243; _builder_version=&#8221;4.27.4&#8243; _module_preset=&#8221;default&#8221; title_level=&#8221;h4&#8243; hover_enabled=&#8221;0&#8243; global_colors_info=&#8221;{}&#8221; sticky_enabled=&#8221;0&#8243;][\/et_pb_heading][et_pb_heading title=&#8221;\u00c4ktenskapsf\u00f6rm\u00f6genhetsr\u00e4tt&#8221; admin_label=&#8221;\u00c4ktenskapsf\u00f6rm\u00f6genhetsr\u00e4tt&#8221; _builder_version=&#8221;4.27.4&#8243; _module_preset=&#8221;default&#8221; global_colors_info=&#8221;{}&#8221;][\/et_pb_heading][et_pb_text _builder_version=&#8221;4.27.4&#8243; _module_preset=&#8221;default&#8221; global_colors_info=&#8221;{}&#8221;]\u00c4ktenskapet medf\u00f6r betydande f\u00f6rm\u00f6genhetsr\u00e4ttsliga konsekvenser som det \u00e4r viktigt att k\u00e4nna till redan n\u00e4r \u00e4ktenskap ing\u00e5s. Vi bist\u00e5r i alla fr\u00e5gor som r\u00f6r \u00e4ktenskapsf\u00f6rm\u00f6genhetsr\u00e4tt, bland annat:<br \/>\n&nbsp;<\/p>\n<ul>\n<li>uppr\u00e4ttande av \u00e4ktenskapsf\u00f6rord<\/li>\n<li>uppr\u00e4ttande av avtal om till\u00e4mplig lag f\u00f6r makars f\u00f6rm\u00f6genhetsf\u00f6rh\u00e5llanden<\/li>\n<li>handl\u00e4ggning av avvittring vid \u00e4ktenskapsskillnad<\/li>\n<li>uppr\u00e4ttande av avvittringsavtal<\/li>\n<li>fr\u00e5gor som r\u00f6r internationella \u00e4ktenskap<\/li>\n<li>bitr\u00e4de vid avvittringar som f\u00f6rr\u00e4ttas av skiftesman<\/li>\n<li>uppdrag som av domstol f\u00f6rordnad skiftesman vid avvittring och \u00e5tskiljande av egendom<\/li>\n<\/ul>\n<p>[\/et_pb_text][et_pb_button button_text=&#8221;Beg\u00e4r en kostnadsfri bed\u00f6mning av ditt \u00e4rende&#8221; _builder_version=&#8221;4.27.4&#8243; _module_preset=&#8221;default&#8221; custom_button=&#8221;on&#8221; button_icon=&#8221;&#x24;||divi||400&#8243; button_on_hover=&#8221;off&#8221; hover_enabled=&#8221;0&#8243; global_colors_info=&#8221;{}&#8221; button_url=&#8221;\/sv\/kontakt&#8221; sticky_enabled=&#8221;0&#8243;][\/et_pb_button][\/et_pb_column][\/et_pb_row][\/et_pb_section][et_pb_section fb_built=&#8221;1&#8243; module_class=&#8221;content&#8211;section pt&#8211;0 pb&#8211;0 bg&#8211;custom&#8211;2&#8211;alpha&#8221; _builder_version=&#8221;4.27.4&#8243; _module_preset=&#8221;default&#8221; global_colors_info=&#8221;{}&#8221;][et_pb_row module_class=&#8221;content&#8211;row&#8221; _builder_version=&#8221;4.27.4&#8243; _module_preset=&#8221;default&#8221; global_colors_info=&#8221;{}&#8221;][et_pb_column type=&#8221;4_4&#8243; _builder_version=&#8221;4.27.4&#8243; _module_preset=&#8221;default&#8221; global_colors_info=&#8221;{}&#8221;][et_pb_menu menu_id=&#8221;9&#8243; module_class=&#8221;service&#8211;navigation&#8221; _builder_version=&#8221;4.27.4&#8243; _module_preset=&#8221;default&#8221; global_colors_info=&#8221;{}&#8221;][\/et_pb_menu][\/et_pb_column][\/et_pb_row][\/et_pb_section][et_pb_section fb_built=&#8221;1&#8243; module_id=&#8221;avio-oikeus-ja-avioehtosopimus&#8221; module_class=&#8221;content&#8211;section &#8221; _builder_version=&#8221;4.27.4&#8243; _module_preset=&#8221;default&#8221; global_colors_info=&#8221;{}&#8221;][et_pb_row module_class=&#8221;content&#8211;row&#8221; _builder_version=&#8221;4.27.4&#8243; _module_preset=&#8221;default&#8221; global_colors_info=&#8221;{}&#8221;][et_pb_column type=&#8221;4_4&#8243; _builder_version=&#8221;4.27.4&#8243; _module_preset=&#8221;default&#8221; global_colors_info=&#8221;{}&#8221;][et_pb_heading title=&#8221;Giftor\u00e4tt och \u00e4ktenskapsf\u00f6rord&#8221; admin_label=&#8221;Giftor\u00e4tt och \u00e4ktenskapsf\u00f6rord&#8221; _builder_version=&#8221;4.27.4&#8243; _module_preset=&#8221;default&#8221; title_level=&#8221;h2&#8243; global_colors_info=&#8221;{}&#8221;][\/et_pb_heading][et_pb_text _builder_version=&#8221;4.27.4&#8243; _module_preset=&#8221;default&#8221; global_colors_info=&#8221;{}&#8221;]Enligt lag har makarna giftor\u00e4tt i varandras egendom, om de inte genom \u00e4ktenskapsf\u00f6rord har best\u00e4mt annat. Giftor\u00e4tten inneb\u00e4r inte att egendomen \u00e4r gemensam under \u00e4ktenskapet, utan vardera maken beh\u00e5ller sin egen egendom och ansvarar f\u00f6r sina egna skulder. Giftor\u00e4tten aktualiseras f\u00f6rst n\u00e4r \u00e4ktenskapet upph\u00f6r.<\/p>\n<p>Makarna kan genom \u00e4ktenskapsf\u00f6rord sj\u00e4lva best\u00e4mma i vilken utstr\u00e4ckning egendom ska omfattas av giftor\u00e4tten. Giftor\u00e4tten kan uteslutas helt eller delvis.<\/p>\n<p>Ett \u00e4ktenskapsf\u00f6rord skapar klarhet och f\u00f6rutsebarhet i makarnas ekonomiska f\u00f6rh\u00e5llanden och kan bland annat anv\u00e4ndas f\u00f6r att s\u00e4kerst\u00e4lla att egendom som erh\u00e5llits genom arv eller g\u00e5va f\u00f6rblir giftor\u00e4ttsfri. \u00c4ktenskapsf\u00f6rord kan \u00e4ven anv\u00e4ndas i arvsplanering, eftersom utj\u00e4mning som betalas f\u00f6r att t\u00e4cka giftor\u00e4ttsandelen \u00e4r skattefri.<\/p>\n<p><strong>Ett \u00e4ktenskapsf\u00f6rord \u00e4r giltigt endast om det uppfyller lagens formkrav.<\/strong><\/p>\n<p>V\u00e5ra jurister bist\u00e5r vid uppr\u00e4ttande av \u00e4ktenskapsf\u00f6rord och ser till att avtalet motsvarar klientens individuella behov samt tryggar egendomen p\u00e5 \u00f6nskat s\u00e4tt i olika livssituationer.[\/et_pb_text][et_pb_button button_text=&#8221;Beg\u00e4r en kostnadsfri bed\u00f6mning av ditt \u00e4rende&#8221; _builder_version=&#8221;4.27.4&#8243; _module_preset=&#8221;default&#8221; custom_button=&#8221;on&#8221; button_icon=&#8221;&#x24;||divi||400&#8243; button_on_hover=&#8221;off&#8221; hover_enabled=&#8221;0&#8243; global_colors_info=&#8221;{}&#8221; button_url=&#8221;\/sv\/kontakt&#8221; sticky_enabled=&#8221;0&#8243;][\/et_pb_button][\/et_pb_column][\/et_pb_row][\/et_pb_section][et_pb_section fb_built=&#8221;1&#8243; module_id=&#8221;ositus&#8221; module_class=&#8221;content&#8211;section  bg&#8211;custom&#8211;2&#8211;alpha&#8221; _builder_version=&#8221;4.27.4&#8243; _module_preset=&#8221;default&#8221; global_colors_info=&#8221;{}&#8221;][et_pb_row module_class=&#8221;content&#8211;row&#8221; _builder_version=&#8221;4.27.4&#8243; _module_preset=&#8221;default&#8221; global_colors_info=&#8221;{}&#8221;][et_pb_column type=&#8221;4_4&#8243; _builder_version=&#8221;4.27.4&#8243; _module_preset=&#8221;default&#8221; global_colors_info=&#8221;{}&#8221;][et_pb_heading title=&#8221;Avvittring&#8221; admin_label=&#8221;Avvittring&#8221; _builder_version=&#8221;4.27.4&#8243; _module_preset=&#8221;default&#8221; title_level=&#8221;h2&#8243; global_colors_info=&#8221;{}&#8221;][\/et_pb_heading][et_pb_text _builder_version=&#8221;4.27.4&#8243; _module_preset=&#8221;default&#8221; global_colors_info=&#8221;{}&#8221;]\u00c4ktenskapet uppl\u00f6ses genom \u00e4ktenskapsskillnad eller genom den ena makens d\u00f6d. I s\u00e5dana fall ska en avvittring f\u00f6rr\u00e4ttas.<\/p>\n<p>Vid avvittringen fastst\u00e4lls vardera makens giftor\u00e4ttsandel. Den make vars giftor\u00e4ttsbelagda nettoegendom \u00f6verstiger den andra makens ska erl\u00e4gga utj\u00e4mning, s\u00e5 att b\u00e5da erh\u00e5ller egendom av lika v\u00e4rde.<\/p>\n<p>Giftor\u00e4ttsandelen ber\u00e4knas genom att makarnas sammanlagda giftor\u00e4ttsbelagda nettoegendom \u2013 tillg\u00e5ngar efter avdrag f\u00f6r skulder \u2013 r\u00e4knas samman och delas lika. I avvittringen beaktas egendomen och skulderna utifr\u00e5n tidpunkten d\u00e5 grunden f\u00f6r avvittringen uppkommer, det vill s\u00e4ga n\u00e4r ans\u00f6kan om \u00e4ktenskapsskillnad blir anh\u00e4ngig eller n\u00e4r den ena maken avlider. Egendom och skulder som uppkommer d\u00e4refter beaktas inte vid avvittringen.<\/p>\n<p>Utg\u00e5ngspunkten vid en avvittring \u00e4r att den giftor\u00e4ttsbelagda egendomen delas lika. Vid en avvittring efter den ena makens d\u00f6d \u00e4r den efterlevande maken dock inte skyldig att erl\u00e4gga utj\u00e4mning till den avlidne makens arvingar. Detta kallas utj\u00e4mningsprivilegium. Om den efterlevande maken \u00e4r den f\u00f6rm\u00f6gnare av makarna har han eller hon r\u00e4tt att beh\u00e5lla hela sin egendom.<\/p>\n<p>R\u00e4tten att kr\u00e4va avvittring preskriberas inte. Vid \u00e4ktenskapsskillnad \u00e4r det d\u00e4rf\u00f6r av stor betydelse att ett skriftligt avvittringsinstrument alltid uppr\u00e4ttas. Underl\u00e5tenhet att g\u00f6ra detta kan leda till r\u00e4ttsliga problem l\u00e5ngt senare. Det \u00e4r vanligt att meningsskiljaktigheter uppst\u00e5r kring huruvida en avvittring har f\u00f6rr\u00e4ttats eller inte.<\/p>\n<p>Avvittringen kan f\u00f6rr\u00e4ttas antingen genom avtal mellan makarna (avtalsavvittring) eller som f\u00f6rr\u00e4ttningsavvittring av en skiftesman. Skiftesmannen \u00e4r en av tingsr\u00e4tten f\u00f6rordnad utomst\u00e5ende person, vanligtvis en advokat. En f\u00f6rr\u00e4ttningsavvittring aktualiseras n\u00e4r makarna inte kan enas om f\u00f6rdelningen av egendomen.<\/p>\n<p>En avtalsavvittring \u00e4r i regel slutlig och bindande f\u00f6r parterna. En avvittring som f\u00f6rr\u00e4ttats av skiftesman kan d\u00e4remot klandras vid tingsr\u00e4tten.<\/p>\n<p><strong>V\u00e5ra jurister bist\u00e5r i alla fr\u00e5gor som r\u00f6r avvittring. Vi uppr\u00e4ttar avvittringsavtal, bitr\u00e4der vid tvister och verkar \u00e4ven som skiftesm\u00e4n.<\/strong>[\/et_pb_text][et_pb_button button_text=&#8221;Beg\u00e4r en kostnadsfri bed\u00f6mning av ditt \u00e4rende&#8221; _builder_version=&#8221;4.27.4&#8243; _module_preset=&#8221;default&#8221; custom_button=&#8221;on&#8221; button_icon=&#8221;&#x24;||divi||400&#8243; button_on_hover=&#8221;off&#8221; hover_enabled=&#8221;0&#8243; global_colors_info=&#8221;{}&#8221; button_url=&#8221;\/sv\/kontakt&#8221; sticky_enabled=&#8221;0&#8243;][\/et_pb_button][\/et_pb_column][\/et_pb_row][\/et_pb_section][et_pb_section fb_built=&#8221;1&#8243; module_id=&#8221;omaisuuden-erottelu&#8221; module_class=&#8221;content&#8211;section &#8221; _builder_version=&#8221;4.27.4&#8243; _module_preset=&#8221;default&#8221; global_colors_info=&#8221;{}&#8221;][et_pb_row module_class=&#8221;content&#8211;row&#8221; _builder_version=&#8221;4.27.4&#8243; _module_preset=&#8221;default&#8221; global_colors_info=&#8221;{}&#8221;][et_pb_column type=&#8221;4_4&#8243; _builder_version=&#8221;4.27.4&#8243; _module_preset=&#8221;default&#8221; global_colors_info=&#8221;{}&#8221;][et_pb_heading title=&#8221;\u00c5tskiljande av egendom&#8221; admin_label=&#8221;\u00c5tskiljande av egendom&#8221; module_id=&#8221;hinnanalennus-vahingonkorvaus-ja-kaupan-purkaminen&#8221; _builder_version=&#8221;4.27.4&#8243; _module_preset=&#8221;default&#8221; title_level=&#8221;h2&#8243; global_colors_info=&#8221;{}&#8221;][\/et_pb_heading][et_pb_text _builder_version=&#8221;4.27.4&#8243; _module_preset=&#8221;default&#8221; global_colors_info=&#8221;{}&#8221;]Om makarna genom \u00e4ktenskapsf\u00f6rord har uteslutit giftor\u00e4tten, eller om egendom p\u00e5 annan grund \u00e4r giftor\u00e4ttsfri, ska i st\u00e4llet \u00e5tskiljande av egendom f\u00f6rr\u00e4ttas. Egendom kan vara giftor\u00e4ttsfri exempelvis med st\u00f6d av testamente eller g\u00e5vobrev.<br \/>\nVid \u00e5tskiljande av egendom beh\u00e5ller vardera maken sin egen egendom och ansvarar f\u00f6r sina egna skulder.[\/et_pb_text][et_pb_button button_text=&#8221;Beg\u00e4r en kostnadsfri bed\u00f6mning av ditt \u00e4rende&#8221; _builder_version=&#8221;4.27.4&#8243; _module_preset=&#8221;default&#8221; custom_button=&#8221;on&#8221; button_icon=&#8221;&#x24;||divi||400&#8243; button_on_hover=&#8221;off&#8221; hover_enabled=&#8221;0&#8243; global_colors_info=&#8221;{}&#8221; button_url=&#8221;\/sv\/kontakt&#8221; sticky_enabled=&#8221;0&#8243;][\/et_pb_button][\/et_pb_column][\/et_pb_row][\/et_pb_section][et_pb_section fb_built=&#8221;1&#8243; module_id=&#8221;osituksen-sovittelu&#8221; module_class=&#8221;content&#8211;section  bg&#8211;custom&#8211;2&#8211;alpha&#8221; _builder_version=&#8221;4.27.4&#8243; _module_preset=&#8221;default&#8221; global_colors_info=&#8221;{}&#8221;][et_pb_row module_class=&#8221;content&#8211;row&#8221; _builder_version=&#8221;4.27.4&#8243; _module_preset=&#8221;default&#8221; global_colors_info=&#8221;{}&#8221;][et_pb_column type=&#8221;4_4&#8243; _builder_version=&#8221;4.27.4&#8243; _module_preset=&#8221;default&#8221; global_colors_info=&#8221;{}&#8221;][et_pb_heading title=&#8221;J\u00e4mkning av avvittring&#8221; admin_label=&#8221;J\u00e4mkning av avvittring&#8221; _builder_version=&#8221;4.27.4&#8243; _module_preset=&#8221;default&#8221; title_level=&#8221;h2&#8243; global_colors_info=&#8221;{}&#8221;][\/et_pb_heading][et_pb_text _builder_version=&#8221;4.27.4&#8243; _module_preset=&#8221;default&#8221; global_colors_info=&#8221;{}&#8221;]I vissa situationer kan en avvittring enligt huvudregeln leda till ett osk\u00e4ligt resultat eller till att den ena maken erh\u00e5ller en obefogad ekonomisk f\u00f6rdel. Detta kan exempelvis vara fallet vid ett mycket kortvarigt \u00e4ktenskap d\u00e4r den ena maken \u00e4r avsev\u00e4rt mer f\u00f6rm\u00f6gen \u00e4n den andra.<\/p>\n<p>I s\u00e5dana fall kan avvittringen j\u00e4mkas, vilket inneb\u00e4r att man avviker fr\u00e5n de allm\u00e4nna avvittringsreglerna. Vid j\u00e4mkning kan giftor\u00e4tten helt eller delvis uteslutas. Det \u00e4r \u00e4ven m\u00f6jligt att ett \u00e4ktenskapsf\u00f6rord helt eller delvis \u00e5sidos\u00e4tts.<\/p>\n<p>F\u00f6ruts\u00e4ttningarna f\u00f6r j\u00e4mkning \u00e4r dock strikta, och enligt r\u00e4ttspraxis till\u00e4mpas j\u00e4mkning endast i undantagsfall.<\/p>\n<p><strong>V\u00e5ra jurister bist\u00e5r i alla fr\u00e5gor som r\u00f6r j\u00e4mkning av avvittring.<\/strong>[\/et_pb_text][et_pb_button button_text=&#8221;Beg\u00e4r en kostnadsfri bed\u00f6mning av ditt \u00e4rende&#8221; _builder_version=&#8221;4.27.4&#8243; _module_preset=&#8221;default&#8221; custom_button=&#8221;on&#8221; button_icon=&#8221;&#x24;||divi||400&#8243; button_on_hover=&#8221;off&#8221; hover_enabled=&#8221;0&#8243; global_colors_info=&#8221;{}&#8221; button_url=&#8221;\/sv\/kontakt&#8221; sticky_enabled=&#8221;0&#8243;][\/et_pb_button][\/et_pb_column][\/et_pb_row][\/et_pb_section][et_pb_section fb_built=&#8221;1&#8243; module_id=&#8221;pesanjakaja-avioerotilanteessa&#8221; module_class=&#8221;content&#8211;section &#8221; _builder_version=&#8221;4.27.4&#8243; _module_preset=&#8221;default&#8221; global_colors_info=&#8221;{}&#8221;][et_pb_row module_class=&#8221;content&#8211;row&#8221; _builder_version=&#8221;4.27.4&#8243; _module_preset=&#8221;default&#8221; global_colors_info=&#8221;{}&#8221;][et_pb_column type=&#8221;4_4&#8243; _builder_version=&#8221;4.27.4&#8243; _module_preset=&#8221;default&#8221; global_colors_info=&#8221;{}&#8221;][et_pb_heading title=&#8221;Skiftesman vid \u00e4ktenskapsskillnad&#8221; admin_label=&#8221;Skiftesman vid \u00e4ktenskapsskillnad&#8221; module_id=&#8221;hinnanalennus-vahingonkorvaus-ja-kaupan-purkaminen&#8221; _builder_version=&#8221;4.27.4&#8243; _module_preset=&#8221;default&#8221; title_level=&#8221;h2&#8243; global_colors_info=&#8221;{}&#8221;][\/et_pb_heading][et_pb_text _builder_version=&#8221;4.27.4&#8243; _module_preset=&#8221;default&#8221; global_colors_info=&#8221;{}&#8221;]N\u00e4r \u00e4ktenskapet uppl\u00f6ses har vardera maken r\u00e4tt att ans\u00f6ka om att en skiftesman f\u00f6rordnas f\u00f6r att f\u00f6rr\u00e4tta avvittring eller \u00e5tskiljande av egendom. Ans\u00f6kan ges in till tingsr\u00e4tten p\u00e5 den ort d\u00e4r n\u00e5gon av makarna har hemvist.<\/p>\n<p>Skiftesmannen har omfattande befogenheter vid en avvittring. Han eller hon ska bland annat v\u00e4rdera egendomen, besluta om dess f\u00f6rdelning, tolka \u00e4ktenskapsf\u00f6rord, avg\u00f6ra \u00e4gandef\u00f6rh\u00e5llanden samt ta st\u00e4llning till om egendom omfattas av giftor\u00e4tt eller \u00e4r giftor\u00e4ttsfri. Skiftesmannen ska agera opartiskt och grunda sina avg\u00f6randen p\u00e5 den bevisning som f\u00f6religger.<\/p>\n<p>Avvittring eller \u00e5tskiljande av egendom som f\u00f6rr\u00e4ttats av skiftesman kan klandras vid tingsr\u00e4tten.<\/p>\n<p>V\u00e5ra jurister bist\u00e5r parterna vid f\u00f6rfaranden som leds av skiftesman och verkar \u00e4ven sj\u00e4lva som av domstol f\u00f6rordnade skiftesm\u00e4n.<\/p>\n<p><strong>V\u00e5r advokatbyr\u00e5 har kontor i Helsingfors och Borg\u00e5, men v\u00e5ra jurister betj\u00e4nar i hela Finland.<\/strong>[\/et_pb_text][et_pb_button button_text=&#8221;Beg\u00e4r en kostnadsfri bed\u00f6mning av ditt \u00e4rende&#8221; _builder_version=&#8221;4.27.4&#8243; _module_preset=&#8221;default&#8221; custom_button=&#8221;on&#8221; button_icon=&#8221;&#x24;||divi||400&#8243; button_on_hover=&#8221;off&#8221; hover_enabled=&#8221;0&#8243; global_colors_info=&#8221;{}&#8221; button_url=&#8221;\/sv\/kontakt&#8221; sticky_enabled=&#8221;0&#8243;][\/et_pb_button][\/et_pb_column][\/et_pb_row][\/et_pb_section]<\/p>\n","protected":false},"excerpt":{"rendered":"<p>\u00c4ktenskapet medf\u00f6r betydande f\u00f6rm\u00f6genhetsr\u00e4ttsliga konsekvenser som det \u00e4r viktigt att k\u00e4nna till redan n\u00e4r \u00e4ktenskap ing\u00e5s. Vi bist\u00e5r i alla fr\u00e5gor som r\u00f6r \u00e4ktenskapsf\u00f6rm\u00f6genhetsr\u00e4tt, bland annat: &nbsp; uppr\u00e4ttande av \u00e4ktenskapsf\u00f6rord uppr\u00e4ttande av avtal om till\u00e4mplig lag f\u00f6r makars f\u00f6rm\u00f6genhetsf\u00f6rh\u00e5llanden handl\u00e4ggning av avvittring vid \u00e4ktenskapsskillnad uppr\u00e4ttande av avvittringsavtal fr\u00e5gor som r\u00f6r internationella \u00e4ktenskap bitr\u00e4de vid avvittringar [&hellip;]<\/p>\n","protected":false},"author":1,"featured_media":0,"parent":453,"menu_order":0,"comment_status":"closed","ping_status":"closed","template":"","meta":{"_et_pb_use_builder":"on","_et_pb_old_content":"","_et_gb_content_width":"","footnotes":""},"class_list":["post-725","page","type-page","status-publish","hentry"],"yoast_head":"<!-- This site is optimized with the Yoast SEO plugin v27.4 - https:\/\/yoast.com\/product\/yoast-seo-wordpress\/ -->\n<title>Aviovarallisuusoikeus Helsinki | Avioehto ja ositus - Lakimies<\/title>\n<meta name=\"description\" content=\"Avioehto, ositus ja aviovarallisuusasiat Helsingiss\u00e4. Kokenut lakimies auttaa avio-oikeudessa, omaisuuden erottelussa ja pes\u00e4njaossa.\" \/>\n<meta name=\"robots\" content=\"index, follow, max-snippet:-1, max-image-preview:large, max-video-preview:-1\" \/>\n<link rel=\"canonical\" href=\"https:\/\/johanbutzow.fi\/sv\/vara-tjanster\/aktenskapsformogenhetsratt\/\" \/>\n<meta property=\"og:locale\" content=\"sv_SE\" \/>\n<meta property=\"og:type\" content=\"article\" \/>\n<meta property=\"og:title\" content=\"Aviovarallisuusoikeus Helsinki | Avioehto ja ositus - Lakimies\" \/>\n<meta property=\"og:description\" content=\"Avioehto, ositus ja aviovarallisuusasiat Helsingiss\u00e4. Kokenut lakimies auttaa avio-oikeudessa, omaisuuden erottelussa ja pes\u00e4njaossa.\" \/>\n<meta property=\"og:url\" content=\"https:\/\/johanbutzow.fi\/sv\/vara-tjanster\/aktenskapsformogenhetsratt\/\" \/>\n<meta property=\"og:site_name\" content=\"Asianajotoimisto Johan Butzow Oy\" \/>\n<meta property=\"article:modified_time\" content=\"2026-01-20T11:26:15+00:00\" \/>\n<meta name=\"twitter:card\" content=\"summary_large_image\" \/>\n<meta name=\"twitter:label1\" content=\"Ber\u00e4knad l\u00e4stid\" \/>\n\t<meta name=\"twitter:data1\" content=\"6 minuter\" \/>\n<script type=\"application\/ld+json\" class=\"yoast-schema-graph\">{\"@context\":\"https:\\\/\\\/schema.org\",\"@graph\":[{\"@type\":\"WebPage\",\"@id\":\"https:\\\/\\\/johanbutzow.fi\\\/sv\\\/vara-tjanster\\\/aktenskapsformogenhetsratt\\\/\",\"url\":\"https:\\\/\\\/johanbutzow.fi\\\/sv\\\/vara-tjanster\\\/aktenskapsformogenhetsratt\\\/\",\"name\":\"Aviovarallisuusoikeus Helsinki | Avioehto ja ositus - Lakimies\",\"isPartOf\":{\"@id\":\"https:\\\/\\\/johanbutzow.fi\\\/sv\\\/#website\"},\"datePublished\":\"2025-10-16T07:38:08+00:00\",\"dateModified\":\"2026-01-20T11:26:15+00:00\",\"description\":\"Avioehto, ositus ja aviovarallisuusasiat Helsingiss\u00e4. Kokenut lakimies auttaa avio-oikeudessa, omaisuuden erottelussa ja pes\u00e4njaossa.\",\"breadcrumb\":{\"@id\":\"https:\\\/\\\/johanbutzow.fi\\\/sv\\\/vara-tjanster\\\/aktenskapsformogenhetsratt\\\/#breadcrumb\"},\"inLanguage\":\"sv-SE\",\"potentialAction\":[{\"@type\":\"ReadAction\",\"target\":[\"https:\\\/\\\/johanbutzow.fi\\\/sv\\\/vara-tjanster\\\/aktenskapsformogenhetsratt\\\/\"]}]},{\"@type\":\"BreadcrumbList\",\"@id\":\"https:\\\/\\\/johanbutzow.fi\\\/sv\\\/vara-tjanster\\\/aktenskapsformogenhetsratt\\\/#breadcrumb\",\"itemListElement\":[{\"@type\":\"ListItem\",\"position\":1,\"name\":\"Home\",\"item\":\"https:\\\/\\\/johanbutzow.fi\\\/sv\\\/\"},{\"@type\":\"ListItem\",\"position\":2,\"name\":\"V\u00e5ra tj\u00e4nster\",\"item\":\"https:\\\/\\\/johanbutzow.fi\\\/sv\\\/vara-tjanster\\\/\"},{\"@type\":\"ListItem\",\"position\":3,\"name\":\"\u00c4ktenskapsf\u00f6rm\u00f6genhetsr\u00e4tt\"}]},{\"@type\":\"WebSite\",\"@id\":\"https:\\\/\\\/johanbutzow.fi\\\/sv\\\/#website\",\"url\":\"https:\\\/\\\/johanbutzow.fi\\\/sv\\\/\",\"name\":\"Asianajotoimisto Johan Butzow Oy\",\"description\":\"\",\"potentialAction\":[{\"@type\":\"SearchAction\",\"target\":{\"@type\":\"EntryPoint\",\"urlTemplate\":\"https:\\\/\\\/johanbutzow.fi\\\/sv\\\/?s={search_term_string}\"},\"query-input\":{\"@type\":\"PropertyValueSpecification\",\"valueRequired\":true,\"valueName\":\"search_term_string\"}}],\"inLanguage\":\"sv-SE\"}]}<\/script>\n<!-- \/ Yoast SEO plugin. -->","yoast_head_json":{"title":"Aviovarallisuusoikeus Helsinki | Avioehto ja ositus - Lakimies","description":"Avioehto, ositus ja aviovarallisuusasiat Helsingiss\u00e4. Kokenut lakimies auttaa avio-oikeudessa, omaisuuden erottelussa ja pes\u00e4njaossa.","robots":{"index":"index","follow":"follow","max-snippet":"max-snippet:-1","max-image-preview":"max-image-preview:large","max-video-preview":"max-video-preview:-1"},"canonical":"https:\/\/johanbutzow.fi\/sv\/vara-tjanster\/aktenskapsformogenhetsratt\/","og_locale":"sv_SE","og_type":"article","og_title":"Aviovarallisuusoikeus Helsinki | Avioehto ja ositus - Lakimies","og_description":"Avioehto, ositus ja aviovarallisuusasiat Helsingiss\u00e4. Kokenut lakimies auttaa avio-oikeudessa, omaisuuden erottelussa ja pes\u00e4njaossa.","og_url":"https:\/\/johanbutzow.fi\/sv\/vara-tjanster\/aktenskapsformogenhetsratt\/","og_site_name":"Asianajotoimisto Johan Butzow Oy","article_modified_time":"2026-01-20T11:26:15+00:00","twitter_card":"summary_large_image","twitter_misc":{"Ber\u00e4knad l\u00e4stid":"6 minuter"},"schema":{"@context":"https:\/\/schema.org","@graph":[{"@type":"WebPage","@id":"https:\/\/johanbutzow.fi\/sv\/vara-tjanster\/aktenskapsformogenhetsratt\/","url":"https:\/\/johanbutzow.fi\/sv\/vara-tjanster\/aktenskapsformogenhetsratt\/","name":"Aviovarallisuusoikeus Helsinki | Avioehto ja ositus - Lakimies","isPartOf":{"@id":"https:\/\/johanbutzow.fi\/sv\/#website"},"datePublished":"2025-10-16T07:38:08+00:00","dateModified":"2026-01-20T11:26:15+00:00","description":"Avioehto, ositus ja aviovarallisuusasiat Helsingiss\u00e4. Kokenut lakimies auttaa avio-oikeudessa, omaisuuden erottelussa ja pes\u00e4njaossa.","breadcrumb":{"@id":"https:\/\/johanbutzow.fi\/sv\/vara-tjanster\/aktenskapsformogenhetsratt\/#breadcrumb"},"inLanguage":"sv-SE","potentialAction":[{"@type":"ReadAction","target":["https:\/\/johanbutzow.fi\/sv\/vara-tjanster\/aktenskapsformogenhetsratt\/"]}]},{"@type":"BreadcrumbList","@id":"https:\/\/johanbutzow.fi\/sv\/vara-tjanster\/aktenskapsformogenhetsratt\/#breadcrumb","itemListElement":[{"@type":"ListItem","position":1,"name":"Home","item":"https:\/\/johanbutzow.fi\/sv\/"},{"@type":"ListItem","position":2,"name":"V\u00e5ra tj\u00e4nster","item":"https:\/\/johanbutzow.fi\/sv\/vara-tjanster\/"},{"@type":"ListItem","position":3,"name":"\u00c4ktenskapsf\u00f6rm\u00f6genhetsr\u00e4tt"}]},{"@type":"WebSite","@id":"https:\/\/johanbutzow.fi\/sv\/#website","url":"https:\/\/johanbutzow.fi\/sv\/","name":"Asianajotoimisto Johan Butzow Oy","description":"","potentialAction":[{"@type":"SearchAction","target":{"@type":"EntryPoint","urlTemplate":"https:\/\/johanbutzow.fi\/sv\/?s={search_term_string}"},"query-input":{"@type":"PropertyValueSpecification","valueRequired":true,"valueName":"search_term_string"}}],"inLanguage":"sv-SE"}]}},"_links":{"self":[{"href":"https:\/\/johanbutzow.fi\/sv\/wp-json\/wp\/v2\/pages\/725","targetHints":{"allow":["GET"]}}],"collection":[{"href":"https:\/\/johanbutzow.fi\/sv\/wp-json\/wp\/v2\/pages"}],"about":[{"href":"https:\/\/johanbutzow.fi\/sv\/wp-json\/wp\/v2\/types\/page"}],"author":[{"embeddable":true,"href":"https:\/\/johanbutzow.fi\/sv\/wp-json\/wp\/v2\/users\/1"}],"replies":[{"embeddable":true,"href":"https:\/\/johanbutzow.fi\/sv\/wp-json\/wp\/v2\/comments?post=725"}],"version-history":[{"count":4,"href":"https:\/\/johanbutzow.fi\/sv\/wp-json\/wp\/v2\/pages\/725\/revisions"}],"predecessor-version":[{"id":872,"href":"https:\/\/johanbutzow.fi\/sv\/wp-json\/wp\/v2\/pages\/725\/revisions\/872"}],"up":[{"embeddable":true,"href":"https:\/\/johanbutzow.fi\/sv\/wp-json\/wp\/v2\/pages\/453"}],"wp:attachment":[{"href":"https:\/\/johanbutzow.fi\/sv\/wp-json\/wp\/v2\/media?parent=725"}],"curies":[{"name":"wp","href":"https:\/\/api.w.org\/{rel}","templated":true}]}}