{"id":749,"date":"2025-10-16T11:57:03","date_gmt":"2025-10-16T08:57:03","guid":{"rendered":"https:\/\/johanbutzow.fi\/palvelut\/tyooikeus\/"},"modified":"2026-01-20T14:23:54","modified_gmt":"2026-01-20T12:23:54","slug":"arbetsratt","status":"publish","type":"page","link":"https:\/\/johanbutzow.fi\/sv\/vara-tjanster\/arbetsratt\/","title":{"rendered":"Arbetsr\u00e4tt"},"content":{"rendered":"<p>[et_pb_section fb_built=&#8221;1&#8243; module_class=&#8221;header&#8211;section&#8221; _builder_version=&#8221;4.27.4&#8243; _module_preset=&#8221;default&#8221; use_background_color_gradient=&#8221;on&#8221; background_color_gradient_stops=&#8221;rgba(26,26,26,0.95) 0%|rgba(26,26,26,0.83) 100%&#8221; background_color_gradient_overlays_image=&#8221;on&#8221; background_image=&#8221;\/wp-content\/uploads\/2025\/09\/ASIANAJOTOIMISTO-JOHAN-BUTZOW-avioero-ja-omaisuudenjako.jpg&#8221; global_colors_info=&#8221;{}&#8221;][et_pb_row module_class=&#8221;header&#8211;row&#8221; _builder_version=&#8221;4.27.4&#8243; _module_preset=&#8221;default&#8221; global_colors_info=&#8221;{}&#8221;][et_pb_column type=&#8221;4_4&#8243; _builder_version=&#8221;4.27.4&#8243; _module_preset=&#8221;default&#8221; global_colors_info=&#8221;{}&#8221;][et_pb_heading title=&#8221;Arbetsavtal, upph\u00e4vande av arbetsavtal och anst\u00e4llnings\u00e4renden | Arbetsr\u00e4ttsexpert i Helsingfors och Borg\u00e5&#8221; disabled_on=&#8221;off|off|off&#8221; admin_label=&#8221;Arbetsavtal, upph\u00e4vande av arbetsavtal och anst\u00e4llnings\u00e4renden | Arbetsr\u00e4ttsexpert i Helsingfors och Borg\u00e5&#8221; module_class=&#8221;mb&#8211;0&#8243; _builder_version=&#8221;4.27.4&#8243; _module_preset=&#8221;default&#8221; title_level=&#8221;h4&#8243; hover_enabled=&#8221;0&#8243; global_colors_info=&#8221;{}&#8221; sticky_enabled=&#8221;0&#8243;][\/et_pb_heading][et_pb_heading title=&#8221;Arbetsr\u00e4tt&#8221; admin_label=&#8221;Arbetsr\u00e4tt&#8221; _builder_version=&#8221;4.27.4&#8243; _module_preset=&#8221;default&#8221; global_colors_info=&#8221;{}&#8221;][\/et_pb_heading][et_pb_text _builder_version=&#8221;4.27.4&#8243; _module_preset=&#8221;default&#8221; global_colors_info=&#8221;{}&#8221;]Arbetsr\u00e4tten ber\u00f6r n\u00e4stan alla m\u00e4nniskor i n\u00e5got skede av livet och \u00e4r ett r\u00e4ttsomr\u00e5de som \u00e4r mycket strikt reglerat. Arbetslagstiftningen \u00e4r till stora delar tvingande, vilket inneb\u00e4r att best\u00e4mmelserna inte kan \u00e5sidos\u00e4ttas till nackdel f\u00f6r arbetstagaren. Ut\u00f6ver lagstiftningen p\u00e5verkas arbetsgivarens och arbetstagarens r\u00e4ttigheter och skyldigheter ofta \u00e4ven av kollektivavtal.[\/et_pb_text][et_pb_button button_text=&#8221;Beg\u00e4r en kostnadsfri bed\u00f6mning av ditt \u00e4rende&#8221; _builder_version=&#8221;4.27.4&#8243; _module_preset=&#8221;default&#8221; custom_button=&#8221;on&#8221; button_icon=&#8221;&#x24;||divi||400&#8243; button_on_hover=&#8221;off&#8221; hover_enabled=&#8221;0&#8243; global_colors_info=&#8221;{}&#8221; button_url=&#8221;\/sv\/kontakt&#8221; sticky_enabled=&#8221;0&#8243;][\/et_pb_button][\/et_pb_column][\/et_pb_row][\/et_pb_section][et_pb_section fb_built=&#8221;1&#8243; module_id=&#8221;ositus&#8221; module_class=&#8221;content&#8211;section bg&#8211;custom&#8211;2&#8211;alpha&#8221; _builder_version=&#8221;4.27.4&#8243; _module_preset=&#8221;default&#8221; global_colors_info=&#8221;{}&#8221;][et_pb_row module_class=&#8221;content&#8211;row&#8221; _builder_version=&#8221;4.27.4&#8243; _module_preset=&#8221;default&#8221; global_colors_info=&#8221;{}&#8221;][et_pb_column type=&#8221;4_4&#8243; _builder_version=&#8221;4.27.4&#8243; _module_preset=&#8221;default&#8221; global_colors_info=&#8221;{}&#8221;][et_pb_text _builder_version=&#8221;4.27.4&#8243; _module_preset=&#8221;default&#8221; global_colors_info=&#8221;{}&#8221;]Regleringen av arbetstagarens sociala trygghet har ocks\u00e5 betydelse f\u00f6r b\u00e5da parter, eftersom den bland annat omfattar best\u00e4mmelser om arbetspensioner, olycksfallsf\u00f6rs\u00e4kring, arbetsl\u00f6shetsskydd och sjukf\u00f6rs\u00e4kring.<\/p>\n<p>I kollektivavtal och tj\u00e4nstekollektivavtal regleras anst\u00e4llningsvillkor p\u00e5 kollektiv niv\u00e5. Under vissa f\u00f6ruts\u00e4ttningar \u00e4r det dock \u00e4ven m\u00f6jligt att p\u00e5 arbetsplatsen ing\u00e5 lokala avtal, genom vilka man kan avvika fr\u00e5n vissa best\u00e4mmelser i kollektivavtalet. M\u00f6jligheterna till lokal \u00f6verenskommelse regleras i respektive kollektivavtal och varierar avsev\u00e4rt mellan olika branscher. I b\u00e4sta fall m\u00f6jligg\u00f6r lokala avtal att s\u00e4rskilda f\u00f6rh\u00e5llanden p\u00e5 arbetsplatsen kan beaktas till f\u00f6rdel f\u00f6r b\u00e5de arbetsgivare och arbetstagare. V\u00e5ra jurister bist\u00e5r vid f\u00f6rhandling och ing\u00e5ende av lokala avtal.<\/p>\n<p>Arbetsgivaren har ett flertal arbetsr\u00e4ttsliga skyldigheter som b\u00f6r beaktas i god tid. Arbetsgivaren ska bland annat s\u00e4kerst\u00e4lla att anst\u00e4llningsavtalen \u00f6verensst\u00e4mmer med lag och till\u00e4mpliga kollektivavtal, svara f\u00f6r arbetarskyddet, se till att g\u00e4llande lagstiftning f\u00f6ljs samt vid behov s\u00e4kerst\u00e4lla att anst\u00e4llningsf\u00f6rh\u00e5llandet avslutas p\u00e5 ett korrekt och lagenligt s\u00e4tt. F\u00f6r arbetsgivaren \u00e4r det ofta \u00e4ndam\u00e5lsenligt att f\u00f6rebygga risker och tvister genom att s\u00e4kerst\u00e4lla att samtliga skyldigheter fullg\u00f6rs p\u00e5 beh\u00f6rigt s\u00e4tt. V\u00e5r advokatbyr\u00e5 bist\u00e5r i dessa fr\u00e5gor genom att erbjuda omfattande arbetsr\u00e4ttslig r\u00e5dgivning med syfte att f\u00f6rebygga tvistsituationer.<\/p>\n<p>Ur arbetstagarens perspektiv r\u00f6r arbetsr\u00e4ttsliga problem ofta anst\u00e4llningsvillkor, \u00e4ndringar av villkoren, upprepade visstidsanst\u00e4llningar, l\u00f6nefordringar, arbetstid, diskriminering eller situationer som g\u00e4ller upps\u00e4gning av anst\u00e4llningsf\u00f6rh\u00e5llandet. Vi bist\u00e5r arbetstagare i samtliga arbetsr\u00e4ttsliga fr\u00e5gor.<\/p>\n<p>V\u00e5ra jurister bist\u00e5r b\u00e5de arbetsgivare och arbetstagare i alla arbetsr\u00e4ttsliga \u00e4renden och arbetstvister. Vi medverkar i arbetsr\u00e4ttsliga f\u00f6rlikningsf\u00f6rhandlingar, bland annat i fr\u00e5gor som g\u00e4ller lokala avtal eller avtal om upph\u00f6rande av anst\u00e4llningsf\u00f6rh\u00e5llande. D\u00e4rut\u00f6ver bitr\u00e4der vi i alla typer av arbetsr\u00e4ttsliga tvister, s\u00e5som tvister som g\u00e4ller avslutande av anst\u00e4llning, p\u00e5st\u00e5dd diskriminering eller fr\u00e5gor som r\u00f6r arbetarskydd.<\/p>\n<p><strong>V\u00e5r advokatbyr\u00e5 har kontor i Helsingfors och Borg\u00e5, men v\u00e5ra jurister betj\u00e4nar i hela Finland.<\/strong>[\/et_pb_text][et_pb_button button_text=&#8221;Beg\u00e4r en kostnadsfri bed\u00f6mning av ditt \u00e4rende&#8221; _builder_version=&#8221;4.27.4&#8243; _module_preset=&#8221;default&#8221; custom_button=&#8221;on&#8221; button_icon=&#8221;&#x24;||divi||400&#8243; button_on_hover=&#8221;off&#8221; hover_enabled=&#8221;0&#8243; global_colors_info=&#8221;{}&#8221; button_url=&#8221;\/sv\/kontakt&#8221; sticky_enabled=&#8221;0&#8243;][\/et_pb_button][\/et_pb_column][\/et_pb_row][\/et_pb_section]<\/p>\n","protected":false},"excerpt":{"rendered":"<p>Arbetsr\u00e4tten ber\u00f6r n\u00e4stan alla m\u00e4nniskor i n\u00e5got skede av livet och \u00e4r ett r\u00e4ttsomr\u00e5de som \u00e4r mycket strikt reglerat. Arbetslagstiftningen \u00e4r till stora delar tvingande, vilket inneb\u00e4r att best\u00e4mmelserna inte kan \u00e5sidos\u00e4ttas till nackdel f\u00f6r arbetstagaren. Ut\u00f6ver lagstiftningen p\u00e5verkas arbetsgivarens och arbetstagarens r\u00e4ttigheter och skyldigheter ofta \u00e4ven av kollektivavtal.Regleringen av arbetstagarens sociala trygghet har ocks\u00e5 [&hellip;]<\/p>\n","protected":false},"author":1,"featured_media":0,"parent":453,"menu_order":0,"comment_status":"closed","ping_status":"closed","template":"","meta":{"_et_pb_use_builder":"on","_et_pb_old_content":"","_et_gb_content_width":"","footnotes":""},"class_list":["post-749","page","type-page","status-publish","hentry"],"yoast_head":"<!-- This site is optimized with the Yoast SEO plugin v27.4 - https:\/\/yoast.com\/product\/yoast-seo-wordpress\/ -->\n<title>Ty\u00f6oikeus Helsinki | Ty\u00f6sopimukset ja irtisanomiset - Lakimies<\/title>\n<meta name=\"description\" content=\"Ty\u00f6oikeuden asiantuntija Helsingiss\u00e4. Lakimies auttaa ty\u00f6sopimuksissa, irtisanomisissa, ty\u00f6suhderiidoissa ja kilpailukiellossa.\" \/>\n<meta name=\"robots\" content=\"index, follow, max-snippet:-1, max-image-preview:large, max-video-preview:-1\" \/>\n<link rel=\"canonical\" href=\"https:\/\/johanbutzow.fi\/sv\/vara-tjanster\/arbetsratt\/\" \/>\n<meta property=\"og:locale\" content=\"sv_SE\" \/>\n<meta property=\"og:type\" content=\"article\" \/>\n<meta property=\"og:title\" content=\"Ty\u00f6oikeus Helsinki | Ty\u00f6sopimukset ja irtisanomiset - Lakimies\" \/>\n<meta property=\"og:description\" content=\"Ty\u00f6oikeuden asiantuntija Helsingiss\u00e4. Lakimies auttaa ty\u00f6sopimuksissa, irtisanomisissa, ty\u00f6suhderiidoissa ja kilpailukiellossa.\" \/>\n<meta property=\"og:url\" content=\"https:\/\/johanbutzow.fi\/sv\/vara-tjanster\/arbetsratt\/\" \/>\n<meta property=\"og:site_name\" content=\"Asianajotoimisto Johan Butzow Oy\" \/>\n<meta property=\"article:modified_time\" content=\"2026-01-20T12:23:54+00:00\" \/>\n<meta name=\"twitter:card\" content=\"summary_large_image\" \/>\n<meta name=\"twitter:label1\" content=\"Ber\u00e4knad l\u00e4stid\" \/>\n\t<meta name=\"twitter:data1\" content=\"3 minuter\" \/>\n<script type=\"application\/ld+json\" class=\"yoast-schema-graph\">{\"@context\":\"https:\\\/\\\/schema.org\",\"@graph\":[{\"@type\":\"WebPage\",\"@id\":\"https:\\\/\\\/johanbutzow.fi\\\/sv\\\/vara-tjanster\\\/arbetsratt\\\/\",\"url\":\"https:\\\/\\\/johanbutzow.fi\\\/sv\\\/vara-tjanster\\\/arbetsratt\\\/\",\"name\":\"Ty\u00f6oikeus Helsinki | Ty\u00f6sopimukset ja irtisanomiset - Lakimies\",\"isPartOf\":{\"@id\":\"https:\\\/\\\/johanbutzow.fi\\\/sv\\\/#website\"},\"datePublished\":\"2025-10-16T08:57:03+00:00\",\"dateModified\":\"2026-01-20T12:23:54+00:00\",\"description\":\"Ty\u00f6oikeuden asiantuntija Helsingiss\u00e4. Lakimies auttaa ty\u00f6sopimuksissa, irtisanomisissa, ty\u00f6suhderiidoissa ja kilpailukiellossa.\",\"breadcrumb\":{\"@id\":\"https:\\\/\\\/johanbutzow.fi\\\/sv\\\/vara-tjanster\\\/arbetsratt\\\/#breadcrumb\"},\"inLanguage\":\"sv-SE\",\"potentialAction\":[{\"@type\":\"ReadAction\",\"target\":[\"https:\\\/\\\/johanbutzow.fi\\\/sv\\\/vara-tjanster\\\/arbetsratt\\\/\"]}]},{\"@type\":\"BreadcrumbList\",\"@id\":\"https:\\\/\\\/johanbutzow.fi\\\/sv\\\/vara-tjanster\\\/arbetsratt\\\/#breadcrumb\",\"itemListElement\":[{\"@type\":\"ListItem\",\"position\":1,\"name\":\"Home\",\"item\":\"https:\\\/\\\/johanbutzow.fi\\\/sv\\\/\"},{\"@type\":\"ListItem\",\"position\":2,\"name\":\"V\u00e5ra tj\u00e4nster\",\"item\":\"https:\\\/\\\/johanbutzow.fi\\\/sv\\\/vara-tjanster\\\/\"},{\"@type\":\"ListItem\",\"position\":3,\"name\":\"Arbetsr\u00e4tt\"}]},{\"@type\":\"WebSite\",\"@id\":\"https:\\\/\\\/johanbutzow.fi\\\/sv\\\/#website\",\"url\":\"https:\\\/\\\/johanbutzow.fi\\\/sv\\\/\",\"name\":\"Asianajotoimisto Johan Butzow Oy\",\"description\":\"\",\"potentialAction\":[{\"@type\":\"SearchAction\",\"target\":{\"@type\":\"EntryPoint\",\"urlTemplate\":\"https:\\\/\\\/johanbutzow.fi\\\/sv\\\/?s={search_term_string}\"},\"query-input\":{\"@type\":\"PropertyValueSpecification\",\"valueRequired\":true,\"valueName\":\"search_term_string\"}}],\"inLanguage\":\"sv-SE\"}]}<\/script>\n<!-- \/ Yoast SEO plugin. -->","yoast_head_json":{"title":"Ty\u00f6oikeus Helsinki | Ty\u00f6sopimukset ja irtisanomiset - Lakimies","description":"Ty\u00f6oikeuden asiantuntija Helsingiss\u00e4. Lakimies auttaa ty\u00f6sopimuksissa, irtisanomisissa, ty\u00f6suhderiidoissa ja kilpailukiellossa.","robots":{"index":"index","follow":"follow","max-snippet":"max-snippet:-1","max-image-preview":"max-image-preview:large","max-video-preview":"max-video-preview:-1"},"canonical":"https:\/\/johanbutzow.fi\/sv\/vara-tjanster\/arbetsratt\/","og_locale":"sv_SE","og_type":"article","og_title":"Ty\u00f6oikeus Helsinki | Ty\u00f6sopimukset ja irtisanomiset - Lakimies","og_description":"Ty\u00f6oikeuden asiantuntija Helsingiss\u00e4. Lakimies auttaa ty\u00f6sopimuksissa, irtisanomisissa, ty\u00f6suhderiidoissa ja kilpailukiellossa.","og_url":"https:\/\/johanbutzow.fi\/sv\/vara-tjanster\/arbetsratt\/","og_site_name":"Asianajotoimisto Johan Butzow Oy","article_modified_time":"2026-01-20T12:23:54+00:00","twitter_card":"summary_large_image","twitter_misc":{"Ber\u00e4knad l\u00e4stid":"3 minuter"},"schema":{"@context":"https:\/\/schema.org","@graph":[{"@type":"WebPage","@id":"https:\/\/johanbutzow.fi\/sv\/vara-tjanster\/arbetsratt\/","url":"https:\/\/johanbutzow.fi\/sv\/vara-tjanster\/arbetsratt\/","name":"Ty\u00f6oikeus Helsinki | Ty\u00f6sopimukset ja irtisanomiset - Lakimies","isPartOf":{"@id":"https:\/\/johanbutzow.fi\/sv\/#website"},"datePublished":"2025-10-16T08:57:03+00:00","dateModified":"2026-01-20T12:23:54+00:00","description":"Ty\u00f6oikeuden asiantuntija Helsingiss\u00e4. Lakimies auttaa ty\u00f6sopimuksissa, irtisanomisissa, ty\u00f6suhderiidoissa ja kilpailukiellossa.","breadcrumb":{"@id":"https:\/\/johanbutzow.fi\/sv\/vara-tjanster\/arbetsratt\/#breadcrumb"},"inLanguage":"sv-SE","potentialAction":[{"@type":"ReadAction","target":["https:\/\/johanbutzow.fi\/sv\/vara-tjanster\/arbetsratt\/"]}]},{"@type":"BreadcrumbList","@id":"https:\/\/johanbutzow.fi\/sv\/vara-tjanster\/arbetsratt\/#breadcrumb","itemListElement":[{"@type":"ListItem","position":1,"name":"Home","item":"https:\/\/johanbutzow.fi\/sv\/"},{"@type":"ListItem","position":2,"name":"V\u00e5ra tj\u00e4nster","item":"https:\/\/johanbutzow.fi\/sv\/vara-tjanster\/"},{"@type":"ListItem","position":3,"name":"Arbetsr\u00e4tt"}]},{"@type":"WebSite","@id":"https:\/\/johanbutzow.fi\/sv\/#website","url":"https:\/\/johanbutzow.fi\/sv\/","name":"Asianajotoimisto Johan Butzow Oy","description":"","potentialAction":[{"@type":"SearchAction","target":{"@type":"EntryPoint","urlTemplate":"https:\/\/johanbutzow.fi\/sv\/?s={search_term_string}"},"query-input":{"@type":"PropertyValueSpecification","valueRequired":true,"valueName":"search_term_string"}}],"inLanguage":"sv-SE"}]}},"_links":{"self":[{"href":"https:\/\/johanbutzow.fi\/sv\/wp-json\/wp\/v2\/pages\/749","targetHints":{"allow":["GET"]}}],"collection":[{"href":"https:\/\/johanbutzow.fi\/sv\/wp-json\/wp\/v2\/pages"}],"about":[{"href":"https:\/\/johanbutzow.fi\/sv\/wp-json\/wp\/v2\/types\/page"}],"author":[{"embeddable":true,"href":"https:\/\/johanbutzow.fi\/sv\/wp-json\/wp\/v2\/users\/1"}],"replies":[{"embeddable":true,"href":"https:\/\/johanbutzow.fi\/sv\/wp-json\/wp\/v2\/comments?post=749"}],"version-history":[{"count":4,"href":"https:\/\/johanbutzow.fi\/sv\/wp-json\/wp\/v2\/pages\/749\/revisions"}],"predecessor-version":[{"id":887,"href":"https:\/\/johanbutzow.fi\/sv\/wp-json\/wp\/v2\/pages\/749\/revisions\/887"}],"up":[{"embeddable":true,"href":"https:\/\/johanbutzow.fi\/sv\/wp-json\/wp\/v2\/pages\/453"}],"wp:attachment":[{"href":"https:\/\/johanbutzow.fi\/sv\/wp-json\/wp\/v2\/media?parent=749"}],"curies":[{"name":"wp","href":"https:\/\/api.w.org\/{rel}","templated":true}]}}