{"id":760,"date":"2025-10-16T12:13:38","date_gmt":"2025-10-16T09:13:38","guid":{"rendered":"https:\/\/johanbutzow.fi\/palvelut\/vahingonkorvaus\/"},"modified":"2026-01-20T14:28:44","modified_gmt":"2026-01-20T12:28:44","slug":"skadestandsratt","status":"publish","type":"page","link":"https:\/\/johanbutzow.fi\/sv\/vara-tjanster\/skadestandsratt\/","title":{"rendered":"Skadest\u00e5ndsr\u00e4tt"},"content":{"rendered":"<p>[et_pb_section fb_built=&#8221;1&#8243; module_class=&#8221;header&#8211;section&#8221; _builder_version=&#8221;4.27.4&#8243; _module_preset=&#8221;default&#8221; use_background_color_gradient=&#8221;on&#8221; background_color_gradient_stops=&#8221;rgba(26,26,26,0.95) 0%|rgba(26,26,26,0.83) 100%&#8221; background_color_gradient_overlays_image=&#8221;on&#8221; background_image=&#8221;\/wp-content\/uploads\/2025\/09\/ASIANAJOTOIMISTO-JOHAN-BUTZOW-avioero-ja-omaisuudenjako.jpg&#8221; global_colors_info=&#8221;{}&#8221;][et_pb_row module_class=&#8221;header&#8211;row&#8221; _builder_version=&#8221;4.27.4&#8243; _module_preset=&#8221;default&#8221; global_colors_info=&#8221;{}&#8221;][et_pb_column type=&#8221;4_4&#8243; _builder_version=&#8221;4.27.4&#8243; _module_preset=&#8221;default&#8221; global_colors_info=&#8221;{}&#8221;][et_pb_heading title=&#8221;Skadest\u00e5nds\u00e4renden och skadest\u00e5ndskrav | jurist i Helsingfors och Borg\u00e5&#8221; disabled_on=&#8221;off|off|off&#8221; admin_label=&#8221;Skadest\u00e5nds\u00e4renden och skadest\u00e5ndskrav | jurist i Helsingfors och Borg\u00e5&#8221; module_class=&#8221;mb&#8211;0&#8243; _builder_version=&#8221;4.27.4&#8243; _module_preset=&#8221;default&#8221; title_level=&#8221;h4&#8243; hover_enabled=&#8221;0&#8243; global_colors_info=&#8221;{}&#8221; sticky_enabled=&#8221;0&#8243;][\/et_pb_heading][et_pb_heading title=&#8221;Skadest\u00e5ndsr\u00e4tt&#8221; admin_label=&#8221;Skadest\u00e5ndsr\u00e4tt&#8221; _builder_version=&#8221;4.27.4&#8243; _module_preset=&#8221;default&#8221; global_colors_info=&#8221;{}&#8221;][\/et_pb_heading][et_pb_text _builder_version=&#8221;4.27.4&#8243; _module_preset=&#8221;default&#8221; global_colors_info=&#8221;{}&#8221;]Skadest\u00e5ndets funktion \u00e4r att ers\u00e4tta den som har lidit skada och att s\u00e5 l\u00e5ngt som m\u00f6jligt \u00e5terst\u00e4lla situationen till det l\u00e4ge som hade r\u00e5tt om skadan inte hade intr\u00e4ffat.[\/et_pb_text][et_pb_button button_text=&#8221;Beg\u00e4r en kostnadsfri bed\u00f6mning av ditt \u00e4rende&#8221; _builder_version=&#8221;4.27.4&#8243; _module_preset=&#8221;default&#8221; custom_button=&#8221;on&#8221; button_icon=&#8221;&#x24;||divi||400&#8243; button_on_hover=&#8221;off&#8221; hover_enabled=&#8221;0&#8243; global_colors_info=&#8221;{}&#8221; button_url=&#8221;\/sv\/kontakt&#8221; sticky_enabled=&#8221;0&#8243;][\/et_pb_button][\/et_pb_column][\/et_pb_row][\/et_pb_section][et_pb_section fb_built=&#8221;1&#8243; module_id=&#8221;ositus&#8221; module_class=&#8221;content&#8211;section bg&#8211;custom&#8211;2&#8211;alpha&#8221; _builder_version=&#8221;4.27.4&#8243; _module_preset=&#8221;default&#8221; global_colors_info=&#8221;{}&#8221;][et_pb_row module_class=&#8221;content&#8211;row&#8221; _builder_version=&#8221;4.27.4&#8243; _module_preset=&#8221;default&#8221; global_colors_info=&#8221;{}&#8221;][et_pb_column type=&#8221;4_4&#8243; _builder_version=&#8221;4.27.4&#8243; _module_preset=&#8221;default&#8221; global_colors_info=&#8221;{}&#8221;][et_pb_text _builder_version=&#8221;4.27.4&#8243; _module_preset=&#8221;default&#8221; global_colors_info=&#8221;{}&#8221;]Skadest\u00e5nd kan avse personskada, sakskada, ren f\u00f6rm\u00f6genhetsskada samt ideell skada. Ers\u00e4ttning kan till exempel utg\u00e5 f\u00f6r inkomstbortfall, v\u00e5rdkostnader eller kostnader f\u00f6r reparation av skadad egendom. \u00c4ven indirekta skador kan i vissa fall ers\u00e4ttas.<\/p>\n<p>Skadest\u00e5ndsansvar kan grunda sig antingen p\u00e5 lag eller p\u00e5 avtal. Avtalsbaserat skadest\u00e5ndsansvar aktualiseras typiskt n\u00e4r en avtalspart har brutit mot avtalet eller \u00e5sidosatt sina avtalsf\u00f6rpliktelser och d\u00e4rigenom orsakat motparten skada. I skriftliga avtal regleras ofta f\u00f6ruts\u00e4ttningarna f\u00f6r ers\u00e4ttningsansvar och ibland \u00e4ven begr\u00e4nsningar av detta. D\u00e4rtill inneh\u00e5ller flera speciallagar s\u00e4rskilda best\u00e4mmelser om skadest\u00e5ndsansvar.[\/et_pb_text][et_pb_button button_text=&#8221;Beg\u00e4r en kostnadsfri bed\u00f6mning av ditt \u00e4rende&#8221; _builder_version=&#8221;4.27.4&#8243; _module_preset=&#8221;default&#8221; custom_button=&#8221;on&#8221; button_icon=&#8221;&#x24;||divi||400&#8243; button_on_hover=&#8221;off&#8221; hover_enabled=&#8221;0&#8243; global_colors_info=&#8221;{}&#8221; button_url=&#8221;\/sv\/kontakt&#8221; sticky_enabled=&#8221;0&#8243;][\/et_pb_button][\/et_pb_column][\/et_pb_row][\/et_pb_section][et_pb_section fb_built=&#8221;1&#8243; module_id=&#8221;ositus&#8221; module_class=&#8221;content&#8211;section&#8221; _builder_version=&#8221;4.27.4&#8243; _module_preset=&#8221;default&#8221; global_colors_info=&#8221;{}&#8221;][et_pb_row module_class=&#8221;content&#8211;row&#8221; _builder_version=&#8221;4.27.4&#8243; _module_preset=&#8221;default&#8221; global_colors_info=&#8221;{}&#8221;][et_pb_column type=&#8221;4_4&#8243; _builder_version=&#8221;4.27.4&#8243; _module_preset=&#8221;default&#8221; global_colors_info=&#8221;{}&#8221;][et_pb_text _builder_version=&#8221;4.27.4&#8243; _module_preset=&#8221;default&#8221; global_colors_info=&#8221;{}&#8221;]Alla skador medf\u00f6r dock inte r\u00e4tt till ers\u00e4ttning. Vid skadest\u00e5nd enligt skadest\u00e5ndslagen kr\u00e4vs i regel att skadan har orsakats genom upps\u00e5t eller v\u00e5rdsl\u00f6shet, vilket den skadelidande har att visa. Om ansvaret d\u00e4remot grundar sig p\u00e5 avtal, \u00e5ligger det i regel den skadev\u00e5llande parten att visa att denne inte har agerat v\u00e5rdsl\u00f6st. Inom vissa omr\u00e5den g\u00e4ller s\u00e5 kallat strikt ansvar, vilket inneb\u00e4r att ers\u00e4ttningsskyldighet kan uppkomma \u00e4ven utan v\u00e5rdsl\u00f6shet. Arbetsgivare svarar dessutom f\u00f6r skador som arbetstagare orsakar genom fel eller f\u00f6rsummelse i arbetet.<\/p>\n<p>F\u00f6r skadest\u00e5ndsansvar kr\u00e4vs ett orsakssamband mellan handlingen eller underl\u00e5tenheten och den uppkomna skadan. Skadan ska dessutom ha varit f\u00f6rutsebar. Om s\u00e5 inte \u00e4r fallet f\u00f6religger normalt inget ers\u00e4ttningsansvar. I vissa situationer kan skadans omfattning vara sv\u00e5r att exakt fastst\u00e4lla. Skadest\u00e5ndet kan d\u00e5 j\u00e4mkas, om ett fullt ers\u00e4ttningsansvar skulle framst\u00e5 som osk\u00e4ligt med h\u00e4nsyn till parternas ekonomiska f\u00f6rh\u00e5llanden och \u00f6vriga omst\u00e4ndigheter.<\/p>\n<p>Att framg\u00e5ngsrikt f\u00e5 ers\u00e4ttning f\u00f6ruts\u00e4tter en noggrann utredning av b\u00e5de skadan och dess orsak samt korrekt utformade krav. Av denna anledning \u00e4r det ofta klokt att anlita en sakkunnig i skadest\u00e5nds\u00e4renden.<\/p>\n<p>V\u00e5r advokatbyr\u00e5 bist\u00e5r med kvalificerad r\u00e5dgivning och vi bitr\u00e4der i alla typer av skadest\u00e5nds\u00e4renden. Vi f\u00f6retr\u00e4der s\u00e5v\u00e4l privatpersoner som f\u00f6retag.<\/p>\n<p>Om du beh\u00f6ver en erfaren och p\u00e5litlig advokat i skadest\u00e5ndsfr\u00e5gor \u00e4r du v\u00e4lkommen att kontakta oss f\u00f6r r\u00e5dgivning.<\/p>\n<p><strong>V\u00e5r advokatbyr\u00e5 har kontor i Helsingfors och Borg\u00e5, men v\u00e5ra jurister betj\u00e4nar i hela Finland.<\/strong>[\/et_pb_text][et_pb_button button_text=&#8221;Beg\u00e4r en kostnadsfri bed\u00f6mning av ditt \u00e4rende&#8221; _builder_version=&#8221;4.27.4&#8243; _module_preset=&#8221;default&#8221; custom_button=&#8221;on&#8221; button_icon=&#8221;&#x24;||divi||400&#8243; button_on_hover=&#8221;off&#8221; hover_enabled=&#8221;0&#8243; global_colors_info=&#8221;{}&#8221; button_url=&#8221;\/sv\/kontakt&#8221; sticky_enabled=&#8221;0&#8243;][\/et_pb_button][\/et_pb_column][\/et_pb_row][\/et_pb_section]<\/p>\n","protected":false},"excerpt":{"rendered":"<p>Skadest\u00e5ndets funktion \u00e4r att ers\u00e4tta den som har lidit skada och att s\u00e5 l\u00e5ngt som m\u00f6jligt \u00e5terst\u00e4lla situationen till det l\u00e4ge som hade r\u00e5tt om skadan inte hade intr\u00e4ffat.Skadest\u00e5nd kan avse personskada, sakskada, ren f\u00f6rm\u00f6genhetsskada samt ideell skada. Ers\u00e4ttning kan till exempel utg\u00e5 f\u00f6r inkomstbortfall, v\u00e5rdkostnader eller kostnader f\u00f6r reparation av skadad egendom. \u00c4ven indirekta [&hellip;]<\/p>\n","protected":false},"author":1,"featured_media":0,"parent":453,"menu_order":0,"comment_status":"closed","ping_status":"closed","template":"","meta":{"_et_pb_use_builder":"on","_et_pb_old_content":"","_et_gb_content_width":"","footnotes":""},"class_list":["post-760","page","type-page","status-publish","hentry"],"yoast_head":"<!-- This site is optimized with the Yoast SEO plugin v27.4 - https:\/\/yoast.com\/product\/yoast-seo-wordpress\/ -->\n<title>Vahingonkorvaus Helsinki | Vahingonkorvausasiat - Lakimies<\/title>\n<meta name=\"description\" content=\"Vahingonkorvauslakimies Helsingiss\u00e4. Asianajaja auttaa henkil\u00f6-, omaisuus- ja taloudellisten vahinkojen korvaamisessa ja neuvotteluissa.\" \/>\n<meta name=\"robots\" content=\"index, follow, max-snippet:-1, max-image-preview:large, max-video-preview:-1\" \/>\n<link rel=\"canonical\" href=\"https:\/\/johanbutzow.fi\/sv\/vara-tjanster\/skadestandsratt\/\" \/>\n<meta property=\"og:locale\" content=\"sv_SE\" \/>\n<meta property=\"og:type\" content=\"article\" \/>\n<meta property=\"og:title\" content=\"Vahingonkorvaus Helsinki | Vahingonkorvausasiat - Lakimies\" \/>\n<meta property=\"og:description\" content=\"Vahingonkorvauslakimies Helsingiss\u00e4. Asianajaja auttaa henkil\u00f6-, omaisuus- ja taloudellisten vahinkojen korvaamisessa ja neuvotteluissa.\" \/>\n<meta property=\"og:url\" content=\"https:\/\/johanbutzow.fi\/sv\/vara-tjanster\/skadestandsratt\/\" \/>\n<meta property=\"og:site_name\" content=\"Asianajotoimisto Johan Butzow Oy\" \/>\n<meta property=\"article:modified_time\" content=\"2026-01-20T12:28:44+00:00\" \/>\n<meta name=\"twitter:card\" content=\"summary_large_image\" \/>\n<meta name=\"twitter:label1\" content=\"Ber\u00e4knad l\u00e4stid\" \/>\n\t<meta name=\"twitter:data1\" content=\"3 minuter\" \/>\n<script type=\"application\/ld+json\" class=\"yoast-schema-graph\">{\"@context\":\"https:\\\/\\\/schema.org\",\"@graph\":[{\"@type\":\"WebPage\",\"@id\":\"https:\\\/\\\/johanbutzow.fi\\\/sv\\\/vara-tjanster\\\/skadestandsratt\\\/\",\"url\":\"https:\\\/\\\/johanbutzow.fi\\\/sv\\\/vara-tjanster\\\/skadestandsratt\\\/\",\"name\":\"Vahingonkorvaus Helsinki | Vahingonkorvausasiat - Lakimies\",\"isPartOf\":{\"@id\":\"https:\\\/\\\/johanbutzow.fi\\\/sv\\\/#website\"},\"datePublished\":\"2025-10-16T09:13:38+00:00\",\"dateModified\":\"2026-01-20T12:28:44+00:00\",\"description\":\"Vahingonkorvauslakimies Helsingiss\u00e4. Asianajaja auttaa henkil\u00f6-, omaisuus- ja taloudellisten vahinkojen korvaamisessa ja neuvotteluissa.\",\"breadcrumb\":{\"@id\":\"https:\\\/\\\/johanbutzow.fi\\\/sv\\\/vara-tjanster\\\/skadestandsratt\\\/#breadcrumb\"},\"inLanguage\":\"sv-SE\",\"potentialAction\":[{\"@type\":\"ReadAction\",\"target\":[\"https:\\\/\\\/johanbutzow.fi\\\/sv\\\/vara-tjanster\\\/skadestandsratt\\\/\"]}]},{\"@type\":\"BreadcrumbList\",\"@id\":\"https:\\\/\\\/johanbutzow.fi\\\/sv\\\/vara-tjanster\\\/skadestandsratt\\\/#breadcrumb\",\"itemListElement\":[{\"@type\":\"ListItem\",\"position\":1,\"name\":\"Home\",\"item\":\"https:\\\/\\\/johanbutzow.fi\\\/sv\\\/\"},{\"@type\":\"ListItem\",\"position\":2,\"name\":\"V\u00e5ra tj\u00e4nster\",\"item\":\"https:\\\/\\\/johanbutzow.fi\\\/sv\\\/vara-tjanster\\\/\"},{\"@type\":\"ListItem\",\"position\":3,\"name\":\"Skadest\u00e5ndsr\u00e4tt\"}]},{\"@type\":\"WebSite\",\"@id\":\"https:\\\/\\\/johanbutzow.fi\\\/sv\\\/#website\",\"url\":\"https:\\\/\\\/johanbutzow.fi\\\/sv\\\/\",\"name\":\"Asianajotoimisto Johan Butzow Oy\",\"description\":\"\",\"potentialAction\":[{\"@type\":\"SearchAction\",\"target\":{\"@type\":\"EntryPoint\",\"urlTemplate\":\"https:\\\/\\\/johanbutzow.fi\\\/sv\\\/?s={search_term_string}\"},\"query-input\":{\"@type\":\"PropertyValueSpecification\",\"valueRequired\":true,\"valueName\":\"search_term_string\"}}],\"inLanguage\":\"sv-SE\"}]}<\/script>\n<!-- \/ Yoast SEO plugin. -->","yoast_head_json":{"title":"Vahingonkorvaus Helsinki | Vahingonkorvausasiat - Lakimies","description":"Vahingonkorvauslakimies Helsingiss\u00e4. Asianajaja auttaa henkil\u00f6-, omaisuus- ja taloudellisten vahinkojen korvaamisessa ja neuvotteluissa.","robots":{"index":"index","follow":"follow","max-snippet":"max-snippet:-1","max-image-preview":"max-image-preview:large","max-video-preview":"max-video-preview:-1"},"canonical":"https:\/\/johanbutzow.fi\/sv\/vara-tjanster\/skadestandsratt\/","og_locale":"sv_SE","og_type":"article","og_title":"Vahingonkorvaus Helsinki | Vahingonkorvausasiat - Lakimies","og_description":"Vahingonkorvauslakimies Helsingiss\u00e4. Asianajaja auttaa henkil\u00f6-, omaisuus- ja taloudellisten vahinkojen korvaamisessa ja neuvotteluissa.","og_url":"https:\/\/johanbutzow.fi\/sv\/vara-tjanster\/skadestandsratt\/","og_site_name":"Asianajotoimisto Johan Butzow Oy","article_modified_time":"2026-01-20T12:28:44+00:00","twitter_card":"summary_large_image","twitter_misc":{"Ber\u00e4knad l\u00e4stid":"3 minuter"},"schema":{"@context":"https:\/\/schema.org","@graph":[{"@type":"WebPage","@id":"https:\/\/johanbutzow.fi\/sv\/vara-tjanster\/skadestandsratt\/","url":"https:\/\/johanbutzow.fi\/sv\/vara-tjanster\/skadestandsratt\/","name":"Vahingonkorvaus Helsinki | Vahingonkorvausasiat - Lakimies","isPartOf":{"@id":"https:\/\/johanbutzow.fi\/sv\/#website"},"datePublished":"2025-10-16T09:13:38+00:00","dateModified":"2026-01-20T12:28:44+00:00","description":"Vahingonkorvauslakimies Helsingiss\u00e4. Asianajaja auttaa henkil\u00f6-, omaisuus- ja taloudellisten vahinkojen korvaamisessa ja neuvotteluissa.","breadcrumb":{"@id":"https:\/\/johanbutzow.fi\/sv\/vara-tjanster\/skadestandsratt\/#breadcrumb"},"inLanguage":"sv-SE","potentialAction":[{"@type":"ReadAction","target":["https:\/\/johanbutzow.fi\/sv\/vara-tjanster\/skadestandsratt\/"]}]},{"@type":"BreadcrumbList","@id":"https:\/\/johanbutzow.fi\/sv\/vara-tjanster\/skadestandsratt\/#breadcrumb","itemListElement":[{"@type":"ListItem","position":1,"name":"Home","item":"https:\/\/johanbutzow.fi\/sv\/"},{"@type":"ListItem","position":2,"name":"V\u00e5ra tj\u00e4nster","item":"https:\/\/johanbutzow.fi\/sv\/vara-tjanster\/"},{"@type":"ListItem","position":3,"name":"Skadest\u00e5ndsr\u00e4tt"}]},{"@type":"WebSite","@id":"https:\/\/johanbutzow.fi\/sv\/#website","url":"https:\/\/johanbutzow.fi\/sv\/","name":"Asianajotoimisto Johan Butzow Oy","description":"","potentialAction":[{"@type":"SearchAction","target":{"@type":"EntryPoint","urlTemplate":"https:\/\/johanbutzow.fi\/sv\/?s={search_term_string}"},"query-input":{"@type":"PropertyValueSpecification","valueRequired":true,"valueName":"search_term_string"}}],"inLanguage":"sv-SE"}]}},"_links":{"self":[{"href":"https:\/\/johanbutzow.fi\/sv\/wp-json\/wp\/v2\/pages\/760","targetHints":{"allow":["GET"]}}],"collection":[{"href":"https:\/\/johanbutzow.fi\/sv\/wp-json\/wp\/v2\/pages"}],"about":[{"href":"https:\/\/johanbutzow.fi\/sv\/wp-json\/wp\/v2\/types\/page"}],"author":[{"embeddable":true,"href":"https:\/\/johanbutzow.fi\/sv\/wp-json\/wp\/v2\/users\/1"}],"replies":[{"embeddable":true,"href":"https:\/\/johanbutzow.fi\/sv\/wp-json\/wp\/v2\/comments?post=760"}],"version-history":[{"count":4,"href":"https:\/\/johanbutzow.fi\/sv\/wp-json\/wp\/v2\/pages\/760\/revisions"}],"predecessor-version":[{"id":892,"href":"https:\/\/johanbutzow.fi\/sv\/wp-json\/wp\/v2\/pages\/760\/revisions\/892"}],"up":[{"embeddable":true,"href":"https:\/\/johanbutzow.fi\/sv\/wp-json\/wp\/v2\/pages\/453"}],"wp:attachment":[{"href":"https:\/\/johanbutzow.fi\/sv\/wp-json\/wp\/v2\/media?parent=760"}],"curies":[{"name":"wp","href":"https:\/\/api.w.org\/{rel}","templated":true}]}}